{"id":209459,"date":"2025-12-26T02:58:44","date_gmt":"2025-12-25T23:58:44","guid":{"rendered":"https:\/\/baldumarket.lt\/?post_type=product&#038;p=209459"},"modified":"2026-04-05T11:56:10","modified_gmt":"2026-04-05T08:56:10","slug":"sofa-rozkladana-3-osobowa-diana-z-zaglowkami-gr0","status":"publish","type":"product","link":"https:\/\/baldumarket.lt\/lt\/product\/sofa-rozkladana-3-osobowa-diana-z-zaglowkami-gr0\/","title":{"rendered":"Diana triviet\u0117 sofa-lova su galvos atramomis Gr0"},"content":{"rendered":"<p>\u201eDiana\u201c sofa \u2013 tai rafinuotas tradicij\u0173 ir originalumo derinys puikiame stiliuje. Sukurta klientams, norintiems pabr\u0117\u017eti savo interjero charakter\u012f.<br \/>\nDianos specifikacijos:<br \/>\nBaldai pagaminti i\u0161 medinio r\u0117mo ir laminuotos plok\u0161t\u0117s,<br \/>\npatalyn\u0117s laikymo<br \/>\nmiego funkcija<br \/>\nzigzago spyruokli\u0173 su didelio elastingumo putomis \u012fd\u0117jimas<br \/>\nTechniniu audiniu aptrauktas atlo\u0161as, 2 reguliuojami galvos atlo\u0161ai, nedidelis patalyn\u0117s skyrius ir patog\u016bs porankiai.<br \/>\nBendras ilgis i\u0161skleistame: 228 cm<\/p>","protected":false},"excerpt":{"rendered":"<p>Plotis [cm]: 196-182<br \/>\nAuk\u0161tis [cm]: 103<br \/>\nGylis [cm]: 93\u2013228<br \/>\nMiegamasis plotas [cm]: 140 \u00d7 190<br \/>\nPagalv\u0117s tipas: be pagalvi\u0173 \/ fiksuotos pagalv\u0117s<\/p>","protected":false},"featured_media":339534,"comment_status":"open","ping_status":"closed","template":"","meta":[],"product_brand":[],"product_cat":[9133],"product_tag":[],"class_list":{"0":"post-209459","1":"product","2":"type-product","3":"status-publish","4":"has-post-thumbnail","6":"product_cat-grouped","8":"first","9":"instock","10":"shipping-taxable","11":"purchasable","12":"product-type-variable","13":"wvs-archive-product-wrapper"},"_links":{"self":[{"href":"https:\/\/baldumarket.lt\/lt\/wp-json\/wp\/v2\/product\/209459","targetHints":{"allow":["GET"]}}],"collection":[{"href":"https:\/\/baldumarket.lt\/lt\/wp-json\/wp\/v2\/product"}],"about":[{"href":"https:\/\/baldumarket.lt\/lt\/wp-json\/wp\/v2\/types\/product"}],"replies":[{"embeddable":true,"href":"https:\/\/baldumarket.lt\/lt\/wp-json\/wp\/v2\/comments?post=209459"}],"wp:featuredmedia":[{"embeddable":true,"href":"https:\/\/baldumarket.lt\/lt\/wp-json\/wp\/v2\/media\/339534"}],"wp:attachment":[{"href":"https:\/\/baldumarket.lt\/lt\/wp-json\/wp\/v2\/media?parent=209459"}],"wp:term":[{"taxonomy":"product_brand","embeddable":true,"href":"https:\/\/baldumarket.lt\/lt\/wp-json\/wp\/v2\/product_brand?post=209459"},{"taxonomy":"product_cat","embeddable":true,"href":"https:\/\/baldumarket.lt\/lt\/wp-json\/wp\/v2\/product_cat?post=209459"},{"taxonomy":"product_tag","embeddable":true,"href":"https:\/\/baldumarket.lt\/lt\/wp-json\/wp\/v2\/product_tag?post=209459"}],"curies":[{"name":"wp","href":"https:\/\/api.w.org\/{rel}","templated":true}]}}