{"id":209445,"date":"2025-12-26T02:58:07","date_gmt":"2025-12-25T23:58:07","guid":{"rendered":"https:\/\/baldumarket.lt\/?post_type=product&#038;p=209445"},"modified":"2026-04-05T11:59:39","modified_gmt":"2026-04-05T08:59:39","slug":"komplet-wypoczynkowy-sofa-i-fotele-diana-311-gr1","status":"publish","type":"product","link":"https:\/\/baldumarket.lt\/lt\/product\/komplet-wypoczynkowy-sofa-i-fotele-diana-311-gr1\/","title":{"rendered":"Diana 3+1+1 Gr1 sofos ir foteli\u0173 komplektas"},"content":{"rendered":"<p>\u201eDiana 3+1+1\u201c poilsio komplektas \u2013 tai rafinuotas tradicij\u0173 ir originalumo derinys rafinuotame stiliuje. Sukurtas klientams, norintiems pabr\u0117\u017eti savo interjero charakter\u012f. \u0160is nesenstantis poilsio komplektas pasi\u017eymi:<br \/>\nAuk\u0161tos kokyb\u0117s, didelio elastingumo apmu\u0161al\u0173 putplastis ir vingiuotos spyruokl\u0117s<br \/>\nReguliuojamos galvos atramos<br \/>\nMiegamoji funkcija triviet\u0117je sofoje<br \/>\nPatalyn\u0117 saugykla<br \/>\nFotelio matmenys:<br \/>\nPlotis [cm] 97<br \/>\nS\u0117dyn\u0117s plotis [cm] 49<br \/>\n\u016agis [cm] 103<br \/>\nS\u0117dyn\u0117s auk\u0161tis [cm] 45<br \/>\nGylis [cm] 90<br \/>\nS\u0117dyn\u0117s gylis [cm] 58<br \/>\nTriviet\u0117s sofos matmenys:<br \/>\nPlotis [cm] 182\u2013196<br \/>\n\u016agis [cm] 103<br \/>\nS\u0117dyn\u0117s auk\u0161tis [cm] 45<br \/>\nGylis [cm] 93<br \/>\nS\u0117dyn\u0117s gylis [cm] 61<br \/>\nMiegamoji erdv\u0117: 140 cm x 190 cm<br \/>\nSvetain\u0117s komplekte yra sofa, triviet\u0117 sofa ir 2 foteliai.<br \/>\nTechniniu audiniu aptrauktas atlo\u0161as, 2 reguliuojami galvos atlo\u0161ai, ma\u017eas skyrius patalynei ir patog\u016bs porankiai.<\/p>","protected":false},"excerpt":{"rendered":"<p>\u201eDiana 3+1+1\u201c poilsio komplektas \u2013 tai rafinuotas tradicij\u0173 ir originalumo derinys rafinuotame stiliuje. Sukurtas klientams, norintiems pabr\u0117\u017eti savo interjero charakter\u012f. \u0160is nesenstantis poilsio komplektas pasi\u017eymi: Auk\u0161tos kokyb\u0117s, didelio elastingumo apmu\u0161al\u0173 putomis ir vingiuotomis spyruokl\u0117mis Reguliuojamos galvos atramos Miegojimo funkcija triviet\u0117je sofoje Patalyn\u0117 Fotelio matmenys: Plotis [cm] [\u2026]<\/p>","protected":false},"featured_media":339535,"comment_status":"open","ping_status":"closed","template":"","meta":[],"product_brand":[],"product_cat":[9133],"product_tag":[],"class_list":{"0":"post-209445","1":"product","2":"type-product","3":"status-publish","4":"has-post-thumbnail","6":"product_cat-grouped","8":"first","9":"instock","10":"shipping-taxable","11":"purchasable","12":"product-type-variable","13":"wvs-archive-product-wrapper"},"_links":{"self":[{"href":"https:\/\/baldumarket.lt\/lt\/wp-json\/wp\/v2\/product\/209445","targetHints":{"allow":["GET"]}}],"collection":[{"href":"https:\/\/baldumarket.lt\/lt\/wp-json\/wp\/v2\/product"}],"about":[{"href":"https:\/\/baldumarket.lt\/lt\/wp-json\/wp\/v2\/types\/product"}],"replies":[{"embeddable":true,"href":"https:\/\/baldumarket.lt\/lt\/wp-json\/wp\/v2\/comments?post=209445"}],"wp:featuredmedia":[{"embeddable":true,"href":"https:\/\/baldumarket.lt\/lt\/wp-json\/wp\/v2\/media\/339535"}],"wp:attachment":[{"href":"https:\/\/baldumarket.lt\/lt\/wp-json\/wp\/v2\/media?parent=209445"}],"wp:term":[{"taxonomy":"product_brand","embeddable":true,"href":"https:\/\/baldumarket.lt\/lt\/wp-json\/wp\/v2\/product_brand?post=209445"},{"taxonomy":"product_cat","embeddable":true,"href":"https:\/\/baldumarket.lt\/lt\/wp-json\/wp\/v2\/product_cat?post=209445"},{"taxonomy":"product_tag","embeddable":true,"href":"https:\/\/baldumarket.lt\/lt\/wp-json\/wp\/v2\/product_tag?post=209445"}],"curies":[{"name":"wp","href":"https:\/\/api.w.org\/{rel}","templated":true}]}}