{"id":209442,"date":"2025-12-26T02:58:04","date_gmt":"2025-12-25T23:58:04","guid":{"rendered":"https:\/\/baldumarket.lt\/?post_type=product&#038;p=209442"},"modified":"2026-02-03T23:17:07","modified_gmt":"2026-02-03T20:17:07","slug":"fotel-tapicerowany-z-regulowanym-zaglowkiem-r1","status":"publish","type":"product","link":"https:\/\/baldumarket.lt\/lt\/product\/fotel-tapicerowany-z-regulowanym-zaglowkiem-r1\/","title":{"rendered":"Mink\u0161tas fotelis su reguliuojamu galvos atlo\u0161u R1"},"content":{"rendered":"<p>R1 fotelis \u2013 eleganti\u0161kas, mink\u0161tas baldas, pasi\u017eymintis klasikiniu dizainu ir moderniu charakteriu. Auk\u0161tos kokyb\u0117s audiniai ir modern\u016bs technologiniai sprendimai paver\u010dia j\u012f baldu, kuris daugel\u012f met\u0173 tarnaus bet kuriame svetain\u0117je.<br \/>\n\u0160is fotelis skirtas R1 kampinei sofai.<br \/>\nSpecifikacijos:<br \/>\nU\u017epildas: vingiuota spyruokl\u0117<br \/>\nPapildomos PUR putos<br \/>\nApmu\u0161tas atlo\u0161as<br \/>\nChromuotos plastikin\u0117s kojel\u0117s<br \/>\nJei pageidaujate dviej\u0173 spalv\u0173 fotelio \u2013 audinio pasiskirstymas toks, kaip parodyta nuotraukoje (tas pats audinys), nurodykite tai u\u017esakymo pastabose.<\/p>","protected":false},"excerpt":{"rendered":"<p>The R1 armchair is an elegant, upholstered piece of furniture with a classic design and a modern character. High-quality fabrics and modern technological solutions make it a piece that will serve for many years to come in any living room. This armchair is designed for the R1 corner sofa. Specifications: Filling: sinuous spring Additional PUR [&hellip;]<\/p>","protected":false},"featured_media":209463,"comment_status":"open","ping_status":"closed","template":"","meta":[],"product_brand":[],"product_cat":[634,6950],"product_tag":[],"class_list":{"0":"post-209442","1":"product","2":"type-product","3":"status-publish","4":"has-post-thumbnail","6":"product_cat-armchairs","7":"product_cat-kinas","9":"first","10":"instock","11":"shipping-taxable","12":"product-type-grouped"},"_links":{"self":[{"href":"https:\/\/baldumarket.lt\/lt\/wp-json\/wp\/v2\/product\/209442","targetHints":{"allow":["GET"]}}],"collection":[{"href":"https:\/\/baldumarket.lt\/lt\/wp-json\/wp\/v2\/product"}],"about":[{"href":"https:\/\/baldumarket.lt\/lt\/wp-json\/wp\/v2\/types\/product"}],"replies":[{"embeddable":true,"href":"https:\/\/baldumarket.lt\/lt\/wp-json\/wp\/v2\/comments?post=209442"}],"wp:featuredmedia":[{"embeddable":true,"href":"https:\/\/baldumarket.lt\/lt\/wp-json\/wp\/v2\/media\/209463"}],"wp:attachment":[{"href":"https:\/\/baldumarket.lt\/lt\/wp-json\/wp\/v2\/media?parent=209442"}],"wp:term":[{"taxonomy":"product_brand","embeddable":true,"href":"https:\/\/baldumarket.lt\/lt\/wp-json\/wp\/v2\/product_brand?post=209442"},{"taxonomy":"product_cat","embeddable":true,"href":"https:\/\/baldumarket.lt\/lt\/wp-json\/wp\/v2\/product_cat?post=209442"},{"taxonomy":"product_tag","embeddable":true,"href":"https:\/\/baldumarket.lt\/lt\/wp-json\/wp\/v2\/product_tag?post=209442"}],"curies":[{"name":"wp","href":"https:\/\/api.w.org\/{rel}","templated":true}]}}