{"id":20943,"date":"2025-11-14T12:27:29","date_gmt":"2025-11-14T09:27:29","guid":{"rendered":"https:\/\/baldumarket.lt\/product\/marlo\/"},"modified":"2026-03-24T18:28:18","modified_gmt":"2026-03-24T15:28:18","slug":"marlo","status":"publish","type":"product","link":"https:\/\/baldumarket.lt\/lt\/product\/marlo\/","title":{"rendered":"Marlo"},"content":{"rendered":"<p>\u201eMarlo\u201c \u2013 tai unikalus 100 x 60 x 48 cm dyd\u017eio baldas su stalvir\u0161iu, pagamintu i\u0161 18 mm storio laminuotos plok\u0161t\u0117s. Unikal\u0173 charakter\u012f suteikia du stalvir\u0161iai. Vienas i\u0161 j\u0173 yra dvi\u0161laitis ir netaisyklingos formos. \u0160i\u0105 laikin\u0105 erdv\u0119 galima panaudoti begale b\u016bd\u0173 \u2013 ji gali b\u016bti papildomas stovas arba vieta knygai. \u201eMarlo\u201c taip pat lengva surinkti, tvirtos konstrukcijos ir tai unikalus baldas, kuris tarnaus ilgus metus. \u0160is kavos staliukas tikrai d\u017eiugins ak\u012f. Jis ne tik eleganti\u0161kas, bet ir funkcionalus. J\u016bs tiesiog privalote j\u012f tur\u0117ti!<\/p>","protected":false},"excerpt":{"rendered":"<p>\u201eMarlo\u201c \u2013 tai unikalus 100 x 60 x 48 cm dyd\u017eio baldas su stalvir\u0161iu, pagamintu i\u0161 18 mm storio laminuotos plok\u0161t\u0117s. Unikal\u0173 charakter\u012f suteikia du stalvir\u0161iai. Vienas i\u0161 j\u0173 yra dvi\u0161laitis ir netaisyklingos formos. \u0160i laikina erdv\u0117 gali b\u016bti panaudota begale b\u016bd\u0173 \u2013 ji gali b\u016bti [\u2026]<\/p>","protected":false},"featured_media":20944,"comment_status":"open","ping_status":"open","template":"","meta":[],"product_brand":[],"product_cat":[866,2012,9176],"product_tag":[],"class_list":{"0":"post-20943","1":"product","2":"type-product","3":"status-publish","4":"has-post-thumbnail","6":"product_cat-coffee-tables","7":"product_cat-eltap","8":"product_cat-coffee-tables-eltap","10":"first","11":"instock","12":"purchasable","13":"product-type-simple"},"_links":{"self":[{"href":"https:\/\/baldumarket.lt\/lt\/wp-json\/wp\/v2\/product\/20943","targetHints":{"allow":["GET"]}}],"collection":[{"href":"https:\/\/baldumarket.lt\/lt\/wp-json\/wp\/v2\/product"}],"about":[{"href":"https:\/\/baldumarket.lt\/lt\/wp-json\/wp\/v2\/types\/product"}],"replies":[{"embeddable":true,"href":"https:\/\/baldumarket.lt\/lt\/wp-json\/wp\/v2\/comments?post=20943"}],"wp:featuredmedia":[{"embeddable":true,"href":"https:\/\/baldumarket.lt\/lt\/wp-json\/wp\/v2\/media\/20944"}],"wp:attachment":[{"href":"https:\/\/baldumarket.lt\/lt\/wp-json\/wp\/v2\/media?parent=20943"}],"wp:term":[{"taxonomy":"product_brand","embeddable":true,"href":"https:\/\/baldumarket.lt\/lt\/wp-json\/wp\/v2\/product_brand?post=20943"},{"taxonomy":"product_cat","embeddable":true,"href":"https:\/\/baldumarket.lt\/lt\/wp-json\/wp\/v2\/product_cat?post=20943"},{"taxonomy":"product_tag","embeddable":true,"href":"https:\/\/baldumarket.lt\/lt\/wp-json\/wp\/v2\/product_tag?post=20943"}],"curies":[{"name":"wp","href":"https:\/\/api.w.org\/{rel}","templated":true}]}}