{"id":209410,"date":"2025-12-26T02:56:48","date_gmt":"2025-12-25T23:56:48","guid":{"rendered":"https:\/\/baldumarket.lt\/?post_type=product&#038;p=209410"},"modified":"2026-04-05T12:01:35","modified_gmt":"2026-04-05T09:01:35","slug":"fotel-tapicerowany-diana-z-pojemnikiem","status":"publish","type":"product","link":"https:\/\/baldumarket.lt\/lt\/product\/fotel-tapicerowany-diana-z-pojemnikiem\/","title":{"rendered":"Diana mink\u0161tas fotelis su daiktad\u0117\u017ee"},"content":{"rendered":"<p>Diana fotelis yra klasikinio stiliaus baldas, praturtintas paprastomis geometrin\u0117mis formomis. \u0160is fotelis puikiai tinka bet kokiam minimalistiniam ir klasikiniam interjerui.<br \/>\n\u0160is fotelis sukurtas taip, kad papildyt\u0173 Diana sof\u0105 arba Diana kampin\u0119 sof\u0105.<br \/>\nSpecifikacijos:<br \/>\nU\u017epildas: vingiuota spyruokl\u0117<br \/>\nPapildomos PUR putos<br \/>\nApmu\u0161tas atlo\u0161as<br \/>\nJuodos plastikin\u0117s kojel\u0117s<br \/>\nKonteineris s\u0117dyn\u0117je<\/p>","protected":false},"excerpt":{"rendered":"<p>\u201eDiana\u201c fotelis \u2013 tai klasikinio stiliaus baldas, praturtintas paprastomis geometrin\u0117mis formomis. \u0160is fotelis puikiai tinka bet kokiam minimalistiniam ir klasikiniam interjerui. \u0160is fotelis sukurtas taip, kad papildyt\u0173 \u201eDiana\u201c sof\u0105 arba \u201eDiana\u201c kampin\u0119 sof\u0105. Specifikacijos: U\u017epildas: vingiuotos spyruokl\u0117s; Papildomas PUR putplastis; Apmu\u0161tas atlo\u0161as; Juodos plastikin\u0117s kojel\u0117s; Indelis s\u0117dyn\u0117je.<\/p>","protected":false},"featured_media":339536,"comment_status":"open","ping_status":"closed","template":"","meta":[],"product_brand":[],"product_cat":[10173,634,6950],"product_tag":[],"class_list":{"0":"post-209410","1":"product","2":"type-product","3":"status-publish","4":"has-post-thumbnail","6":"product_cat-chairs-kinas-meble","7":"product_cat-armchairs","8":"product_cat-kinas","10":"first","11":"instock","12":"shipping-taxable","13":"product-type-grouped"},"_links":{"self":[{"href":"https:\/\/baldumarket.lt\/lt\/wp-json\/wp\/v2\/product\/209410","targetHints":{"allow":["GET"]}}],"collection":[{"href":"https:\/\/baldumarket.lt\/lt\/wp-json\/wp\/v2\/product"}],"about":[{"href":"https:\/\/baldumarket.lt\/lt\/wp-json\/wp\/v2\/types\/product"}],"replies":[{"embeddable":true,"href":"https:\/\/baldumarket.lt\/lt\/wp-json\/wp\/v2\/comments?post=209410"}],"wp:featuredmedia":[{"embeddable":true,"href":"https:\/\/baldumarket.lt\/lt\/wp-json\/wp\/v2\/media\/339536"}],"wp:attachment":[{"href":"https:\/\/baldumarket.lt\/lt\/wp-json\/wp\/v2\/media?parent=209410"}],"wp:term":[{"taxonomy":"product_brand","embeddable":true,"href":"https:\/\/baldumarket.lt\/lt\/wp-json\/wp\/v2\/product_brand?post=209410"},{"taxonomy":"product_cat","embeddable":true,"href":"https:\/\/baldumarket.lt\/lt\/wp-json\/wp\/v2\/product_cat?post=209410"},{"taxonomy":"product_tag","embeddable":true,"href":"https:\/\/baldumarket.lt\/lt\/wp-json\/wp\/v2\/product_tag?post=209410"}],"curies":[{"name":"wp","href":"https:\/\/api.w.org\/{rel}","templated":true}]}}