{"id":209379,"date":"2025-12-26T02:55:26","date_gmt":"2025-12-25T23:55:26","guid":{"rendered":"https:\/\/baldumarket.lt\/?post_type=product&#038;p=209379"},"modified":"2026-02-12T01:44:05","modified_gmt":"2026-02-11T22:44:05","slug":"naroznik-rozkladny-madagaskar-pufa-gr0","status":"publish","type":"product","link":"https:\/\/baldumarket.lt\/lt\/product\/naroznik-rozkladny-madagaskar-pufa-gr0\/","title":{"rendered":"Madagaskaro i\u0161skleid\u017eiama kampin\u0117 sofa + pufas Gr0"},"content":{"rendered":"<p>Kampin\u0117 sofa \u201eMadagaskar\u201c \u2013 tai mink\u0161tas baldas, pasi\u017eymintis moderniu, lengvu dizainu ir prakti\u0161komis dizaino detal\u0117mis. Auk\u0161tos kokyb\u0117s apmu\u0161al\u0173 med\u017eiagos puikiai tinka bet kuriai svetainei tiems, kurie vertina auk\u0161tos kokyb\u0117s ir i\u0161skirtinai patogius baldus.<br \/>\nMadagaskaro specifikacijos:<br \/>\nS\u0117dyn\u0117 pagaminta i\u0161 patvari\u0173 vingiuot\u0173 spyruokli\u0173 ir T-30 apmu\u0161al\u0173 put\u0173<br \/>\nMedinis r\u0117mas + med\u017eio dro\u017eli\u0173 plok\u0161t\u0117 \/ laminuota plok\u0161t\u0117<br \/>\nMiego funkcija<br \/>\nKampin\u0117 sofa i\u0161skleid\u017eiama ir turi daiktad\u0117\u017e\u0119<br \/>\nFiksuotas atlo\u0161as<br \/>\nPlastikin\u0117s kojel\u0117s<br \/>\nKampin\u0117 sofa tilps \u012f lift\u0105<br \/>\nKampin\u0117 sofa tilps pro 80 cm plo\u010dio duris<br \/>\nNuotraukoje pavaizduota de\u0161inioji kampin\u0117 sofa.<br \/>\nJ\u016bs\u0173 pasirinktu audiniu aptrauktas atlo\u0161as, 2 pagalv\u0117l\u0117s, papildomas pufas ir chromuotos plastikin\u0117s kojel\u0117s.<\/p>","protected":false},"excerpt":{"rendered":"<p>Ilgesn\u0117s kra\u0161tin\u0117s plotis [cm]: 290<br \/>\nTrumpesn\u0117s kra\u0161tin\u0117s plotis [cm]: 177<br \/>\nAuk\u0161tis [cm]: 75<br \/>\nMiegamasis plotas [cm]: 130 \u00d7 210<br \/>\nKampin\u0117s sofos stilius: modernus<br \/>\nI\u0161skleidimo sistema: I\u0161traukiamas ve\u017eim\u0117lis (delfinas)<\/p>","protected":false},"featured_media":209415,"comment_status":"open","ping_status":"closed","template":"","meta":[],"product_brand":[],"product_cat":[9133],"product_tag":[],"class_list":{"0":"post-209379","1":"product","2":"type-product","3":"status-publish","4":"has-post-thumbnail","6":"product_cat-grouped","8":"first","9":"instock","10":"shipping-taxable","11":"purchasable","12":"product-type-variable","13":"wvs-archive-product-wrapper"},"_links":{"self":[{"href":"https:\/\/baldumarket.lt\/lt\/wp-json\/wp\/v2\/product\/209379","targetHints":{"allow":["GET"]}}],"collection":[{"href":"https:\/\/baldumarket.lt\/lt\/wp-json\/wp\/v2\/product"}],"about":[{"href":"https:\/\/baldumarket.lt\/lt\/wp-json\/wp\/v2\/types\/product"}],"replies":[{"embeddable":true,"href":"https:\/\/baldumarket.lt\/lt\/wp-json\/wp\/v2\/comments?post=209379"}],"wp:featuredmedia":[{"embeddable":true,"href":"https:\/\/baldumarket.lt\/lt\/wp-json\/wp\/v2\/media\/209415"}],"wp:attachment":[{"href":"https:\/\/baldumarket.lt\/lt\/wp-json\/wp\/v2\/media?parent=209379"}],"wp:term":[{"taxonomy":"product_brand","embeddable":true,"href":"https:\/\/baldumarket.lt\/lt\/wp-json\/wp\/v2\/product_brand?post=209379"},{"taxonomy":"product_cat","embeddable":true,"href":"https:\/\/baldumarket.lt\/lt\/wp-json\/wp\/v2\/product_cat?post=209379"},{"taxonomy":"product_tag","embeddable":true,"href":"https:\/\/baldumarket.lt\/lt\/wp-json\/wp\/v2\/product_tag?post=209379"}],"curies":[{"name":"wp","href":"https:\/\/api.w.org\/{rel}","templated":true}]}}