{"id":209355,"date":"2025-12-26T02:54:23","date_gmt":"2025-12-25T23:54:23","guid":{"rendered":"https:\/\/baldumarket.lt\/?post_type=product&#038;p=209355"},"modified":"2026-02-03T23:17:09","modified_gmt":"2026-02-03T20:17:09","slug":"sofa-rozkladana-z-poduchami-bukiet","status":"publish","type":"product","link":"https:\/\/baldumarket.lt\/lt\/product\/sofa-rozkladana-z-poduchami-bukiet\/","title":{"rendered":"Sofa-lova su \u201eBouquet\u201c pagalv\u0117l\u0117mis"},"content":{"rendered":"<p>\u201eBukiet\u201c sofa \u2013 tai modernus mink\u0161tas baldas, pasi\u017eymintis ak\u012f traukian\u010diu dizainu ir i\u0161skirtiniu komfortu. Sukurta tiems, kurie vertina estetik\u0105 ir komfort\u0105, s\u0117dyn\u0117 pagaminta i\u0161 auk\u0161tos kokyb\u0117s apmu\u0161al\u0173, u\u017etikrinan\u010di\u0173 ilgaam\u017ei\u0161kum\u0105.<br \/>\n\u201eBukiet\u201c sofos privalumai:<br \/>\nBaldo konstrukcija paremta mediniu r\u0117mu ir laminuota plok\u0161te,<br \/>\npatalyn\u0117s laikymo skyrius,<br \/>\nmiegojimo funkcija,<br \/>\nautomatinis mechanizmas lengvam i\u0161skleidimui,<br \/>\nvingiuot\u0173 spyruokli\u0173 \u0161erdis su didelio elastingumo putomis,<br \/>\npasirinktu audiniu aptrauktas atlo\u0161as, trys patogios pagalv\u0117l\u0117s ir kont\u016bruoti porankiai.<\/p>","protected":false},"excerpt":{"rendered":"<p>\u201eBukiet\u201c sofa \u2013 tai modernus mink\u0161tas baldas, pasi\u017eymintis ak\u012f traukian\u010diu dizainu ir i\u0161skirtiniu komfortu. Sukurta tiems, kurie vertina estetik\u0105 ir komfort\u0105, s\u0117dyn\u0117 pagaminta i\u0161 auk\u0161tos kokyb\u0117s apmu\u0161al\u0173, u\u017etikrinan\u010di\u0173 ilgaam\u017ei\u0161kum\u0105. \u201eBukiet\u201c sofos privalumai: Baldo konstrukcija paremta mediniu r\u0117mu ir laminuota [\u2026]<\/p>","protected":false},"featured_media":209383,"comment_status":"open","ping_status":"closed","template":"","meta":[],"product_brand":[],"product_cat":[6950,560],"product_tag":[],"class_list":{"0":"post-209355","1":"product","2":"type-product","3":"status-publish","4":"has-post-thumbnail","6":"product_cat-kinas","7":"product_cat-sofas-and-couches","9":"first","10":"instock","11":"shipping-taxable","12":"product-type-grouped"},"_links":{"self":[{"href":"https:\/\/baldumarket.lt\/lt\/wp-json\/wp\/v2\/product\/209355","targetHints":{"allow":["GET"]}}],"collection":[{"href":"https:\/\/baldumarket.lt\/lt\/wp-json\/wp\/v2\/product"}],"about":[{"href":"https:\/\/baldumarket.lt\/lt\/wp-json\/wp\/v2\/types\/product"}],"replies":[{"embeddable":true,"href":"https:\/\/baldumarket.lt\/lt\/wp-json\/wp\/v2\/comments?post=209355"}],"wp:featuredmedia":[{"embeddable":true,"href":"https:\/\/baldumarket.lt\/lt\/wp-json\/wp\/v2\/media\/209383"}],"wp:attachment":[{"href":"https:\/\/baldumarket.lt\/lt\/wp-json\/wp\/v2\/media?parent=209355"}],"wp:term":[{"taxonomy":"product_brand","embeddable":true,"href":"https:\/\/baldumarket.lt\/lt\/wp-json\/wp\/v2\/product_brand?post=209355"},{"taxonomy":"product_cat","embeddable":true,"href":"https:\/\/baldumarket.lt\/lt\/wp-json\/wp\/v2\/product_cat?post=209355"},{"taxonomy":"product_tag","embeddable":true,"href":"https:\/\/baldumarket.lt\/lt\/wp-json\/wp\/v2\/product_tag?post=209355"}],"curies":[{"name":"wp","href":"https:\/\/api.w.org\/{rel}","templated":true}]}}