{"id":209330,"date":"2025-12-26T02:53:10","date_gmt":"2025-12-25T23:53:10","guid":{"rendered":"https:\/\/baldumarket.lt\/?post_type=product&#038;p=209330"},"modified":"2026-02-03T23:17:11","modified_gmt":"2026-02-03T20:17:11","slug":"sofa-rozkladana-cypis","status":"publish","type":"product","link":"https:\/\/baldumarket.lt\/lt\/product\/sofa-rozkladana-cypis\/","title":{"rendered":"\u201eCypis\u201c sofa-lova"},"content":{"rendered":"<p>\u201eCypis\u201c sofa-lova \u2013 tai prakti\u0161kas, klasikinio stiliaus poilsio baldas su patogia s\u0117dyne, puikiai tinkan\u010dia naudoti tiek dien\u0105, tiek nakt\u012f.<br \/>\nCypis specifikacijos:<br \/>\nBaldai pagaminti i\u0161 medinio r\u0117mo ir laminuotos plok\u0161t\u0117s<br \/>\nPatalyn\u0117<br \/>\nMiego funkcija<br \/>\nAutomati\u0161kai i\u0161skleid\u017eiama sofa-lova<br \/>\nBanguotas spyruoklinis \u012fd\u0117klas<br \/>\nNugara aptraukta pasirinktu audiniu, su patraukliomis si\u016bl\u0117mis, ir dvi papildomos pagalv\u0117l\u0117s.<\/p>","protected":false},"excerpt":{"rendered":"<p>\u201eCypis\u201c sofa-lova \u2013 tai prakti\u0161kas, klasikinio stiliaus poilsio baldas su patogia s\u0117dyne, tod\u0117l puikiai tinka naudoti tiek dien\u0105, tiek nakt\u012f. \u201eCypis\u201c specifikacijos: Baldas pagamintas i\u0161 medinio r\u0117mo ir laminuotos lentos; Patalyn\u0117; Miegojimo funkcija; Automatin\u0117 sofa-lova, kad b\u016bt\u0173 lengva i\u0161skleisti; Banguotos spyruoklin\u0117s \u012fd\u0117klo dalys [\u2026]<\/p>","protected":false},"featured_media":209357,"comment_status":"open","ping_status":"closed","template":"","meta":[],"product_brand":[],"product_cat":[6950,560],"product_tag":[],"class_list":{"0":"post-209330","1":"product","2":"type-product","3":"status-publish","4":"has-post-thumbnail","6":"product_cat-kinas","7":"product_cat-sofas-and-couches","9":"first","10":"instock","11":"shipping-taxable","12":"product-type-grouped"},"_links":{"self":[{"href":"https:\/\/baldumarket.lt\/lt\/wp-json\/wp\/v2\/product\/209330","targetHints":{"allow":["GET"]}}],"collection":[{"href":"https:\/\/baldumarket.lt\/lt\/wp-json\/wp\/v2\/product"}],"about":[{"href":"https:\/\/baldumarket.lt\/lt\/wp-json\/wp\/v2\/types\/product"}],"replies":[{"embeddable":true,"href":"https:\/\/baldumarket.lt\/lt\/wp-json\/wp\/v2\/comments?post=209330"}],"wp:featuredmedia":[{"embeddable":true,"href":"https:\/\/baldumarket.lt\/lt\/wp-json\/wp\/v2\/media\/209357"}],"wp:attachment":[{"href":"https:\/\/baldumarket.lt\/lt\/wp-json\/wp\/v2\/media?parent=209330"}],"wp:term":[{"taxonomy":"product_brand","embeddable":true,"href":"https:\/\/baldumarket.lt\/lt\/wp-json\/wp\/v2\/product_brand?post=209330"},{"taxonomy":"product_cat","embeddable":true,"href":"https:\/\/baldumarket.lt\/lt\/wp-json\/wp\/v2\/product_cat?post=209330"},{"taxonomy":"product_tag","embeddable":true,"href":"https:\/\/baldumarket.lt\/lt\/wp-json\/wp\/v2\/product_tag?post=209330"}],"curies":[{"name":"wp","href":"https:\/\/api.w.org\/{rel}","templated":true}]}}