{"id":209299,"date":"2025-12-26T02:51:36","date_gmt":"2025-12-25T23:51:36","guid":{"rendered":"https:\/\/baldumarket.lt\/?post_type=product&#038;p=209299"},"modified":"2026-04-04T10:26:50","modified_gmt":"2026-04-04T07:26:50","slug":"naroznik-rozkladany-assan-pufa-gr0","status":"publish","type":"product","link":"https:\/\/baldumarket.lt\/lt\/product\/naroznik-rozkladany-assan-pufa-gr0\/","title":{"rendered":"Assan i\u0161skleid\u017eiama kampin\u0117 sofa + Gr0 pufas"},"content":{"rendered":"<p>\u201eAssan\u201c i\u0161skleid\u017eiama kampin\u0117 sofa pasi\u017eymi klasikiniu kampin\u0117s sofos dizainu, papildytu moderniomis technologijomis ir \u0161iuolaiki\u0161ku dizainu. \u0160i kampin\u0117 sofa puikiai tinka bet kokiam minimalistiniam interjerui, kuriame funkcionalumas yra svarbiausias, o unikali forma \u2013 antraeil\u0117.<br \/>\nAssano specifikacijos:<br \/>\nS\u0117dyn\u0117 pagaminta i\u0161 patvari\u0173 vingiuot\u0173 spyruokli\u0173 ir T-30 apmu\u0161al\u0173 put\u0173<br \/>\nMedinis r\u0117mas + med\u017eio dro\u017eli\u0173 plok\u0161t\u0117 \/ laminuota plok\u0161t\u0117<br \/>\nMiego funkcija<br \/>\nI\u0161skleid\u017eiama kampin\u0117 sofa turi du patalyn\u0117s skyrius<br \/>\nPapildomos u\u017etrauktukais u\u017esegamos pagalv\u0117l\u0117s<br \/>\nChromuotos plastikin\u0117s kojel\u0117s<br \/>\nAtlo\u0161e yra strypas, o antrame \u2013 pufas<br \/>\nPagrindin\u0117je nuotraukoje kampin\u0117 sofa pavaizduota kaip de\u0161iniarankiams skirta versija.<br \/>\nKampin\u0117 sofa tilps \u012f lift\u0105<br \/>\nKampin\u0117 sofa tilps pro 80 cm plo\u010dio duris<br \/>\nNugara aptraukta pagal u\u017esakym\u0105 pagamintu audiniu, 5 patogios pagalv\u0117l\u0117s ir \u012fdomi forma.<br \/>\nJei kampin\u0117 sofa bus dviej\u0173 spalv\u0173 \u2013 audinio pasiskirstymas toks, kaip nuotraukoje (tas pats audinys), pra\u0161ome tai nurodyti u\u017esakymo pastabose, i\u0161samiai apra\u0161ant \ud83d\ude42<\/p>","protected":false},"excerpt":{"rendered":"<p>Ilgesn\u0117s kra\u0161tin\u0117s plotis [cm]: 305<br \/>\nTrumpesn\u0117s kra\u0161tin\u0117s plotis [cm]: 205<br \/>\nGylis [cm]: 98<br \/>\nMiegamasis plotas [cm]: 150 \u00d7 250<br \/>\nKampin\u0117s sofos stilius: modernus<br \/>\nI\u0161skleidimo sistema: Automatin\u0117, kad b\u016bt\u0173 lengva i\u0161skleisti \/ DL<\/p>","protected":false},"featured_media":339469,"comment_status":"open","ping_status":"closed","template":"","meta":[],"product_brand":[],"product_cat":[9133],"product_tag":[],"class_list":{"0":"post-209299","1":"product","2":"type-product","3":"status-publish","4":"has-post-thumbnail","6":"product_cat-grouped","8":"first","9":"instock","10":"shipping-taxable","11":"purchasable","12":"product-type-variable","13":"wvs-archive-product-wrapper"},"_links":{"self":[{"href":"https:\/\/baldumarket.lt\/lt\/wp-json\/wp\/v2\/product\/209299","targetHints":{"allow":["GET"]}}],"collection":[{"href":"https:\/\/baldumarket.lt\/lt\/wp-json\/wp\/v2\/product"}],"about":[{"href":"https:\/\/baldumarket.lt\/lt\/wp-json\/wp\/v2\/types\/product"}],"replies":[{"embeddable":true,"href":"https:\/\/baldumarket.lt\/lt\/wp-json\/wp\/v2\/comments?post=209299"}],"wp:featuredmedia":[{"embeddable":true,"href":"https:\/\/baldumarket.lt\/lt\/wp-json\/wp\/v2\/media\/339469"}],"wp:attachment":[{"href":"https:\/\/baldumarket.lt\/lt\/wp-json\/wp\/v2\/media?parent=209299"}],"wp:term":[{"taxonomy":"product_brand","embeddable":true,"href":"https:\/\/baldumarket.lt\/lt\/wp-json\/wp\/v2\/product_brand?post=209299"},{"taxonomy":"product_cat","embeddable":true,"href":"https:\/\/baldumarket.lt\/lt\/wp-json\/wp\/v2\/product_cat?post=209299"},{"taxonomy":"product_tag","embeddable":true,"href":"https:\/\/baldumarket.lt\/lt\/wp-json\/wp\/v2\/product_tag?post=209299"}],"curies":[{"name":"wp","href":"https:\/\/api.w.org\/{rel}","templated":true}]}}