{"id":209248,"date":"2025-12-26T02:49:29","date_gmt":"2025-12-25T23:49:29","guid":{"rendered":"https:\/\/baldumarket.lt\/?post_type=product&#038;p=209248"},"modified":"2026-02-12T01:55:20","modified_gmt":"2026-02-11T22:55:20","slug":"naroznik-rozkladany-ramiro-gr3","status":"publish","type":"product","link":"https:\/\/baldumarket.lt\/lt\/product\/naroznik-rozkladany-ramiro-gr3\/","title":{"rendered":"Ramiro Gr3 i\u0161skleid\u017eiama kampin\u0117 sofa"},"content":{"rendered":"<p>\u201eRamiro\u201c i\u0161skleid\u017eiama kampin\u0117 sofa \u2013 prakti\u0161kas poilsio baldas. D\u0117l patalyn\u0117s laikymo vietos ir didelio miegojimo ploto, i\u0161laikant kompakti\u0161k\u0105 dyd\u012f, ji tinka net ir ma\u017eam svetain\u0117s kambariui, leisdama patogiai atsipalaiduoti dienos metu ir gerai i\u0161simiegoti nakt\u012f.<br \/>\n\u201eRamiro\u201c specifikacijos:<br \/>\nS\u0117dyn\u0117 pagaminta i\u0161 patvari\u0173 vingiuot\u0173 spyruokli\u0173 ir T-30 apmu\u0161al\u0173 put\u0173<br \/>\nMedinis r\u0117mas + med\u017eio dro\u017eli\u0173 plok\u0161t\u0117 \/ laminuota plok\u0161t\u0117<br \/>\nMiego funkcija<br \/>\nI\u0161skleid\u017eiama kampin\u0117 sofa turi patalyn\u0117s d\u0117\u017e\u0119<br \/>\nAtlo\u0161o pagalv\u0117l\u0117s<br \/>\nU\u017etrauktukais u\u017esegamos pagalv\u0117l\u0117s<br \/>\nChromuotos plastikin\u0117s kojel\u0117s<br \/>\nKampin\u0117 sofa tilps \u012f lift\u0105<br \/>\nKampin\u0117 sofa tilps pro 80 cm plo\u010dio dur\u0173 ang\u0105<br \/>\nPagrindin\u0117je nuotraukoje pavaizduota de\u0161inioji kampin\u0117 sofa<br \/>\nNugara aptraukta pasirinktu audiniu, 3 pagalv\u0117l\u0117s ir \u012fdomi forma.<\/p>","protected":false},"excerpt":{"rendered":"<p>Ilgesn\u0117s kra\u0161tin\u0117s plotis [cm]: 250<br \/>\nTrumpesn\u0117s kra\u0161tin\u0117s plotis [cm]: 193<br \/>\nGylis [cm]: 83<br \/>\nMiegamasis plotas [cm]: 120 \u00d7 195<br \/>\nKampin\u0117s sofos stilius: modernus<br \/>\nI\u0161skleidimo sistema: Automatin\u0117, kad b\u016bt\u0173 lengva i\u0161skleisti \/ DL<\/p>","protected":false},"featured_media":209271,"comment_status":"open","ping_status":"closed","template":"","meta":[],"product_brand":[],"product_cat":[9133],"product_tag":[],"class_list":{"0":"post-209248","1":"product","2":"type-product","3":"status-publish","4":"has-post-thumbnail","6":"product_cat-grouped","8":"first","9":"instock","10":"shipping-taxable","11":"purchasable","12":"product-type-variable","13":"wvs-archive-product-wrapper"},"_links":{"self":[{"href":"https:\/\/baldumarket.lt\/lt\/wp-json\/wp\/v2\/product\/209248","targetHints":{"allow":["GET"]}}],"collection":[{"href":"https:\/\/baldumarket.lt\/lt\/wp-json\/wp\/v2\/product"}],"about":[{"href":"https:\/\/baldumarket.lt\/lt\/wp-json\/wp\/v2\/types\/product"}],"replies":[{"embeddable":true,"href":"https:\/\/baldumarket.lt\/lt\/wp-json\/wp\/v2\/comments?post=209248"}],"wp:featuredmedia":[{"embeddable":true,"href":"https:\/\/baldumarket.lt\/lt\/wp-json\/wp\/v2\/media\/209271"}],"wp:attachment":[{"href":"https:\/\/baldumarket.lt\/lt\/wp-json\/wp\/v2\/media?parent=209248"}],"wp:term":[{"taxonomy":"product_brand","embeddable":true,"href":"https:\/\/baldumarket.lt\/lt\/wp-json\/wp\/v2\/product_brand?post=209248"},{"taxonomy":"product_cat","embeddable":true,"href":"https:\/\/baldumarket.lt\/lt\/wp-json\/wp\/v2\/product_cat?post=209248"},{"taxonomy":"product_tag","embeddable":true,"href":"https:\/\/baldumarket.lt\/lt\/wp-json\/wp\/v2\/product_tag?post=209248"}],"curies":[{"name":"wp","href":"https:\/\/api.w.org\/{rel}","templated":true}]}}