{"id":209234,"date":"2025-12-26T02:48:48","date_gmt":"2025-12-25T23:48:48","guid":{"rendered":"https:\/\/baldumarket.lt\/?post_type=product&#038;p=209234"},"modified":"2026-04-06T10:35:15","modified_gmt":"2026-04-06T07:35:15","slug":"naroznik-rozkladany-finn","status":"publish","type":"product","link":"https:\/\/baldumarket.lt\/lt\/product\/naroznik-rozkladany-finn\/","title":{"rendered":"Finn kampin\u0117 sofa-lova"},"content":{"rendered":"<p>I\u0161skleid\u017eiama kampin\u0117 sofa \u201eFinn\u201c \u2013 prakti\u0161kas poilsio baldas. D\u0117l patalyn\u0117s laikymo vietos ir didelio miegojimo ploto, i\u0161laikant kompakti\u0161k\u0105 dyd\u012f, ji tinka net ir ma\u017eam svetain\u0117s kambariui, leisdama patogiai atsipalaiduoti dienos metu ir gerai i\u0161simiegoti nakt\u012f.<br \/>\n\u201eFinn\u201c specifikacijos:<br \/>\nS\u0117dyn\u0117 pagaminta i\u0161 patvari\u0173 vingiuot\u0173 spyruokli\u0173 ir T-30 apmu\u0161al\u0173 put\u0173<br \/>\nMedinis r\u0117mas + med\u017eio dro\u017eli\u0173 plok\u0161t\u0117 \/ laminuota plok\u0161t\u0117<br \/>\nMiego funkcija<br \/>\nI\u0161skleid\u017eiama kampin\u0117 sofa turi patalyn\u0117s d\u0117\u017e\u0119<br \/>\nKilnojamos pagalv\u0117l\u0117s su u\u017etrauktukais<br \/>\nMedin\u0117s kojel\u0117s tamsaus rie\u0161uto spalvos<br \/>\nKampin\u0117 sofa parodyta pagrindin\u0117je nuotraukoje kair\u0117je<br \/>\nKampin\u0117 sofa tilps \u012f lift\u0105<br \/>\nKampin\u0117 sofa tilps pro 80 cm plo\u010dio dur\u0173 ang\u0105<br \/>\nNugara aptraukta pasirinktu audiniu, 3 patogios pagalv\u0117l\u0117s ir \u012fdomi forma.<br \/>\nJei kampin\u0117 sofa bus dviej\u0173 spalv\u0173 \u2013 audinio pasiskirstymas toks, kaip nuotraukoje (tas pats audinys), pra\u0161ome tai nurodyti u\u017esakymo pastabose, i\u0161samiai apra\u0161ant \ud83d\ude42<\/p>","protected":false},"excerpt":{"rendered":"<p>The Finn extendable corner sofa is a practical piece of lounge furniture. Its bedding storage and large sleeping surface, while maintaining its compact size, make it suitable for even a small living room, allowing for comfortable relaxation during the day and a good night&#8217;s sleep. Finn specifications: Seat made of durable sinuous springs and T-30 [&hellip;]<\/p>","protected":false},"featured_media":339595,"comment_status":"open","ping_status":"closed","template":"","meta":[],"product_brand":[],"product_cat":[10171,616,1983,6950],"product_tag":[],"class_list":{"0":"post-209234","1":"product","2":"type-product","3":"status-publish","4":"has-post-thumbnail","6":"product_cat-corner-sofas-kinas-meble","7":"product_cat-corners","8":"product_cat-corners-l","9":"product_cat-kinas","11":"first","12":"instock","13":"shipping-taxable","14":"product-type-grouped"},"_links":{"self":[{"href":"https:\/\/baldumarket.lt\/lt\/wp-json\/wp\/v2\/product\/209234","targetHints":{"allow":["GET"]}}],"collection":[{"href":"https:\/\/baldumarket.lt\/lt\/wp-json\/wp\/v2\/product"}],"about":[{"href":"https:\/\/baldumarket.lt\/lt\/wp-json\/wp\/v2\/types\/product"}],"replies":[{"embeddable":true,"href":"https:\/\/baldumarket.lt\/lt\/wp-json\/wp\/v2\/comments?post=209234"}],"wp:featuredmedia":[{"embeddable":true,"href":"https:\/\/baldumarket.lt\/lt\/wp-json\/wp\/v2\/media\/339595"}],"wp:attachment":[{"href":"https:\/\/baldumarket.lt\/lt\/wp-json\/wp\/v2\/media?parent=209234"}],"wp:term":[{"taxonomy":"product_brand","embeddable":true,"href":"https:\/\/baldumarket.lt\/lt\/wp-json\/wp\/v2\/product_brand?post=209234"},{"taxonomy":"product_cat","embeddable":true,"href":"https:\/\/baldumarket.lt\/lt\/wp-json\/wp\/v2\/product_cat?post=209234"},{"taxonomy":"product_tag","embeddable":true,"href":"https:\/\/baldumarket.lt\/lt\/wp-json\/wp\/v2\/product_tag?post=209234"}],"curies":[{"name":"wp","href":"https:\/\/api.w.org\/{rel}","templated":true}]}}