{"id":209187,"date":"2025-12-26T02:46:35","date_gmt":"2025-12-25T23:46:35","guid":{"rendered":"https:\/\/baldumarket.lt\/?post_type=product&#038;p=209187"},"modified":"2026-04-03T09:00:18","modified_gmt":"2026-04-03T06:00:18","slug":"sofa-rozkladana-cynita-gr0","status":"publish","type":"product","link":"https:\/\/baldumarket.lt\/lt\/product\/sofa-rozkladana-cynita-gr0\/","title":{"rendered":"\u201eCynita Gr0\u201c sofa-lova"},"content":{"rendered":"<p>\u201eCynita\u201c sofa \u2013 tai modernus mink\u0161tas baldas, pasi\u017eymintis ak\u012f traukian\u010diu dizainu ir i\u0161skirtiniu komfortu. Sukurta tiems, kurie vertina estetik\u0105 ir komfort\u0105, s\u0117dyn\u0117 pagaminta i\u0161 auk\u0161tos kokyb\u0117s apmu\u0161al\u0173 med\u017eiag\u0173, u\u017etikrinan\u010di\u0173 ilgaam\u017ei\u0161kum\u0105. Naudotos med\u017eiagos yra sertifikuotos higienos po\u017ei\u016briu. \u0160i sofa idealiai tinka patogiam kasdieniam miegui.<br \/>\n\u201eCynita\u201c specifikacijos:<br \/>\nSofos konstrukcija paremta mediniu r\u0117mu ir laminuota lenta<br \/>\npatalyn\u0117s laikymo<br \/>\nmiego funkcija<br \/>\nautomatin\u0117 funkcija lengvam i\u0161skleidimui<br \/>\ndantytas spyruoklinis \u012fd\u0117klas<br \/>\nNugara aptraukta pasirinktu audiniu, su patraukliomis si\u016bl\u0117mis ir dviem papildomomis pagalv\u0117l\u0117mis.<\/p>","protected":false},"excerpt":{"rendered":"<p>Plotis [cm]: 255<br \/>\nAuk\u0161tis [cm]: 94<br \/>\nGylis [cm]: 101<br \/>\nMiegamasis plotas [cm]: 147 \u00d7 198<br \/>\nPagalv\u0117s tipas: nuimamos pagalv\u0117s<\/p>","protected":false},"featured_media":339339,"comment_status":"open","ping_status":"closed","template":"","meta":[],"product_brand":[],"product_cat":[9133],"product_tag":[],"class_list":{"0":"post-209187","1":"product","2":"type-product","3":"status-publish","4":"has-post-thumbnail","6":"product_cat-grouped","8":"first","9":"instock","10":"shipping-taxable","11":"purchasable","12":"product-type-variable","13":"wvs-archive-product-wrapper"},"_links":{"self":[{"href":"https:\/\/baldumarket.lt\/lt\/wp-json\/wp\/v2\/product\/209187","targetHints":{"allow":["GET"]}}],"collection":[{"href":"https:\/\/baldumarket.lt\/lt\/wp-json\/wp\/v2\/product"}],"about":[{"href":"https:\/\/baldumarket.lt\/lt\/wp-json\/wp\/v2\/types\/product"}],"replies":[{"embeddable":true,"href":"https:\/\/baldumarket.lt\/lt\/wp-json\/wp\/v2\/comments?post=209187"}],"wp:featuredmedia":[{"embeddable":true,"href":"https:\/\/baldumarket.lt\/lt\/wp-json\/wp\/v2\/media\/339339"}],"wp:attachment":[{"href":"https:\/\/baldumarket.lt\/lt\/wp-json\/wp\/v2\/media?parent=209187"}],"wp:term":[{"taxonomy":"product_brand","embeddable":true,"href":"https:\/\/baldumarket.lt\/lt\/wp-json\/wp\/v2\/product_brand?post=209187"},{"taxonomy":"product_cat","embeddable":true,"href":"https:\/\/baldumarket.lt\/lt\/wp-json\/wp\/v2\/product_cat?post=209187"},{"taxonomy":"product_tag","embeddable":true,"href":"https:\/\/baldumarket.lt\/lt\/wp-json\/wp\/v2\/product_tag?post=209187"}],"curies":[{"name":"wp","href":"https:\/\/api.w.org\/{rel}","templated":true}]}}