{"id":209184,"date":"2025-12-26T02:46:31","date_gmt":"2025-12-25T23:46:31","guid":{"rendered":"https:\/\/baldumarket.lt\/?post_type=product&#038;p=209184"},"modified":"2026-04-02T10:33:13","modified_gmt":"2026-04-02T07:33:13","slug":"naroznik-nierozkladany-axe-gr3","status":"publish","type":"product","link":"https:\/\/baldumarket.lt\/lt\/product\/naroznik-nierozkladany-axe-gr3\/","title":{"rendered":"Ax Gr3 nei\u0161skleid\u017eiama kampin\u0117 sofa"},"content":{"rendered":"<p>Stacionari kampin\u0117 sofa \u201eAxe\u201c pasi\u017eymi elegancija ir auk\u0161ta kokybe, nes joje naudojamos modernios gamybos technologijos ir auk\u0161tos kokyb\u0117s apmu\u0161al\u0173 med\u017eiagos.<br \/>\nKirvio parametrai:<br \/>\nS\u0117dyn\u0117 pagaminta i\u0161 patvari\u0173 vingiuot\u0173 spyruokli\u0173 ir T-30 apmu\u0161al\u0173 put\u0173<br \/>\nMedinis r\u0117mas + med\u017eio dro\u017eli\u0173 plok\u0161t\u0117 \/ laminuota plok\u0161t\u0117<br \/>\nGul\u0117jimo funkcija<br \/>\nKampin\u0117 sofa nei\u0161siskleid\u017eia ir neturi daiktad\u0117\u017e\u0117s<br \/>\nPapildomos u\u017etrauktukais u\u017esegamos pagalv\u0117l\u0117s<br \/>\nChromuotos plastikin\u0117s kojel\u0117s<br \/>\nPagrindin\u0117je nuotraukoje kampin\u0117 sofa pavaizduota kaip de\u0161iniarank\u0117<br \/>\nKampin\u0117 sofa tilps \u012f lift\u0105<br \/>\nKampin\u0117 sofa tilps pro 80 cm plo\u010dio duris<br \/>\nJ\u016bs\u0173 pasirinktu audiniu aptrauktas atlo\u0161as, 8 patogios pagalv\u0117l\u0117s ir patraukl\u016bs porankiai.<br \/>\nJei norite dviej\u0173 spalv\u0173 audinio i\u0161d\u0117stymo, kaip parodyta nuotraukoje (tas pats audinys), nurodykite tai u\u017esakymo pastabose, nurodydami tiksli\u0105 spalv\u0105.<\/p>","protected":false},"excerpt":{"rendered":"<p>Ilgesn\u0117s kra\u0161tin\u0117s plotis [cm]: 325<br \/>\nTrumpesn\u0117s kra\u0161tin\u0117s plotis [cm]: 220<br \/>\nAuk\u0161tis [cm]: 122<br \/>\nKampo forma: L formos<br \/>\nKampinis stilius: modernus<br \/>\nI\u0161skleidimo sistema: n\u0117ra miegojimo funkcijos<\/p>","protected":false},"featured_media":339286,"comment_status":"open","ping_status":"closed","template":"","meta":[],"product_brand":[],"product_cat":[9133],"product_tag":[],"class_list":{"0":"post-209184","1":"product","2":"type-product","3":"status-publish","4":"has-post-thumbnail","6":"product_cat-grouped","8":"first","9":"instock","10":"shipping-taxable","11":"purchasable","12":"product-type-variable","13":"wvs-archive-product-wrapper"},"_links":{"self":[{"href":"https:\/\/baldumarket.lt\/lt\/wp-json\/wp\/v2\/product\/209184","targetHints":{"allow":["GET"]}}],"collection":[{"href":"https:\/\/baldumarket.lt\/lt\/wp-json\/wp\/v2\/product"}],"about":[{"href":"https:\/\/baldumarket.lt\/lt\/wp-json\/wp\/v2\/types\/product"}],"replies":[{"embeddable":true,"href":"https:\/\/baldumarket.lt\/lt\/wp-json\/wp\/v2\/comments?post=209184"}],"wp:featuredmedia":[{"embeddable":true,"href":"https:\/\/baldumarket.lt\/lt\/wp-json\/wp\/v2\/media\/339286"}],"wp:attachment":[{"href":"https:\/\/baldumarket.lt\/lt\/wp-json\/wp\/v2\/media?parent=209184"}],"wp:term":[{"taxonomy":"product_brand","embeddable":true,"href":"https:\/\/baldumarket.lt\/lt\/wp-json\/wp\/v2\/product_brand?post=209184"},{"taxonomy":"product_cat","embeddable":true,"href":"https:\/\/baldumarket.lt\/lt\/wp-json\/wp\/v2\/product_cat?post=209184"},{"taxonomy":"product_tag","embeddable":true,"href":"https:\/\/baldumarket.lt\/lt\/wp-json\/wp\/v2\/product_tag?post=209184"}],"curies":[{"name":"wp","href":"https:\/\/api.w.org\/{rel}","templated":true}]}}