{"id":209166,"date":"2025-12-26T02:45:41","date_gmt":"2025-12-25T23:45:41","guid":{"rendered":"https:\/\/baldumarket.lt\/?post_type=product&#038;p=209166"},"modified":"2026-02-12T01:52:03","modified_gmt":"2026-02-11T22:52:03","slug":"sofa-rozkladana-z-poduchami-malina-gr2","status":"publish","type":"product","link":"https:\/\/baldumarket.lt\/lt\/product\/sofa-rozkladana-z-poduchami-malina-gr2\/","title":{"rendered":"Sofa-lova su pagalv\u0117l\u0117mis Malina Gr2"},"content":{"rendered":"<p>\u201eMalina\u201c sofa-lova pasi\u017eymi auk\u0161ta kokybe, nes joje naudojamos modernios gamybos technologijos ir auk\u0161tos kokyb\u0117s apmu\u0161al\u0173 med\u017eiagos.<br \/>\n\u201eMalina\u201c sofos specifikacijos:<br \/>\nMiegamasis vienetas<br \/>\nS\u0117dyn\u0117 turi pakreipiam\u0105 spyruoklin\u0119 pak\u0117limo sistem\u0105 ir nulenkiam\u0105 atlo\u0161\u0105.<br \/>\nPatalyn\u0117<br \/>\nPasukamos spyruokl\u0117s<br \/>\nNugar\u0117l\u0117 aptraukta j\u016bs\u0173 pasirinktu audiniu, su patraukliomis si\u016bl\u0117mis ir keturiomis papildomomis pagalv\u0117l\u0117mis.<br \/>\nJei norite dvispalv\u0117s sofos \u2013 audinio pasiskirstymas toks, kaip parodyta nuotraukoje (tas pats audinys), nurodykite tai u\u017esakymo pastabose, nurodydami tikslias detales. Ta\u010diau dauguma klient\u0173 renkasi vienspalv\u012f model\u012f.<\/p>","protected":false},"excerpt":{"rendered":"<p>Plotis [cm]: 200<br \/>\nAuk\u0161tis [cm]: 85<br \/>\nGylis [cm]: 93<br \/>\nMiegamasis plotas [cm]: 138 \u00d7 204<br \/>\nPagalv\u0117s tipas: nuimamos pagalv\u0117s<\/p>","protected":false},"featured_media":209191,"comment_status":"open","ping_status":"closed","template":"","meta":[],"product_brand":[],"product_cat":[9133],"product_tag":[],"class_list":{"0":"post-209166","1":"product","2":"type-product","3":"status-publish","4":"has-post-thumbnail","6":"product_cat-grouped","8":"first","9":"instock","10":"shipping-taxable","11":"purchasable","12":"product-type-variable","13":"wvs-archive-product-wrapper"},"_links":{"self":[{"href":"https:\/\/baldumarket.lt\/lt\/wp-json\/wp\/v2\/product\/209166","targetHints":{"allow":["GET"]}}],"collection":[{"href":"https:\/\/baldumarket.lt\/lt\/wp-json\/wp\/v2\/product"}],"about":[{"href":"https:\/\/baldumarket.lt\/lt\/wp-json\/wp\/v2\/types\/product"}],"replies":[{"embeddable":true,"href":"https:\/\/baldumarket.lt\/lt\/wp-json\/wp\/v2\/comments?post=209166"}],"wp:featuredmedia":[{"embeddable":true,"href":"https:\/\/baldumarket.lt\/lt\/wp-json\/wp\/v2\/media\/209191"}],"wp:attachment":[{"href":"https:\/\/baldumarket.lt\/lt\/wp-json\/wp\/v2\/media?parent=209166"}],"wp:term":[{"taxonomy":"product_brand","embeddable":true,"href":"https:\/\/baldumarket.lt\/lt\/wp-json\/wp\/v2\/product_brand?post=209166"},{"taxonomy":"product_cat","embeddable":true,"href":"https:\/\/baldumarket.lt\/lt\/wp-json\/wp\/v2\/product_cat?post=209166"},{"taxonomy":"product_tag","embeddable":true,"href":"https:\/\/baldumarket.lt\/lt\/wp-json\/wp\/v2\/product_tag?post=209166"}],"curies":[{"name":"wp","href":"https:\/\/api.w.org\/{rel}","templated":true}]}}