{"id":209141,"date":"2025-12-26T02:44:19","date_gmt":"2025-12-25T23:44:19","guid":{"rendered":"https:\/\/baldumarket.lt\/?post_type=product&#038;p=209141"},"modified":"2026-04-05T11:04:52","modified_gmt":"2026-04-05T08:04:52","slug":"naroznik-rozkladany-darco-gr1","status":"publish","type":"product","link":"https:\/\/baldumarket.lt\/lt\/product\/naroznik-rozkladany-darco-gr1\/","title":{"rendered":"Darco Gr1 i\u0161skleid\u017eiama kampin\u0117 sofa"},"content":{"rendered":"<p>I\u0161skleid\u017eiama kampin\u0117 sofa \u201eDarco\u201c \u2013 tai mink\u0161tas baldas, kurio modernus, lengvas dizainas, papildytas prakti\u0161kais dizaino sprendimais ir auk\u0161tos kokyb\u0117s apmu\u0161al\u0173 med\u017eiagomis, puikiai tinka bet kuriai svetainei tiems, kurie vertina auk\u0161t\u0105 bald\u0173 kokyb\u0119 ir i\u0161skirtin\u012f komfort\u0105.<br \/>\n\u201eDarco\u201c specifikacijos:<br \/>\nS\u0117dyn\u0117 pagaminta i\u0161 patvari\u0173 vingiuot\u0173 spyruokli\u0173 ir T-30 apmu\u0161al\u0173 put\u0173<br \/>\nMedinis r\u0117mas + med\u017eio dro\u017eli\u0173 plok\u0161t\u0117 \/ laminuota plok\u0161t\u0117<br \/>\nMiego funkcija<br \/>\nI\u0161skleid\u017eiama kampin\u0117 sofa turi patalyn\u0117s skyri\u0173<br \/>\nFiksuotas atlo\u0161as<br \/>\nChromuotos plastikin\u0117s kojel\u0117s<br \/>\nAtlo\u0161as turi bar\u0105 ir puf\u0105<br \/>\nSimetrin\u0117 kampin\u0117 sofa<br \/>\nKampin\u0117 sofa tilps \u012f lift\u0105<br \/>\nKampin\u0117 sofa tilps pro 80 cm plo\u010dio duris<br \/>\nNugara aptraukta pasirinktu audiniu, dvi ma\u017eos pagalv\u0117l\u0117s, \u012fdomios formos.<br \/>\nJei kampin\u0117 sofa bus dviej\u0173 spalv\u0173 \u2013 audinio pasiskirstymas toks, kaip nuotraukoje (tas pats audinys), pra\u0161ome tai nurodyti u\u017esakymo pastabose, i\u0161samiai apra\u0161ant \ud83d\ude42<\/p>","protected":false},"excerpt":{"rendered":"<p>Ilgesn\u0117s kra\u0161tin\u0117s plotis [cm]: 285<br \/>\nTrumpesn\u0117s kra\u0161tin\u0117s plotis [cm]: 220<br \/>\nGylis [cm]: 83<br \/>\nMiegamasis plotas [cm]: 130 \u00d7 220<br \/>\nKampin\u0117s sofos stilius: modernus<br \/>\nI\u0161skleidimo sistema: I\u0161traukiamas ve\u017eim\u0117lis (delfinas)<\/p>","protected":false},"featured_media":339521,"comment_status":"open","ping_status":"closed","template":"","meta":[],"product_brand":[],"product_cat":[9133],"product_tag":[],"class_list":{"0":"post-209141","1":"product","2":"type-product","3":"status-publish","4":"has-post-thumbnail","6":"product_cat-grouped","8":"first","9":"instock","10":"shipping-taxable","11":"purchasable","12":"product-type-variable","13":"wvs-archive-product-wrapper"},"_links":{"self":[{"href":"https:\/\/baldumarket.lt\/lt\/wp-json\/wp\/v2\/product\/209141","targetHints":{"allow":["GET"]}}],"collection":[{"href":"https:\/\/baldumarket.lt\/lt\/wp-json\/wp\/v2\/product"}],"about":[{"href":"https:\/\/baldumarket.lt\/lt\/wp-json\/wp\/v2\/types\/product"}],"replies":[{"embeddable":true,"href":"https:\/\/baldumarket.lt\/lt\/wp-json\/wp\/v2\/comments?post=209141"}],"wp:featuredmedia":[{"embeddable":true,"href":"https:\/\/baldumarket.lt\/lt\/wp-json\/wp\/v2\/media\/339521"}],"wp:attachment":[{"href":"https:\/\/baldumarket.lt\/lt\/wp-json\/wp\/v2\/media?parent=209141"}],"wp:term":[{"taxonomy":"product_brand","embeddable":true,"href":"https:\/\/baldumarket.lt\/lt\/wp-json\/wp\/v2\/product_brand?post=209141"},{"taxonomy":"product_cat","embeddable":true,"href":"https:\/\/baldumarket.lt\/lt\/wp-json\/wp\/v2\/product_cat?post=209141"},{"taxonomy":"product_tag","embeddable":true,"href":"https:\/\/baldumarket.lt\/lt\/wp-json\/wp\/v2\/product_tag?post=209141"}],"curies":[{"name":"wp","href":"https:\/\/api.w.org\/{rel}","templated":true}]}}