{"id":209104,"date":"2025-12-26T02:42:38","date_gmt":"2025-12-25T23:42:38","guid":{"rendered":"https:\/\/baldumarket.lt\/?post_type=product&#038;p=209104"},"modified":"2026-04-06T14:50:52","modified_gmt":"2026-04-06T11:50:52","slug":"komplet-wypoczynkowy-sofa-i-fotele-honorata-311-gr3","status":"publish","type":"product","link":"https:\/\/baldumarket.lt\/lt\/produktas\/komplet-wypoczynkowy-sofa-i-fotele-honorata-311-gr3\/","title":{"rendered":"Honorata 3+1+1 Gr3 sofa ir foteliai poilsio komplektas"},"content":{"rendered":"<p>\u201eHonorata\u201c poilsio bald\u0173 komplektas \u2013 tai originalaus dizaino poilsio bald\u0173 komplektas. Tinkantis bet kokiam kambariui ar svetainei, \u201eHonorata\u201c poilsio bald\u0173 komplektas pasi\u017eymi patogia ir erdvia miegojimo funkcija bei patalyn\u0117s laikymui skirta vieta, tod\u0117l tai yra daugiafunkcis baldas, kur\u012f galima s\u0117kmingai naudoti tiek dien\u0105, tiek nakt\u012f. Parametrai:<br \/>\nBaldai pagaminti i\u0161 med\u017eio masyvo ir laminuotos plok\u0161t\u0117s.<br \/>\nPatalyn\u0117 saugykla<br \/>\nMiego funkcija<br \/>\nKop\u016bst\u0173 spyruoklinis \u012fd\u0117klas<br \/>\nFotelio matmenys:<br \/>\nPlotis [cm] 94<br \/>\n\u016agis [cm] 95<br \/>\nGylis [cm] 87<br \/>\nTriviet\u0117s sofos matmenys:<br \/>\nPlotis [cm] 182<br \/>\n\u016agis [cm] 95<br \/>\nS\u0117dyn\u0117s auk\u0161tis [cm] 48<br \/>\nGylis [cm] 83<br \/>\nS\u0117dyn\u0117s gylis [cm] 49<br \/>\nMiegamoji erdv\u0117: 140 cm x 190 cm<br \/>\nAutomatinis i\u0161skleidimo mechanizmas \u2013 ritininis kreiptuvas<br \/>\nMediena \u2013 tik tamsus rie\u0161utmedis, kaip parodyta paveiksl\u0117lyje<br \/>\nAtlo\u0161as aptrauktas pasirinktu audiniu, mediniai intarpai, nedidel\u0117 patalyn\u0117s d\u0117\u017e\u0117, patog\u016bs porankiai.<br \/>\nSvetain\u0117s komplekt\u0105 sudaro sofa ir du foteliai.<\/p>","protected":false},"excerpt":{"rendered":"<p>\u201eHonorata\u201c poilsio bald\u0173 komplektas \u2013 tai originalaus dizaino poilsio bald\u0173 komplektas. Tinkantis bet kokiam kambariui ar svetainei, \u201eHonorata\u201c poilsio bald\u0173 komplektas pasi\u017eymi patogia ir erdvia miegojimo funkcija bei patalyn\u0117s laikymui skirta vieta, tod\u0117l tai yra daugiafunkcis baldas, kur\u012f galima s\u0117kmingai naudoti tiek dien\u0105, tiek nakt\u012f. Parametrai: [\u2026]<\/p>","protected":false},"featured_media":339653,"comment_status":"open","ping_status":"closed","template":"","meta":[],"product_brand":[],"product_cat":[9133],"product_tag":[],"class_list":{"0":"post-209104","1":"product","2":"type-product","3":"status-publish","4":"has-post-thumbnail","6":"product_cat-grouped","8":"first","9":"instock","10":"shipping-taxable","11":"purchasable","12":"product-type-variable","13":"wvs-archive-product-wrapper"},"_links":{"self":[{"href":"https:\/\/baldumarket.lt\/lt\/wp-json\/wp\/v2\/product\/209104","targetHints":{"allow":["GET"]}}],"collection":[{"href":"https:\/\/baldumarket.lt\/lt\/wp-json\/wp\/v2\/product"}],"about":[{"href":"https:\/\/baldumarket.lt\/lt\/wp-json\/wp\/v2\/types\/product"}],"replies":[{"embeddable":true,"href":"https:\/\/baldumarket.lt\/lt\/wp-json\/wp\/v2\/comments?post=209104"}],"wp:featuredmedia":[{"embeddable":true,"href":"https:\/\/baldumarket.lt\/lt\/wp-json\/wp\/v2\/media\/339653"}],"wp:attachment":[{"href":"https:\/\/baldumarket.lt\/lt\/wp-json\/wp\/v2\/media?parent=209104"}],"wp:term":[{"taxonomy":"product_brand","embeddable":true,"href":"https:\/\/baldumarket.lt\/lt\/wp-json\/wp\/v2\/product_brand?post=209104"},{"taxonomy":"product_cat","embeddable":true,"href":"https:\/\/baldumarket.lt\/lt\/wp-json\/wp\/v2\/product_cat?post=209104"},{"taxonomy":"product_tag","embeddable":true,"href":"https:\/\/baldumarket.lt\/lt\/wp-json\/wp\/v2\/product_tag?post=209104"}],"curies":[{"name":"wp","href":"https:\/\/api.w.org\/{rel}","templated":true}]}}