{"id":209088,"date":"2025-12-26T02:41:54","date_gmt":"2025-12-25T23:41:54","guid":{"rendered":"https:\/\/baldumarket.lt\/?post_type=product&#038;p=209088"},"modified":"2026-04-06T14:52:40","modified_gmt":"2026-04-06T11:52:40","slug":"sofa-klasyczna-rozkladana-do-przodu-honorata-gr3","status":"publish","type":"product","link":"https:\/\/baldumarket.lt\/lt\/produktas\/sofa-klasyczna-rozkladana-do-przodu-honorata-gr3\/","title":{"rendered":"Klasikin\u0117 sofa su i\u0161skleid\u017eiama dalimi Honorata Gr3"},"content":{"rendered":"<p>\u201eHonorata\u201c sofa \u2013 tai unikalaus dizaino poilsio baldas. \u0160i sofa tinka bet kokiam kambariui ar svetainei. D\u0117l patogios ir erdvios miegojimo funkcijos bei patalyn\u0117s laikymo vietos ji tampa daugiafunkciu baldu, kur\u012f galima s\u0117kmingai naudoti tiek dien\u0105, tiek nakt\u012f.<br \/>\nHonoratos specifikacijos:<br \/>\nBaldai pagaminti i\u0161 medinio r\u0117mo ir laminuotos plok\u0161t\u0117s<br \/>\npatalyn\u0117s laikymo<br \/>\nmiego funkcija<br \/>\nvingiuotas spyruoklinis \u012fd\u0117klas<br \/>\nAutomatinis i\u0161skleidimo mechanizmas \u2013 ritininis kreiptuvas<br \/>\nMediena \u2013 tik tamsus rie\u0161utmedis, kaip parodyta paveiksl\u0117lyje<br \/>\nAtlo\u0161as aptrauktas pasirinktu audiniu, mediniai intarpai, nedidel\u0117 patalyn\u0117s d\u0117\u017e\u0117, patog\u016bs porankiai.<\/p>","protected":false},"excerpt":{"rendered":"<p>Plotis [cm]: 182<br \/>\nAuk\u0161tis [cm]: 95<br \/>\nGylis [cm]: 83<br \/>\nMiegamasis plotas [cm]: 140 \u00d7 190<br \/>\nPagalv\u0117s tipas: be pagalvi\u0173 \/ fiksuotos pagalv\u0117s<\/p>","protected":false},"featured_media":339656,"comment_status":"open","ping_status":"closed","template":"","meta":[],"product_brand":[],"product_cat":[9133],"product_tag":[],"class_list":{"0":"post-209088","1":"product","2":"type-product","3":"status-publish","4":"has-post-thumbnail","6":"product_cat-grouped","8":"first","9":"instock","10":"shipping-taxable","11":"purchasable","12":"product-type-variable","13":"wvs-archive-product-wrapper"},"_links":{"self":[{"href":"https:\/\/baldumarket.lt\/lt\/wp-json\/wp\/v2\/product\/209088","targetHints":{"allow":["GET"]}}],"collection":[{"href":"https:\/\/baldumarket.lt\/lt\/wp-json\/wp\/v2\/product"}],"about":[{"href":"https:\/\/baldumarket.lt\/lt\/wp-json\/wp\/v2\/types\/product"}],"replies":[{"embeddable":true,"href":"https:\/\/baldumarket.lt\/lt\/wp-json\/wp\/v2\/comments?post=209088"}],"wp:featuredmedia":[{"embeddable":true,"href":"https:\/\/baldumarket.lt\/lt\/wp-json\/wp\/v2\/media\/339656"}],"wp:attachment":[{"href":"https:\/\/baldumarket.lt\/lt\/wp-json\/wp\/v2\/media?parent=209088"}],"wp:term":[{"taxonomy":"product_brand","embeddable":true,"href":"https:\/\/baldumarket.lt\/lt\/wp-json\/wp\/v2\/product_brand?post=209088"},{"taxonomy":"product_cat","embeddable":true,"href":"https:\/\/baldumarket.lt\/lt\/wp-json\/wp\/v2\/product_cat?post=209088"},{"taxonomy":"product_tag","embeddable":true,"href":"https:\/\/baldumarket.lt\/lt\/wp-json\/wp\/v2\/product_tag?post=209088"}],"curies":[{"name":"wp","href":"https:\/\/api.w.org\/{rel}","templated":true}]}}