{"id":209045,"date":"2025-12-26T02:39:58","date_gmt":"2025-12-25T23:39:58","guid":{"rendered":"https:\/\/baldumarket.lt\/?post_type=product&#038;p=209045"},"modified":"2026-02-12T01:48:29","modified_gmt":"2026-02-11T22:48:29","slug":"sofa-rozkladana-z-poduchami-xara-gr1","status":"publish","type":"product","link":"https:\/\/baldumarket.lt\/lt\/product\/sofa-rozkladana-z-poduchami-xara-gr1\/","title":{"rendered":"Xara Gr1 sofa-lova su pagalv\u0117l\u0117mis"},"content":{"rendered":"<p>\u201eXara\u201c sofa-lova \u2013 tai modernus poilsio baldas su eleganti\u0161komis, kontrastingomis si\u016bl\u0117mis, suteikian\u010diomis charakterio bet kokiam interjerui, dekoruotas grak\u0161\u010diai ir \u017eavingai. Patogi s\u0117dyn\u0117 puikiai tinka naudoti tiek dien\u0105, tiek, d\u0117l didelio, lygaus pavir\u0161iaus miegui, nakt\u012f.<br \/>\nXara specifikacijos:<br \/>\nSofa yra medinio r\u0117mo ir laminuotos lentos,<br \/>\npatalyn\u0117s laikymo<br \/>\nmiego funkcija<br \/>\nautomatin\u0117 funkcija lengvam i\u0161skleidimui<br \/>\nserijinis spyruoklinis \u012fd\u0117klas<br \/>\nNugar\u0117l\u0117 aptraukta j\u016bs\u0173 pasirinktu audiniu, su patraukliomis si\u016bl\u0117mis ir keturiomis papildomomis pagalv\u0117l\u0117mis.<br \/>\nJei norite dvispalv\u0117s sofos \u2013 audinio pasiskirstymas toks, kaip parodyta nuotraukoje (tas pats audinys), nurodykite tai u\u017esakymo pastabose, nurodydami tikslias detales. Ta\u010diau dauguma klient\u0173 renkasi vienspalv\u012f model\u012f.<\/p>","protected":false},"excerpt":{"rendered":"<p>Plotis [cm]: 221<br \/>\nAuk\u0161tis [cm]: 100<br \/>\nGylis [cm]: 98<br \/>\nMiegamasis plotas [cm]: 142 \u00d7 192<br \/>\nPagalv\u0117s tipas: nuimamos pagalv\u0117s<\/p>","protected":false},"featured_media":209079,"comment_status":"open","ping_status":"closed","template":"","meta":[],"product_brand":[],"product_cat":[9133],"product_tag":[],"class_list":{"0":"post-209045","1":"product","2":"type-product","3":"status-publish","4":"has-post-thumbnail","6":"product_cat-grouped","8":"first","9":"instock","10":"shipping-taxable","11":"purchasable","12":"product-type-variable","13":"wvs-archive-product-wrapper"},"_links":{"self":[{"href":"https:\/\/baldumarket.lt\/lt\/wp-json\/wp\/v2\/product\/209045","targetHints":{"allow":["GET"]}}],"collection":[{"href":"https:\/\/baldumarket.lt\/lt\/wp-json\/wp\/v2\/product"}],"about":[{"href":"https:\/\/baldumarket.lt\/lt\/wp-json\/wp\/v2\/types\/product"}],"replies":[{"embeddable":true,"href":"https:\/\/baldumarket.lt\/lt\/wp-json\/wp\/v2\/comments?post=209045"}],"wp:featuredmedia":[{"embeddable":true,"href":"https:\/\/baldumarket.lt\/lt\/wp-json\/wp\/v2\/media\/209079"}],"wp:attachment":[{"href":"https:\/\/baldumarket.lt\/lt\/wp-json\/wp\/v2\/media?parent=209045"}],"wp:term":[{"taxonomy":"product_brand","embeddable":true,"href":"https:\/\/baldumarket.lt\/lt\/wp-json\/wp\/v2\/product_brand?post=209045"},{"taxonomy":"product_cat","embeddable":true,"href":"https:\/\/baldumarket.lt\/lt\/wp-json\/wp\/v2\/product_cat?post=209045"},{"taxonomy":"product_tag","embeddable":true,"href":"https:\/\/baldumarket.lt\/lt\/wp-json\/wp\/v2\/product_tag?post=209045"}],"curies":[{"name":"wp","href":"https:\/\/api.w.org\/{rel}","templated":true}]}}