{"id":209022,"date":"2025-12-26T02:39:11","date_gmt":"2025-12-25T23:39:11","guid":{"rendered":"https:\/\/baldumarket.lt\/?post_type=product&#038;p=209022"},"modified":"2026-02-12T01:52:10","modified_gmt":"2026-02-11T22:52:10","slug":"sofa-rozkladana-z-zaglowkami-wenus-2-pufy-gr2","status":"publish","type":"product","link":"https:\/\/baldumarket.lt\/lt\/product\/sofa-rozkladana-z-zaglowkami-wenus-2-pufy-gr2\/","title":{"rendered":"Wenus sofa-lova su galvos atramomis + 2 pufai Gr2"},"content":{"rendered":"<p>Triviet\u0117 \u201eWenus\u201c sofa-lova yra prakti\u0161kas, modernaus dizaino poilsio baldas, o patogi s\u0117dyn\u0117 puikiai tinka tiek kasdieniam naudojimui, tiek laisvalaikiui.<br \/>\n\u201eWenus\u201c parametrai:<br \/>\nPatalyn\u0117 saugykla<br \/>\nBe to, du nemokami pufai<br \/>\nMiego funkcija<br \/>\nAutomatinis i\u0161skleidimo mechanizmas: ritininis kreiptuvas<br \/>\nU\u017epildyta vingiuotomis spyruokl\u0117mis ir apmu\u0161al\u0173 putomis<br \/>\nJ\u016bs\u0173 pasirinktu audiniu aptrauktas atlo\u0161as, dvi reguliuojamo auk\u0161\u010dio galvos atramos, nedidel\u0117 patalyn\u0117s spintel\u0117, patog\u016bs porankiai ir du pufai.<\/p>","protected":false},"excerpt":{"rendered":"<p>Plotis [cm]: 205\u2013214<br \/>\nAuk\u0161tis [cm]: 95<br \/>\nGylis [cm]: 93<br \/>\nMiegamasis plotas [cm]: 148 \u00d7 197<br \/>\nPagalv\u0117s tipas: be pagalvi\u0173 \/ fiksuotos pagalv\u0117s<\/p>","protected":false},"featured_media":209047,"comment_status":"open","ping_status":"closed","template":"","meta":[],"product_brand":[],"product_cat":[9133],"product_tag":[],"class_list":{"0":"post-209022","1":"product","2":"type-product","3":"status-publish","4":"has-post-thumbnail","6":"product_cat-grouped","8":"first","9":"instock","10":"shipping-taxable","11":"purchasable","12":"product-type-variable","13":"wvs-archive-product-wrapper"},"_links":{"self":[{"href":"https:\/\/baldumarket.lt\/lt\/wp-json\/wp\/v2\/product\/209022","targetHints":{"allow":["GET"]}}],"collection":[{"href":"https:\/\/baldumarket.lt\/lt\/wp-json\/wp\/v2\/product"}],"about":[{"href":"https:\/\/baldumarket.lt\/lt\/wp-json\/wp\/v2\/types\/product"}],"replies":[{"embeddable":true,"href":"https:\/\/baldumarket.lt\/lt\/wp-json\/wp\/v2\/comments?post=209022"}],"wp:featuredmedia":[{"embeddable":true,"href":"https:\/\/baldumarket.lt\/lt\/wp-json\/wp\/v2\/media\/209047"}],"wp:attachment":[{"href":"https:\/\/baldumarket.lt\/lt\/wp-json\/wp\/v2\/media?parent=209022"}],"wp:term":[{"taxonomy":"product_brand","embeddable":true,"href":"https:\/\/baldumarket.lt\/lt\/wp-json\/wp\/v2\/product_brand?post=209022"},{"taxonomy":"product_cat","embeddable":true,"href":"https:\/\/baldumarket.lt\/lt\/wp-json\/wp\/v2\/product_cat?post=209022"},{"taxonomy":"product_tag","embeddable":true,"href":"https:\/\/baldumarket.lt\/lt\/wp-json\/wp\/v2\/product_tag?post=209022"}],"curies":[{"name":"wp","href":"https:\/\/api.w.org\/{rel}","templated":true}]}}