{"id":208995,"date":"2025-12-26T02:37:38","date_gmt":"2025-12-25T23:37:38","guid":{"rendered":"https:\/\/baldumarket.lt\/?post_type=product&#038;p=208995"},"modified":"2026-04-05T10:19:07","modified_gmt":"2026-04-05T07:19:07","slug":"sofa-rozkladana-z-poduchami-cher-gr0","status":"publish","type":"product","link":"https:\/\/baldumarket.lt\/lt\/product\/sofa-rozkladana-z-poduchami-cher-gr0\/","title":{"rendered":"Cher Gr0 sofa-lova su pagalv\u0117l\u0117mis"},"content":{"rendered":"<p>\u2019Cher\u201c sofa \u2013 tai originalaus dizaino poilsio baldas. Tinka bet kokiam kambariui \u2013 nuo svetain\u0117s iki paaugli\u0173 kambari\u0173. Sofa turi patogi\u0105, erdvi\u0105 miegojimo funkcij\u0105 ir daiktad\u0117\u017e\u0119, tod\u0117l tai daugiafunkcis baldas, kur\u012f galima naudoti tiek dien\u0105, tiek nakt\u012f.<br \/>\nCher specifikacijos:<br \/>\nBaldai pagaminti i\u0161 medinio r\u0117mo ir laminuotos plok\u0161t\u0117s,<br \/>\ndaiktad\u0117\u017e\u0117<br \/>\nmiego funkcija<br \/>\nautomatinis mechanizmas lengvam i\u0161skleidimui<br \/>\nvingiuot\u0173 spyruokli\u0173 u\u017epildymas didelio elastingumo putomis<br \/>\nJei sofa bus dviej\u0173 spalv\u0173, nurodykite audinio spalv\u0173 schem\u0105, kaip parodyta nuotraukoje (tas pats audinys). Pra\u0161ome tai nurodyti u\u017esakymo pastabose, nurodant tikslias detales.<br \/>\nAtlo\u0161as aptrauktas pasirinktu audiniu, turi tris patogias pagalv\u0117les ir kont\u016bruotus porankius.<\/p>","protected":false},"excerpt":{"rendered":"<p>Plotis [cm]: 248<br \/>\nAuk\u0161tis [cm]: 92<br \/>\nGylis [cm]: 106<br \/>\nMiegamasis plotas [cm]: 142 \u00d7 192<br \/>\nPagalv\u0117s tipas: nuimamos pagalv\u0117s<\/p>","protected":false},"featured_media":339499,"comment_status":"open","ping_status":"closed","template":"","meta":[],"product_brand":[],"product_cat":[9133],"product_tag":[],"class_list":{"0":"post-208995","1":"product","2":"type-product","3":"status-publish","4":"has-post-thumbnail","6":"product_cat-grouped","8":"first","9":"instock","10":"shipping-taxable","11":"purchasable","12":"product-type-variable","13":"wvs-archive-product-wrapper"},"_links":{"self":[{"href":"https:\/\/baldumarket.lt\/lt\/wp-json\/wp\/v2\/product\/208995","targetHints":{"allow":["GET"]}}],"collection":[{"href":"https:\/\/baldumarket.lt\/lt\/wp-json\/wp\/v2\/product"}],"about":[{"href":"https:\/\/baldumarket.lt\/lt\/wp-json\/wp\/v2\/types\/product"}],"replies":[{"embeddable":true,"href":"https:\/\/baldumarket.lt\/lt\/wp-json\/wp\/v2\/comments?post=208995"}],"wp:featuredmedia":[{"embeddable":true,"href":"https:\/\/baldumarket.lt\/lt\/wp-json\/wp\/v2\/media\/339499"}],"wp:attachment":[{"href":"https:\/\/baldumarket.lt\/lt\/wp-json\/wp\/v2\/media?parent=208995"}],"wp:term":[{"taxonomy":"product_brand","embeddable":true,"href":"https:\/\/baldumarket.lt\/lt\/wp-json\/wp\/v2\/product_brand?post=208995"},{"taxonomy":"product_cat","embeddable":true,"href":"https:\/\/baldumarket.lt\/lt\/wp-json\/wp\/v2\/product_cat?post=208995"},{"taxonomy":"product_tag","embeddable":true,"href":"https:\/\/baldumarket.lt\/lt\/wp-json\/wp\/v2\/product_tag?post=208995"}],"curies":[{"name":"wp","href":"https:\/\/api.w.org\/{rel}","templated":true}]}}