{"id":208979,"date":"2025-12-26T02:36:52","date_gmt":"2025-12-25T23:36:52","guid":{"rendered":"https:\/\/baldumarket.lt\/?post_type=product&#038;p=208979"},"modified":"2026-04-02T15:26:04","modified_gmt":"2026-04-02T12:26:04","slug":"naroznik-rozkladany-mexico-de-lux-gr0","status":"publish","type":"product","link":"https:\/\/baldumarket.lt\/lt\/product\/naroznik-rozkladany-mexico-de-lux-gr0\/","title":{"rendered":"Sulankstoma kampin\u0117 sofa \u201eMexico De Lux Gr0\u201c"},"content":{"rendered":"<p>I\u0161skleid\u017eiama kampin\u0117 sofa \u2019Mexico Lux\u201c \u2013 tai originalaus dizaino poilsio baldas. \u0160i kampin\u0117 sofa tinka bet kokiam kambariui \u2013 nuo svetain\u0117s iki paaugli\u0173 miegamojo. Patogi ir erdvi miegojimo funkcija bei patalyn\u0117s skyrius paver\u010dia j\u0105 daugiafunkciniu baldu, kur\u012f galima naudoti tiek dien\u0105, tiek nakt\u012f.<br \/>\nMeksikos specifikacijos:<br \/>\nS\u0117dyn\u0117 pagaminta i\u0161 patvari\u0173 vingiuot\u0173 spyruokli\u0173 ir T-30 apmu\u0161al\u0173 put\u0173<br \/>\nMedinis r\u0117mas + med\u017eio dro\u017eli\u0173 plok\u0161t\u0117 \/ laminuota plok\u0161t\u0117<br \/>\nAtlo\u0161as: HR putplastis<br \/>\nMiego funkcija<br \/>\nI\u0161skleid\u017eiama kampin\u0117 sofa turi patalyn\u0117s skyri\u0173<br \/>\nFiksuotas atlo\u0161as + judamos galvos atramos<br \/>\nChromuotos plastikin\u0117s kojel\u0117s<br \/>\nKampin\u0117 sofa pavaizduota de\u0161in\u0117je<br \/>\nKampin\u0117 sofa tilps \u012f lift\u0105<br \/>\nKampin\u0117 sofa tilps pro 80 cm plo\u010dio dur\u0173 ang\u0105<br \/>\nNugara aptraukta pasirinktu audiniu, kont\u016bruota nugara + dvi pagalv\u0117l\u0117s ir \u012fdomi forma.<\/p>","protected":false},"excerpt":{"rendered":"<p>Ilgesn\u0117s kra\u0161tin\u0117s plotis [cm]: 263<br \/>\nTrumpesn\u0117s kra\u0161tin\u0117s plotis [cm]: 178<br \/>\nAuk\u0161tis [cm]: 80<br \/>\nMiegamasis plotas [cm]: 130 \u00d7 211<br \/>\nKampin\u0117s sofos stilius: modernus<br \/>\nI\u0161skleidimo sistema: I\u0161traukiamas ve\u017eim\u0117lis (delfinas)<\/p>","protected":false},"featured_media":209015,"comment_status":"open","ping_status":"closed","template":"","meta":[],"product_brand":[],"product_cat":[9133],"product_tag":[],"class_list":{"0":"post-208979","1":"product","2":"type-product","3":"status-publish","4":"has-post-thumbnail","6":"product_cat-grouped","8":"first","9":"instock","10":"shipping-taxable","11":"purchasable","12":"product-type-variable","13":"wvs-archive-product-wrapper"},"_links":{"self":[{"href":"https:\/\/baldumarket.lt\/lt\/wp-json\/wp\/v2\/product\/208979","targetHints":{"allow":["GET"]}}],"collection":[{"href":"https:\/\/baldumarket.lt\/lt\/wp-json\/wp\/v2\/product"}],"about":[{"href":"https:\/\/baldumarket.lt\/lt\/wp-json\/wp\/v2\/types\/product"}],"replies":[{"embeddable":true,"href":"https:\/\/baldumarket.lt\/lt\/wp-json\/wp\/v2\/comments?post=208979"}],"wp:featuredmedia":[{"embeddable":true,"href":"https:\/\/baldumarket.lt\/lt\/wp-json\/wp\/v2\/media\/209015"}],"wp:attachment":[{"href":"https:\/\/baldumarket.lt\/lt\/wp-json\/wp\/v2\/media?parent=208979"}],"wp:term":[{"taxonomy":"product_brand","embeddable":true,"href":"https:\/\/baldumarket.lt\/lt\/wp-json\/wp\/v2\/product_brand?post=208979"},{"taxonomy":"product_cat","embeddable":true,"href":"https:\/\/baldumarket.lt\/lt\/wp-json\/wp\/v2\/product_cat?post=208979"},{"taxonomy":"product_tag","embeddable":true,"href":"https:\/\/baldumarket.lt\/lt\/wp-json\/wp\/v2\/product_tag?post=208979"}],"curies":[{"name":"wp","href":"https:\/\/api.w.org\/{rel}","templated":true}]}}