{"id":208947,"date":"2025-12-26T02:35:18","date_gmt":"2025-12-25T23:35:18","guid":{"rendered":"https:\/\/baldumarket.lt\/?post_type=product&#038;p=208947"},"modified":"2026-04-06T15:03:22","modified_gmt":"2026-04-06T12:03:22","slug":"sofa-rozkladana-z-poduchami-iga-gr0","status":"publish","type":"product","link":"https:\/\/baldumarket.lt\/lt\/produktas\/sofa-rozkladana-z-poduchami-iga-gr0\/","title":{"rendered":"\u201eIga Gr0\u201c sofa-lova su pagalv\u0117l\u0117mis"},"content":{"rendered":"<p>\u2019Iga\u201c sofa \u2013 tai unikalaus dizaino poilsio sofa. \u0160i sofa tinka bet kokiam kambariui \u2013 nuo svetain\u0117s iki paaugli\u0173 kambari\u0173. D\u0117l patogios ir erdvios miegojimo funkcijos bei patalyn\u0117s laikymo vietos ji tampa daugiafunkciu baldu, kur\u012f galima s\u0117kmingai naudoti tiek dien\u0105, tiek nakt\u012f.<br \/>\nIga parametrai:<br \/>\nBaldai pagaminti i\u0161 medinio r\u0117mo ir laminuotos plok\u0161t\u0117s<br \/>\nPatalyn\u0117 saugykla<br \/>\nMiego funkcija<br \/>\nAutomatinis i\u0161skleidimas<br \/>\n\u012ed\u0117jimas vingiuotomis spyruokl\u0117mis<br \/>\nNugar\u0117l\u0117 aptraukta j\u016bs\u0173 pasirinktu audiniu su \u012fdomiomis si\u016bl\u0117mis, komplekte yra keturios pagalv\u0117l\u0117s ir dvi ma\u017eesn\u0117s pagalv\u0117l\u0117s.<br \/>\nJei norite dvispalv\u0117s sofos \u2013 audinio pasiskirstymas toks, kaip parodyta nuotraukoje (tas pats audinys), nurodykite tai u\u017esakymo pastabose, nurodydami tikslias detales. Ta\u010diau dauguma klient\u0173 renkasi vienspalv\u012f model\u012f.<\/p>","protected":false},"excerpt":{"rendered":"<p>Plotis [cm]: 220<br \/>\nAuk\u0161tis [cm]: 103<br \/>\nGylis [cm]: 90<br \/>\nMiegamasis plotas [cm]: 147 \u00d7 197<br \/>\nPagalv\u0117s tipas: nuimamos pagalv\u0117s<\/p>","protected":false},"featured_media":339667,"comment_status":"open","ping_status":"closed","template":"","meta":[],"product_brand":[],"product_cat":[9133],"product_tag":[],"class_list":{"0":"post-208947","1":"product","2":"type-product","3":"status-publish","4":"has-post-thumbnail","6":"product_cat-grouped","8":"first","9":"instock","10":"shipping-taxable","11":"purchasable","12":"product-type-variable","13":"wvs-archive-product-wrapper"},"_links":{"self":[{"href":"https:\/\/baldumarket.lt\/lt\/wp-json\/wp\/v2\/product\/208947","targetHints":{"allow":["GET"]}}],"collection":[{"href":"https:\/\/baldumarket.lt\/lt\/wp-json\/wp\/v2\/product"}],"about":[{"href":"https:\/\/baldumarket.lt\/lt\/wp-json\/wp\/v2\/types\/product"}],"replies":[{"embeddable":true,"href":"https:\/\/baldumarket.lt\/lt\/wp-json\/wp\/v2\/comments?post=208947"}],"wp:featuredmedia":[{"embeddable":true,"href":"https:\/\/baldumarket.lt\/lt\/wp-json\/wp\/v2\/media\/339667"}],"wp:attachment":[{"href":"https:\/\/baldumarket.lt\/lt\/wp-json\/wp\/v2\/media?parent=208947"}],"wp:term":[{"taxonomy":"product_brand","embeddable":true,"href":"https:\/\/baldumarket.lt\/lt\/wp-json\/wp\/v2\/product_brand?post=208947"},{"taxonomy":"product_cat","embeddable":true,"href":"https:\/\/baldumarket.lt\/lt\/wp-json\/wp\/v2\/product_cat?post=208947"},{"taxonomy":"product_tag","embeddable":true,"href":"https:\/\/baldumarket.lt\/lt\/wp-json\/wp\/v2\/product_tag?post=208947"}],"curies":[{"name":"wp","href":"https:\/\/api.w.org\/{rel}","templated":true}]}}