{"id":208946,"date":"2025-12-26T02:35:17","date_gmt":"2025-12-25T23:35:17","guid":{"rendered":"https:\/\/baldumarket.lt\/?post_type=product&#038;p=208946"},"modified":"2026-04-03T11:00:03","modified_gmt":"2026-04-03T08:00:03","slug":"wersalka-rozkladana-z-ruchomymi-zaglowkami-antonio","status":"publish","type":"product","link":"https:\/\/baldumarket.lt\/lt\/product\/wersalka-rozkladana-z-ruchomymi-zaglowkami-antonio\/","title":{"rendered":"Antonio i\u0161skleid\u017eiama sofa-lova su reguliuojamo ilgio galvos atramomis"},"content":{"rendered":"<p>\u2019Antonio\u201c sofa-lova \u2013 tai unikalaus dizaino poilsio fotelis. \u0160i sofa-lova tinka bet kokiam kambariui \u2013 nuo svetain\u0117s iki paaugli\u0173 kambari\u0173. D\u0117l patogios ir erdvios miegojimo funkcijos bei patalyn\u0117s laikymo vietos ji tampa daugiafunkciu baldu, kur\u012f galima naudoti tiek dien\u0105, tiek nakt\u012f.<br \/>\nAntonio specifikacijos:<br \/>\nBaldai pagaminti i\u0161 med\u017eio masyvo ir laminuotos plok\u0161t\u0117s.<br \/>\nPatalyn\u0117 saugykla<br \/>\nMiego funkcija<br \/>\n\u012ed\u0117jimas: vingiuotos spyruokl\u0117s<br \/>\nAtlo\u0161iama: spragtel\u0117jimo mechanizmu valdoma sofa-lova su dviem ma\u017eomis pagalv\u0117l\u0117mis (porankiais) ir reguliuojamais galvos atlo\u0161ais.<br \/>\nNugara pagaminta i\u0161 techninio audinio.<br \/>\nJei norite dviej\u0173 spalv\u0173 sofos-lovos, nurodykite audinio pasiskirstym\u0105, kaip parodyta nuotraukoje (tas pats audinys). Renkantis audin\u012f, pagrind\u0105\u2026 \u012fd\u0117klus\u2026<\/p>","protected":false},"excerpt":{"rendered":"<p>\u2019Antonio\u201c sofa-lova \u2013 tai unikalaus dizaino poilsio fotelis. \u0160i sofa-lova tinka bet kokiam kambariui \u2013 nuo svetain\u0117s iki paaugli\u0173 kambari\u0173. D\u0117l patogios ir erdvios miegojimo funkcijos bei patalyn\u0117s laikymo vietos ji tampa daugiafunkciu baldu, kur\u012f galima naudoti tiek dien\u0105, tiek nakt\u012f. \u201eAntonio\u201c specifikacijos: [\u2026]<\/p>","protected":false},"featured_media":208967,"comment_status":"open","ping_status":"closed","template":"","meta":[],"product_brand":[],"product_cat":[10172,6950,560],"product_tag":[],"class_list":{"0":"post-208946","1":"product","2":"type-product","3":"status-publish","4":"has-post-thumbnail","6":"product_cat-sofas-kinas-meble","7":"product_cat-kinas","8":"product_cat-sofas-and-couches","10":"first","11":"instock","12":"shipping-taxable","13":"product-type-grouped"},"_links":{"self":[{"href":"https:\/\/baldumarket.lt\/lt\/wp-json\/wp\/v2\/product\/208946","targetHints":{"allow":["GET"]}}],"collection":[{"href":"https:\/\/baldumarket.lt\/lt\/wp-json\/wp\/v2\/product"}],"about":[{"href":"https:\/\/baldumarket.lt\/lt\/wp-json\/wp\/v2\/types\/product"}],"replies":[{"embeddable":true,"href":"https:\/\/baldumarket.lt\/lt\/wp-json\/wp\/v2\/comments?post=208946"}],"wp:featuredmedia":[{"embeddable":true,"href":"https:\/\/baldumarket.lt\/lt\/wp-json\/wp\/v2\/media\/208967"}],"wp:attachment":[{"href":"https:\/\/baldumarket.lt\/lt\/wp-json\/wp\/v2\/media?parent=208946"}],"wp:term":[{"taxonomy":"product_brand","embeddable":true,"href":"https:\/\/baldumarket.lt\/lt\/wp-json\/wp\/v2\/product_brand?post=208946"},{"taxonomy":"product_cat","embeddable":true,"href":"https:\/\/baldumarket.lt\/lt\/wp-json\/wp\/v2\/product_cat?post=208946"},{"taxonomy":"product_tag","embeddable":true,"href":"https:\/\/baldumarket.lt\/lt\/wp-json\/wp\/v2\/product_tag?post=208946"}],"curies":[{"name":"wp","href":"https:\/\/api.w.org\/{rel}","templated":true}]}}