{"id":208915,"date":"2025-12-26T02:34:11","date_gmt":"2025-12-25T23:34:11","guid":{"rendered":"https:\/\/baldumarket.lt\/?post_type=product&#038;p=208915"},"modified":"2026-04-04T10:38:08","modified_gmt":"2026-04-04T07:38:08","slug":"naroznik-rozkladany-avatar-pufa-gr0","status":"publish","type":"product","link":"https:\/\/baldumarket.lt\/lt\/product\/naroznik-rozkladany-avatar-pufa-gr0\/","title":{"rendered":"Avataras i\u0161skleid\u017eiama kampin\u0117 sofa + Gr0 pufas"},"content":{"rendered":"<p>Kampin\u0117 sofa su pufu \u201eAvatar\u201c \u017eavi savo moderniu dizainu, kuris papildys daugel\u012f \u0161iuolaikini\u0173 interjer\u0173. Be to, jos 205 \u00d7 305 cm matmenys suteikia didel\u012f komfort\u0105 ir erdv\u0119 vakarams su draugais ar \u0161eima. Kampin\u0117 sofa su pufu si\u016bloma i\u0161 \u012fvairi\u0173 audini\u0173 spalv\u0173, tod\u0117l ji puikiai papildys paauglio kambario ar svetain\u0117s interjer\u0105. I\u0161traukiamas baras ir pufas leid\u017eia patogiai atsipalaiduoti skaitant knyg\u0105 ar \u017ei\u016brint film\u0105, o vietos g\u0117rimui \u2013 daug. Kampin\u0117 sofa su pufu \u2013 tai patogi 150 \u00d7 250 cm dyd\u017eio lova, suteikianti daug komforto ir erdv\u0117s visiems. \u201eAvatar\u201c specifikacijos:<br \/>\nS\u0117dyn\u0117 pagaminta i\u0161 patvari\u0173 vingiuot\u0173 spyruokli\u0173 ir T-30 apmu\u0161al\u0173 put\u0173<br \/>\nMedinis r\u0117mas + med\u017eio dro\u017eli\u0173 plok\u0161t\u0117 \/ laminuota plok\u0161t\u0117<br \/>\nMiego funkcija<br \/>\nKampin\u0117 sofa su dviem daiktad\u0117\u017e\u0117mis<br \/>\nPapildomos u\u017etrauktukais u\u017esegamos pagalv\u0117l\u0117s<br \/>\nChromuotos kojel\u0117s<br \/>\nAtlo\u0161as su baru ir pufu<br \/>\nSimetrin\u0117 kampin\u0117 sofa<br \/>\nKampin\u0117 sofa tilps \u012f lift\u0105<br \/>\nKampin\u0117 sofa tilps pro 80 cm plo\u010dio duris<br \/>\nAtlo\u0161as aptrauktas pasirinktu audiniu, 5 patogios pagalv\u0117l\u0117s, \u012fdomi forma.<br \/>\nJei pageidaujate dviej\u0173 spalv\u0173 kampin\u0117s sofos, nurodykite audinio pasiskirstym\u0105, kaip parodyta nuotraukoje (tas pats audinys). Pra\u0161ome tai nurodyti u\u017esakymo pastabose, nurodant tikslias detales.<\/p>","protected":false},"excerpt":{"rendered":"<p>Ilgesn\u0117s kra\u0161tin\u0117s plotis [cm]: 305<br \/>\nTrumpesn\u0117s kra\u0161tin\u0117s plotis [cm]: 205<br \/>\nGylis [cm]: 98<br \/>\nMiegamasis plotas [cm]: 150 \u00d7 250<br \/>\nKampin\u0117s sofos stilius: modernus<br \/>\nI\u0161skleidimo sistema: Automatin\u0117, kad b\u016bt\u0173 lengva i\u0161skleisti \/ DL<\/p>","protected":false},"featured_media":339471,"comment_status":"open","ping_status":"closed","template":"","meta":[],"product_brand":[],"product_cat":[9133],"product_tag":[],"class_list":{"0":"post-208915","1":"product","2":"type-product","3":"status-publish","4":"has-post-thumbnail","6":"product_cat-grouped","8":"first","9":"instock","10":"shipping-taxable","11":"purchasable","12":"product-type-variable","13":"wvs-archive-product-wrapper"},"_links":{"self":[{"href":"https:\/\/baldumarket.lt\/lt\/wp-json\/wp\/v2\/product\/208915","targetHints":{"allow":["GET"]}}],"collection":[{"href":"https:\/\/baldumarket.lt\/lt\/wp-json\/wp\/v2\/product"}],"about":[{"href":"https:\/\/baldumarket.lt\/lt\/wp-json\/wp\/v2\/types\/product"}],"replies":[{"embeddable":true,"href":"https:\/\/baldumarket.lt\/lt\/wp-json\/wp\/v2\/comments?post=208915"}],"wp:featuredmedia":[{"embeddable":true,"href":"https:\/\/baldumarket.lt\/lt\/wp-json\/wp\/v2\/media\/339471"}],"wp:attachment":[{"href":"https:\/\/baldumarket.lt\/lt\/wp-json\/wp\/v2\/media?parent=208915"}],"wp:term":[{"taxonomy":"product_brand","embeddable":true,"href":"https:\/\/baldumarket.lt\/lt\/wp-json\/wp\/v2\/product_brand?post=208915"},{"taxonomy":"product_cat","embeddable":true,"href":"https:\/\/baldumarket.lt\/lt\/wp-json\/wp\/v2\/product_cat?post=208915"},{"taxonomy":"product_tag","embeddable":true,"href":"https:\/\/baldumarket.lt\/lt\/wp-json\/wp\/v2\/product_tag?post=208915"}],"curies":[{"name":"wp","href":"https:\/\/api.w.org\/{rel}","templated":true}]}}