{"id":208914,"date":"2025-12-26T02:34:10","date_gmt":"2025-12-25T23:34:10","guid":{"rendered":"https:\/\/baldumarket.lt\/?post_type=product&#038;p=208914"},"modified":"2026-04-04T10:54:14","modified_gmt":"2026-04-04T07:54:14","slug":"sofa-rozkladana-z-poduchami-benita","status":"publish","type":"product","link":"https:\/\/baldumarket.lt\/lt\/product\/sofa-rozkladana-z-poduchami-benita\/","title":{"rendered":"Benita sofa-lova su pagalv\u0117l\u0117mis"},"content":{"rendered":"<p>\u2019Benita\u201c sofa-lova \u2013 tai unikalaus dizaino poilsio kambario baldas. \u0160i sofa tinka bet kokiam kambariui \u2013 nuo svetain\u0117s iki paaugli\u0173 kambari\u0173. D\u0117l patogios ir erdvios miegojimo funkcijos bei patalyn\u0117s laikymo vietos ji tampa daugiafunkciu baldu, kur\u012f galima naudoti tiek dien\u0105, tiek nakt\u012f.<br \/>\nBenitos specifikacijos:<br \/>\nBaldai pagaminti i\u0161 medinio r\u0117mo ir laminuotos plok\u0161t\u0117s,<br \/>\npatalyn\u0117s laikymo<br \/>\nmiego funkcija<br \/>\nautomatinis reguliavimas lengvam i\u0161skleidimui<br \/>\nserijin\u0117s spyruokl\u0117s su didelio elastingumo putomis<br \/>\nNugara aptraukta pagal u\u017esakym\u0105 pagamintu audiniu, 3 patogios pagalv\u0117l\u0117s ir patog\u016bs porankiai.<\/p>","protected":false},"excerpt":{"rendered":"<p>\u2019Benita\u201c sofa-lova \u2013 tai unikalaus dizaino poilsio baldas. \u0160i sofa tinka bet kokiam kambariui \u2013 nuo svetain\u0117s iki paaugli\u0173 kambari\u0173. D\u0117l patogios ir erdvios miegojimo funkcijos bei patalyn\u0117s laikymo vietos ji tampa daugiafunkciu baldu, kur\u012f galima naudoti tiek dien\u0105, tiek nakt\u012f. \u201eBenita\u201c specifikacijos: Baldas [\u2026]<\/p>","protected":false},"featured_media":208939,"comment_status":"open","ping_status":"closed","template":"","meta":[],"product_brand":[],"product_cat":[10172,6950,560],"product_tag":[],"class_list":{"0":"post-208914","1":"product","2":"type-product","3":"status-publish","4":"has-post-thumbnail","6":"product_cat-sofas-kinas-meble","7":"product_cat-kinas","8":"product_cat-sofas-and-couches","10":"first","11":"instock","12":"shipping-taxable","13":"product-type-grouped"},"_links":{"self":[{"href":"https:\/\/baldumarket.lt\/lt\/wp-json\/wp\/v2\/product\/208914","targetHints":{"allow":["GET"]}}],"collection":[{"href":"https:\/\/baldumarket.lt\/lt\/wp-json\/wp\/v2\/product"}],"about":[{"href":"https:\/\/baldumarket.lt\/lt\/wp-json\/wp\/v2\/types\/product"}],"replies":[{"embeddable":true,"href":"https:\/\/baldumarket.lt\/lt\/wp-json\/wp\/v2\/comments?post=208914"}],"wp:featuredmedia":[{"embeddable":true,"href":"https:\/\/baldumarket.lt\/lt\/wp-json\/wp\/v2\/media\/208939"}],"wp:attachment":[{"href":"https:\/\/baldumarket.lt\/lt\/wp-json\/wp\/v2\/media?parent=208914"}],"wp:term":[{"taxonomy":"product_brand","embeddable":true,"href":"https:\/\/baldumarket.lt\/lt\/wp-json\/wp\/v2\/product_brand?post=208914"},{"taxonomy":"product_cat","embeddable":true,"href":"https:\/\/baldumarket.lt\/lt\/wp-json\/wp\/v2\/product_cat?post=208914"},{"taxonomy":"product_tag","embeddable":true,"href":"https:\/\/baldumarket.lt\/lt\/wp-json\/wp\/v2\/product_tag?post=208914"}],"curies":[{"name":"wp","href":"https:\/\/api.w.org\/{rel}","templated":true}]}}