{"id":208905,"date":"2025-12-26T02:33:51","date_gmt":"2025-12-25T23:33:51","guid":{"rendered":"https:\/\/baldumarket.lt\/?post_type=product&#038;p=208905"},"modified":"2026-02-03T23:17:29","modified_gmt":"2026-02-03T20:17:29","slug":"sofa-rozkladana-z-lamowkami-samanta-a","status":"publish","type":"product","link":"https:\/\/baldumarket.lt\/lt\/product\/sofa-rozkladana-z-lamowkami-samanta-a\/","title":{"rendered":"Sofa-lova su apvadais Samanta A"},"content":{"rendered":"<p>\u2019Samanta\u201c sofa-lova \u2013 tai unikalaus dizaino poilsio kambario baldas. \u0160i sofa tinka bet kokiam kambariui \u2013 nuo svetain\u0117s iki paaugli\u0173 kambari\u0173. D\u0117l patogios ir erdvios miegojimo funkcijos bei patalyn\u0117s laikymo vietos ji tampa daugiafunkciu baldu, kur\u012f galima s\u0117kmingai naudoti tiek dien\u0105, tiek nakt\u012f.<br \/>\nSamantos parametrai:<br \/>\nBaldai pagaminti i\u0161 medinio r\u0117mo ir laminuotos plok\u0161t\u0117s<br \/>\nPatalyn\u0117 saugykla<br \/>\nMiego funkcija<br \/>\nAutomatinis i\u0161skleidimas<br \/>\nLaisvalaikio spyruoklinis \u012fd\u0117klas<br \/>\nNugara aptraukta pasirinktu audiniu, su \u012fdomiomis si\u016bl\u0117mis ir apvadais, kuriuos galima rinktis deran\u010diomis arba kontrastingomis spalvomis.<br \/>\nPa\u017ei\u016br\u0117kite, kaip i\u0161siskleid\u017eia \u201eSamanta\u201c sofa<\/p>","protected":false},"excerpt":{"rendered":"<p>The Samanta sofa bed is a lounge piece with a unique design. This sofa is suitable for any room, from living rooms to teenagers&#8217; rooms. Thanks to its comfortable and spacious sleeping function and bedding storage, it becomes a multifunctional piece of furniture that can be used successfully both during the day and at night. [&hellip;]<\/p>","protected":false},"featured_media":208927,"comment_status":"open","ping_status":"closed","template":"","meta":[],"product_brand":[],"product_cat":[6950,560],"product_tag":[],"class_list":{"0":"post-208905","1":"product","2":"type-product","3":"status-publish","4":"has-post-thumbnail","6":"product_cat-kinas","7":"product_cat-sofas-and-couches","9":"first","10":"instock","11":"shipping-taxable","12":"product-type-grouped"},"_links":{"self":[{"href":"https:\/\/baldumarket.lt\/lt\/wp-json\/wp\/v2\/product\/208905","targetHints":{"allow":["GET"]}}],"collection":[{"href":"https:\/\/baldumarket.lt\/lt\/wp-json\/wp\/v2\/product"}],"about":[{"href":"https:\/\/baldumarket.lt\/lt\/wp-json\/wp\/v2\/types\/product"}],"replies":[{"embeddable":true,"href":"https:\/\/baldumarket.lt\/lt\/wp-json\/wp\/v2\/comments?post=208905"}],"wp:featuredmedia":[{"embeddable":true,"href":"https:\/\/baldumarket.lt\/lt\/wp-json\/wp\/v2\/media\/208927"}],"wp:attachment":[{"href":"https:\/\/baldumarket.lt\/lt\/wp-json\/wp\/v2\/media?parent=208905"}],"wp:term":[{"taxonomy":"product_brand","embeddable":true,"href":"https:\/\/baldumarket.lt\/lt\/wp-json\/wp\/v2\/product_brand?post=208905"},{"taxonomy":"product_cat","embeddable":true,"href":"https:\/\/baldumarket.lt\/lt\/wp-json\/wp\/v2\/product_cat?post=208905"},{"taxonomy":"product_tag","embeddable":true,"href":"https:\/\/baldumarket.lt\/lt\/wp-json\/wp\/v2\/product_tag?post=208905"}],"curies":[{"name":"wp","href":"https:\/\/api.w.org\/{rel}","templated":true}]}}