{"id":208297,"date":"2025-12-25T23:50:43","date_gmt":"2025-12-25T20:50:43","guid":{"rendered":"https:\/\/baldumarket.lt\/?post_type=product&#038;p=208297"},"modified":"2026-02-03T23:17:31","modified_gmt":"2026-02-03T20:17:31","slug":"naroznik-avola-25f-rec-bk-etap-sofa-gr1","status":"publish","type":"product","link":"https:\/\/baldumarket.lt\/lt\/product\/naroznik-avola-25f-rec-bk-etap-sofa-gr1\/","title":{"rendered":"Avola 2.5F-REC\/BK Etap kampin\u0117 sofa Gr1"},"content":{"rendered":"<p>Moderni \u201eAvola 2.5F-REC\/BK Etap Sofa\u201c kampin\u0117 sofa puikiai tinka ie\u0161kantiems kompakti\u0161kos, bet patogios sofos. 245 cm plo\u010dio, 87 cm auk\u0161\u010dio ir 173 cm gylio sofa lengvai telpa net ma\u017eesn\u0117se erdv\u0117se, i\u0161laikant patogi\u0105 s\u0117d\u0117jimo zon\u0105. Modelis tiekiamas kair\u0117s ir de\u0161in\u0117s pus\u0117s (L\/R) versijomis, tod\u0117l j\u012f lengva pritaikyti prie bet kokio kambario i\u0161planavimo.<\/p>\n<p>S\u0117dyn\u0117 pagaminta i\u0161 vingiuot\u0173 spyruokli\u0173, u\u017epildyt\u0173 didelio elastingumo poliuretano putomis, u\u017etikrinan\u010diomis tvirtum\u0105 ir ilgalaik\u012f formos i\u0161laikym\u0105. Atlo\u0161\u0105 palaiko elastin\u0117s juostos ir poliuretano putos, u\u017etikrinan\u010dios tinkam\u0105 nugaros atram\u0105. S\u0117dyn\u0117s auk\u0161tis yra 46 cm, tod\u0117l lengva atsistoti ir patogiai s\u0117d\u0117ti.<\/p>\n<p>Sofa turi miegojimo funkcij\u0105, kurios pavir\u0161iaus plotas yra 122 x 190 cm, tod\u0117l prireikus ji tampa visaverte vieta nakties poilsiui. Papildoma savyb\u0117 \u2013 patalyn\u0117s skyrius, kuris padeda palaikyti tvark\u0105 svetain\u0117je. Auk\u0161ti porankiai garantuoja stabili\u0105 atram\u0105 ir komforti\u0161k\u0105 poj\u016bt\u012f atsipalaiduojant.<br \/>\nKampin\u0117 sofa stovi ant medini\u0173 kojeli\u0173, kurios yra \u012fvairi\u0173 spalv\u0173: veng\u0117s, sendintos vy\u0161nios, nat\u016bralaus buko, alksnio, nat\u016bralaus \u0105\u017euolo, rie\u0161uto, sidabrin\u0117s, vy\u0161nios ir \u0161iurk\u0161taus nat\u016bralaus buko. \u012evairi palet\u0117 leid\u017eia jas priderinti prie grind\u0173 ir kit\u0173 dekoro element\u0173 spalv\u0173 gamos. Auk\u0161tos kojel\u0117s suteikia baldui vizualinio lengvumo ir palengvina valym\u0105 po apa\u010dia.<br \/>\nKlientai gali pasirinkti apmu\u0161al\u0173 tip\u0105 ir spalv\u0105, \u012fskaitant plat\u0173 audini\u0173 ir od\u0173 asortiment\u0105, suteikdami jiems laisv\u0119 papildyti kampin\u0117s sofos i\u0161vaizd\u0105 savo svetain\u0117s dekoru. \u201eAvola 2.5F-REC\/BK\u201c \u2013 tai kruop\u0161\u010diai pagamintas baldas, kurio techniniai parametrai ir apgalvoti sprendimai leid\u017eia j\u012f naudoti tiek kasdieniam poilsiui, tiek retkar\u010diais apsistojantiems sve\u010diams.<\/p>","protected":false},"excerpt":{"rendered":"<p>Dydis (cm):<br \/>\nPlotis: 245<br \/>\nGylis: 173<br \/>\n\u016agis: 87<br \/>\nS\u0117dyn\u0117s auk\u0161tis: 46<\/p>","protected":false},"featured_media":208321,"comment_status":"open","ping_status":"closed","template":"","meta":[],"product_brand":[],"product_cat":[9133],"product_tag":[],"class_list":{"0":"post-208297","1":"product","2":"type-product","3":"status-publish","4":"has-post-thumbnail","6":"product_cat-grouped","8":"first","9":"instock","10":"shipping-taxable","11":"purchasable","12":"product-type-variable","13":"wvs-archive-product-wrapper"},"_links":{"self":[{"href":"https:\/\/baldumarket.lt\/lt\/wp-json\/wp\/v2\/product\/208297","targetHints":{"allow":["GET"]}}],"collection":[{"href":"https:\/\/baldumarket.lt\/lt\/wp-json\/wp\/v2\/product"}],"about":[{"href":"https:\/\/baldumarket.lt\/lt\/wp-json\/wp\/v2\/types\/product"}],"replies":[{"embeddable":true,"href":"https:\/\/baldumarket.lt\/lt\/wp-json\/wp\/v2\/comments?post=208297"}],"wp:featuredmedia":[{"embeddable":true,"href":"https:\/\/baldumarket.lt\/lt\/wp-json\/wp\/v2\/media\/208321"}],"wp:attachment":[{"href":"https:\/\/baldumarket.lt\/lt\/wp-json\/wp\/v2\/media?parent=208297"}],"wp:term":[{"taxonomy":"product_brand","embeddable":true,"href":"https:\/\/baldumarket.lt\/lt\/wp-json\/wp\/v2\/product_brand?post=208297"},{"taxonomy":"product_cat","embeddable":true,"href":"https:\/\/baldumarket.lt\/lt\/wp-json\/wp\/v2\/product_cat?post=208297"},{"taxonomy":"product_tag","embeddable":true,"href":"https:\/\/baldumarket.lt\/lt\/wp-json\/wp\/v2\/product_tag?post=208297"}],"curies":[{"name":"wp","href":"https:\/\/api.w.org\/{rel}","templated":true}]}}