{"id":208296,"date":"2025-12-25T23:50:17","date_gmt":"2025-12-25T20:50:17","guid":{"rendered":"https:\/\/baldumarket.lt\/?post_type=product&#038;p=208296"},"modified":"2026-03-05T11:09:41","modified_gmt":"2026-03-05T08:09:41","slug":"naroznik-camaro-15rf-15rf-rec-etap-sofa","status":"publish","type":"product","link":"https:\/\/baldumarket.lt\/lt\/product\/naroznik-camaro-15rf-15rf-rec-etap-sofa\/","title":{"rendered":"Kampin\u0117 sofa CAMARO 1.5RF-1.5RF-REC Etap sofa"},"content":{"rendered":"<p>\u201eCamaro 1.5RF-1.5RF-REC Etap\u201c kampin\u0117 sofa \u2013 puikus pasirinkimas tiems, kurie vertina komfort\u0105 kasdienio poilsio metu. Auk\u0161ti, ergonomi\u0161kai suprojektuoti atlo\u0161ai leid\u017eia visi\u0161kai atsipalaiduoti, o mink\u0161ta s\u0117dyn\u0117 \u2013 dar labiau sustiprina atsipalaidavimo jausm\u0105. \u0160is baldas suteikia bet kokiam interjerui unikalumo ir u\u017etikrina komfort\u0105 leid\u017eiant laik\u0105 su \u0161eima ar draugais.<br \/>\n\u201eCamaro\u201c modelis apr\u016bpintas modernia, elektra valdoma atsipalaidavimo funkcija. Tai leid\u017eia kiekvienam naudotojui reguliuoti atlo\u0161\u0105 ir koj\u0173 atram\u0105 pagal individualius poreikius. \u0160is sprendimas suteikia i\u0161skirtines s\u0105lygas poilsiui ir regeneracijai.<br \/>\nKampin\u0117 sofa yra L formos, o gamintojas si\u016blo pasirinkti kairi\u0105j\u0105 arba de\u0161ini\u0105j\u0105 (L\/R) konfig\u016bracij\u0105. Tai leid\u017eia j\u0105 pritaikyti prie kambario i\u0161planavimo, suteikiant plat\u0173 i\u0161d\u0117stymo variant\u0173 pasirinkim\u0105. \u0160is baldas puikiai papildo svetain\u0119, sukurdamas jauki\u0105 viet\u0105 susitikimams ir bendroms pramogoms.<br \/>\nKampin\u0117 sofa turi elastinius dir\u017eelius ir didelio elastingumo putas s\u0117dyn\u0117je ir atlo\u0161e. \u0160is derinys garantuoja elastingum\u0105 ir ilgalaik\u012f formos i\u0161laikym\u0105, tod\u0117l kasdien naudojant u\u017etikrinamas komfortas. Apmu\u0161alai si\u016blomi i\u0161 \u012fvairi\u0173 audini\u0173 ir od\u0173, tod\u0117l galite pritaikyti baldus pagal savo individualius estetinius pageidavimus.<\/p>\n<p>\u201eCamaro\u201c kampin\u0117s sofos matmenys: plotis 268 cm, auk\u0161tis 90 cm, gylis 165 cm, o s\u0117dimosios dalies auk\u0161tis 42 cm. D\u0117l \u0161i\u0173 proporcij\u0173 kampin\u0117 sofa ne tik suteikia komforto, bet ir \u012fsp\u016bdingai atrodo erdviuose interjeruose. \u0160is sprendimas leis sukurti erdv\u0119, palanki\u0105 poilsiui ir kasdieniams malonumams.<\/p>","protected":false},"excerpt":{"rendered":"<p>\u201eCamaro 1.5RF-1.5RF-REC Etap\u201c kampin\u0117 sofa \u2013 puikus pasirinkimas tiems, kurie vertina komfort\u0105 kasdienio poilsio metu. Auk\u0161ti, ergonomi\u0161kai suprojektuoti atlo\u0161ai leid\u017eia visi\u0161kai atsipalaiduoti, o mink\u0161ta s\u0117dyn\u0117 \u2013 dar labiau sustiprina atsipalaidavimo jausm\u0105. \u0160is baldas suteikia bet kokiam interjerui unikalumo ir u\u017etikrina komfort\u0105 leid\u017eiant laik\u0105 su \u0161eima ar draugais. [\u2026]<\/p>","protected":false},"featured_media":208308,"comment_status":"open","ping_status":"closed","template":"","meta":[],"product_brand":[],"product_cat":[616,1983,6444],"product_tag":[],"class_list":{"0":"post-208296","1":"product","2":"type-product","3":"status-publish","4":"has-post-thumbnail","6":"product_cat-corners","7":"product_cat-corners-l","8":"product_cat-etap-sofa","10":"first","11":"instock","12":"shipping-taxable","13":"product-type-grouped"},"_links":{"self":[{"href":"https:\/\/baldumarket.lt\/lt\/wp-json\/wp\/v2\/product\/208296","targetHints":{"allow":["GET"]}}],"collection":[{"href":"https:\/\/baldumarket.lt\/lt\/wp-json\/wp\/v2\/product"}],"about":[{"href":"https:\/\/baldumarket.lt\/lt\/wp-json\/wp\/v2\/types\/product"}],"replies":[{"embeddable":true,"href":"https:\/\/baldumarket.lt\/lt\/wp-json\/wp\/v2\/comments?post=208296"}],"wp:featuredmedia":[{"embeddable":true,"href":"https:\/\/baldumarket.lt\/lt\/wp-json\/wp\/v2\/media\/208308"}],"wp:attachment":[{"href":"https:\/\/baldumarket.lt\/lt\/wp-json\/wp\/v2\/media?parent=208296"}],"wp:term":[{"taxonomy":"product_brand","embeddable":true,"href":"https:\/\/baldumarket.lt\/lt\/wp-json\/wp\/v2\/product_brand?post=208296"},{"taxonomy":"product_cat","embeddable":true,"href":"https:\/\/baldumarket.lt\/lt\/wp-json\/wp\/v2\/product_cat?post=208296"},{"taxonomy":"product_tag","embeddable":true,"href":"https:\/\/baldumarket.lt\/lt\/wp-json\/wp\/v2\/product_tag?post=208296"}],"curies":[{"name":"wp","href":"https:\/\/api.w.org\/{rel}","templated":true}]}}