{"id":208254,"date":"2025-12-25T23:48:16","date_gmt":"2025-12-25T20:48:16","guid":{"rendered":"https:\/\/baldumarket.lt\/?post_type=product&#038;p=208254"},"modified":"2026-02-03T23:17:33","modified_gmt":"2026-02-03T20:17:33","slug":"naroznik-nayomi-etap-sofa-gr1","status":"publish","type":"product","link":"https:\/\/baldumarket.lt\/lt\/product\/naroznik-nayomi-etap-sofa-gr1\/","title":{"rendered":"Nayomi Etap kampin\u0117 sofa Gr1"},"content":{"rendered":"<p>\u201eEtap Sofa\u201c kampin\u0117 sofa \u201eNayomi\u201c sukurta tiems, kurie vertina modern\u0173 dizain\u0105 ir auk\u0161\u010diausi\u0105 komforto lyg\u012f. Rafinuota forma ir tvirta konstrukcija puikiai dera prie \u0161iuolaikin\u0117s svetain\u0117s. Auk\u0161tos metalin\u0117s kojel\u0117s suteikia vizualiai erdvumo ir palengvina \u0161varos palaikym\u0105 apa\u010dioje.<br \/>\nI\u0161skirtin\u012f komfort\u0105 garantuoja elektra valdoma \u201cslankiojimo\u201d funkcija, leid\u017eianti skland\u017eiai i\u0161stumti s\u0117dyn\u0119, padidinant poilsio zon\u0105 iki 82 \u00d7 212 cm. \u0160i funkcija leid\u017eia reguliuoti s\u0117dyn\u0117s gyl\u012f pagal individualius poreikius. Be to, reguliuojamos galvos atramos suteikia tinkam\u0105 galvos ir kaklo atram\u0105, skatindamos visi\u0161k\u0105 atsipalaidavim\u0105 po \u012ftemptos dienos.<br \/>\n\u201eNayomi\u201c kampin\u0117 sofa si\u016bloma 2.5RS-OTM konfig\u016bracijos, kair\u0117s arba de\u0161in\u0117s (L\/R) versijose, tod\u0117l galite j\u0105 pritaikyti prie savo kambario i\u0161planavimo. S\u0117dyn\u0117 pagaminta i\u0161 vingiuot\u0173 spyruokli\u0173, didelio elastingumo put\u0173 ir poliuretano put\u0173 derinio, u\u017etikrinan\u010dio patvarum\u0105 ir atsparum\u0105 deformacijai. Atlo\u0161as turi elastinius dir\u017eelius ir poliuretano putas, u\u017etikrinan\u010dias pakankam\u0105 elastingum\u0105 ir komfort\u0105.<\/p>\n<p>Kampin\u0117s sofos konstrukcija i\u0161siskiria stabilumu ir d\u0117mesiu detal\u0117ms. Kojel\u0117s yra dviej\u0173 variant\u0173 \u2013 juodo metalo arba \u0161lifuoto plieno, tod\u0117l j\u0173 i\u0161vaizd\u0105 galima derinti prie kit\u0173 interjero element\u0173. Kruop\u0161\u010diai parinktos med\u017eiagos garantuoja ilgaam\u017ei\u0161kum\u0105 ir i\u0161laiko originali\u0105 baldo form\u0105 ilgus metus.<\/p>\n<p>Kampin\u0117s sofos matmenys yra 287 cm plo\u010dio, 76\u201396 cm auk\u0161\u010dio, 205 cm gylio ir 47 cm auk\u0161\u010dio. D\u0117l \u0161i\u0173 proporcij\u0173 \u201eNayomi\u201c modelis puikiai tinka tiek erdvioms, tiek jaukesn\u0117ms svetain\u0117ms. \u0160is baldas derina moderni\u0105 estetik\u0105 su auk\u0161\u010diausiu komforto lygiu, sukurdamas tobul\u0105 viet\u0105 kasdieniam poilsiui.<\/p>","protected":false},"excerpt":{"rendered":"<p>Dydis (cm):<br \/>\nPlotis: 287<br \/>\nGylis: 205<br \/>\n\u016agis: 96<br \/>\nS\u0117dyn\u0117s auk\u0161tis: 47<\/p>","protected":false},"featured_media":208285,"comment_status":"open","ping_status":"closed","template":"","meta":[],"product_brand":[],"product_cat":[9133],"product_tag":[],"class_list":{"0":"post-208254","1":"product","2":"type-product","3":"status-publish","4":"has-post-thumbnail","6":"product_cat-grouped","8":"first","9":"instock","10":"shipping-taxable","11":"purchasable","12":"product-type-variable","13":"wvs-archive-product-wrapper"},"_links":{"self":[{"href":"https:\/\/baldumarket.lt\/lt\/wp-json\/wp\/v2\/product\/208254","targetHints":{"allow":["GET"]}}],"collection":[{"href":"https:\/\/baldumarket.lt\/lt\/wp-json\/wp\/v2\/product"}],"about":[{"href":"https:\/\/baldumarket.lt\/lt\/wp-json\/wp\/v2\/types\/product"}],"replies":[{"embeddable":true,"href":"https:\/\/baldumarket.lt\/lt\/wp-json\/wp\/v2\/comments?post=208254"}],"wp:featuredmedia":[{"embeddable":true,"href":"https:\/\/baldumarket.lt\/lt\/wp-json\/wp\/v2\/media\/208285"}],"wp:attachment":[{"href":"https:\/\/baldumarket.lt\/lt\/wp-json\/wp\/v2\/media?parent=208254"}],"wp:term":[{"taxonomy":"product_brand","embeddable":true,"href":"https:\/\/baldumarket.lt\/lt\/wp-json\/wp\/v2\/product_brand?post=208254"},{"taxonomy":"product_cat","embeddable":true,"href":"https:\/\/baldumarket.lt\/lt\/wp-json\/wp\/v2\/product_cat?post=208254"},{"taxonomy":"product_tag","embeddable":true,"href":"https:\/\/baldumarket.lt\/lt\/wp-json\/wp\/v2\/product_tag?post=208254"}],"curies":[{"name":"wp","href":"https:\/\/api.w.org\/{rel}","templated":true}]}}