{"id":208243,"date":"2025-12-25T23:47:29","date_gmt":"2025-12-25T20:47:29","guid":{"rendered":"https:\/\/baldumarket.lt\/?post_type=product&#038;p=208243"},"modified":"2026-02-03T23:17:34","modified_gmt":"2026-02-03T20:17:34","slug":"sofa-25-nayomi-etap-sofa-gr5","status":"publish","type":"product","link":"https:\/\/baldumarket.lt\/lt\/product\/sofa-25-nayomi-etap-sofa-gr5\/","title":{"rendered":"Sofa 2,5 Nayomi Etap Sofa Gr5"},"content":{"rendered":"<p>\u201eEtap Sofa\u201c \u201eNayomi\u201c sofa \u2013 tai dizainas, kuris \u017eavi moderniu charakteriu ir dideliu komfortu. Jos proporcijos ir forma suteikia unikali\u0105 atmosfer\u0105 bet kokiam interjerui, o tvirti, plat\u016bs \u0161onai ir mink\u0161tas atlo\u0161as u\u017etikrina komfort\u0105 kasdien naudojant. Sukurtas tiems, kurie vertina tvirt\u0105 meistri\u0161kum\u0105 ir auk\u0161\u010diausi\u0105 komforto lyg\u012f, \u201eNayomi\u201c modelis turi reguliuojamas galvos atramas, kurias galima laisvai pritaikyti individualiems poreikiams. \u0160is sprendimas leid\u017eia sof\u0105 puikiai pritaikyti poilsiui, skaitymui ar televizoriaus \u017ei\u016br\u0117jimui. Auk\u0161tos metalin\u0117s kojel\u0117s u\u017ebaigia i\u0161vaizd\u0105, suteikdamos sofai lengvumo ir modernumo.<\/p>\n<p>Sofa pagaminta i\u0161 med\u017eiag\u0173, kurios garantuoja patvarum\u0105 ir komfort\u0105. S\u0117dyn\u0117 paremta vingiuota spyruokle ir u\u017epildyta didelio elastingumo putomis bei poliuretano putomis, kurios u\u017etikrina tinkam\u0105 atram\u0105 ir atsparum\u0105 deformacijai. Atlo\u0161as u\u017epildytas poliuretano putomis ir sutvirtintas elastiniais dir\u017eeliais, u\u017etikrinan\u010diais konstrukcijos stabilum\u0105 ir nugaros komfort\u0105. \u0160is modelis si\u016blomas su dviem apmu\u0161al\u0173 variantais \u2013 audiniu arba oda \u2013 tod\u0117l galite j\u012f priderinti prie individuali\u0173 pageidavim\u0173 ir kambario interjero. Kojel\u0117s yra dviej\u0173 spalv\u0173: juodo metalo arba \u0161lifuoto plieno, kurios dar labiau sustiprina sofos charakter\u012f. \u0160i sofa puikiai atrodo tiek svetain\u0117je, tiek oficialesniame biure.<\/p>\n<p>\u201eNayomi\u201c sofos plotis \u2013 203 cm, gylis \u2013 105 cm, auk\u0161tis \u2013 76\u201396 cm, o s\u0117dyn\u0117s auk\u0161tis \u2013 47 cm. \u0160i 2,5 vietos sofa suteikia daug erdv\u0117s atsipalaiduoti po ilgos dienos. Rafinuotos konstrukcijos ir auk\u0161tos kokyb\u0117s med\u017eiag\u0173 derinys paver\u010dia \u0161\u012f bald\u0105 unikaliu modernaus ir lofto stiliaus interjero akcentu.<\/p>","protected":false},"excerpt":{"rendered":"<p>Dydis (cm):<br \/>\nPlotis: 203<br \/>\nGylis: 105<br \/>\n\u016agis: 96<br \/>\nS\u0117dyn\u0117s auk\u0161tis: 47<\/p>","protected":false},"featured_media":208263,"comment_status":"open","ping_status":"closed","template":"","meta":[],"product_brand":[],"product_cat":[9133],"product_tag":[],"class_list":{"0":"post-208243","1":"product","2":"type-product","3":"status-publish","4":"has-post-thumbnail","6":"product_cat-grouped","8":"first","9":"instock","10":"shipping-taxable","11":"purchasable","12":"product-type-variable","13":"wvs-archive-product-wrapper"},"_links":{"self":[{"href":"https:\/\/baldumarket.lt\/lt\/wp-json\/wp\/v2\/product\/208243","targetHints":{"allow":["GET"]}}],"collection":[{"href":"https:\/\/baldumarket.lt\/lt\/wp-json\/wp\/v2\/product"}],"about":[{"href":"https:\/\/baldumarket.lt\/lt\/wp-json\/wp\/v2\/types\/product"}],"replies":[{"embeddable":true,"href":"https:\/\/baldumarket.lt\/lt\/wp-json\/wp\/v2\/comments?post=208243"}],"wp:featuredmedia":[{"embeddable":true,"href":"https:\/\/baldumarket.lt\/lt\/wp-json\/wp\/v2\/media\/208263"}],"wp:attachment":[{"href":"https:\/\/baldumarket.lt\/lt\/wp-json\/wp\/v2\/media?parent=208243"}],"wp:term":[{"taxonomy":"product_brand","embeddable":true,"href":"https:\/\/baldumarket.lt\/lt\/wp-json\/wp\/v2\/product_brand?post=208243"},{"taxonomy":"product_cat","embeddable":true,"href":"https:\/\/baldumarket.lt\/lt\/wp-json\/wp\/v2\/product_cat?post=208243"},{"taxonomy":"product_tag","embeddable":true,"href":"https:\/\/baldumarket.lt\/lt\/wp-json\/wp\/v2\/product_tag?post=208243"}],"curies":[{"name":"wp","href":"https:\/\/api.w.org\/{rel}","templated":true}]}}