{"id":208208,"date":"2025-12-25T23:45:40","date_gmt":"2025-12-25T20:45:40","guid":{"rendered":"https:\/\/baldumarket.lt\/?post_type=product&#038;p=208208"},"modified":"2026-02-03T23:17:36","modified_gmt":"2026-02-03T20:17:36","slug":"sofa-3-nayomi-etap-sofa-gr1","status":"publish","type":"product","link":"https:\/\/baldumarket.lt\/lt\/product\/sofa-3-nayomi-etap-sofa-gr1\/","title":{"rendered":"Sofa 3 Nayomi Etap Sofa Gr1"},"content":{"rendered":"<p>Triviet\u0117 \u201eEtap Sofa\u201c sofa \u201eNayomi\u201c \u2013 puikus pasirinkimas tiems, kurie vertina modern\u0173 dizain\u0105 ir auk\u0161t\u0105 meistri\u0161kumo kokyb\u0119. Jos konstrukcij\u0105 laiko metalin\u0117s kojel\u0117s, kurios suteikia baldui vizualiai lengvumo poj\u016bt\u012f ir garantuoja stabilum\u0105 naudojimo metu. Jos forma puikiai dera prie modernaus ir lofto stiliaus interjero, sukurdama ry\u0161k\u0173 bet kurios gyvenamosios erdv\u0117s element\u0105.<\/p>\n<p>\u0160is modelis i\u0161siskiria pla\u010dia s\u0117dyne ir patogiais porankiais, kurie skatina atsipalaidavim\u0105 po \u012ftemptos dienos. Reguliuojami galvos atlo\u0161ai leid\u017eia pritaikyti galvos atramos auk\u0161t\u012f pagal individualius poreikius, taip padidinant komfort\u0105 poilsio metu. D\u0117l to sofa yra ideali vieta tiek trumpalaikiam, tiek ilgalaikiam poilsiui.<\/p>\n<p>S\u0117dyn\u0117 u\u017epildyta dviej\u0173 tip\u0173 putomis \u2013 didelio elastingumo ir poliuretano \u2013 kurias palaiko vingiuota spyruokl\u0117, u\u017etikrinanti ilgaam\u017ei\u0161kum\u0105 ir atsparum\u0105 deformacijai. Atlo\u0161as, pagamintas i\u0161 poliuretano put\u0173 ir elasting\u0173 dir\u017eeli\u0173, garantuoja tinkam\u0105 nugaros atram\u0105 ir ilgalaik\u012f komfort\u0105. \u0160is med\u017eiag\u0173 derinys padeda baldui i\u0161laikyti tobul\u0105 form\u0105 net ir intensyviai naudojant. \u201eNayomi\u201c sofa si\u016blo audinio arba odos apmu\u0161alus, tod\u0117l galite pritaikyti jos i\u0161vaizd\u0105 prie savo individuali\u0173 pageidavim\u0173 ir interjero charakterio. Kojel\u0117s taip pat galimos \u012fvairi\u0173 spalv\u0173 \u2013 juodo metalo arba \u0161lifuoto plieno \u2013 tod\u0117l jas galite harmoningai derinti prie kit\u0173 bald\u0173. Plati spalv\u0173 palet\u0117 leid\u017eia sukurti asmenin\u012f dizain\u0105, atspindint\u012f j\u016bs\u0173 interjero dizaino vizij\u0105.<\/p>\n<p>\u0160is modelis yra 223 cm plo\u010dio, 105 cm gylio ir nuo 76 iki 96 cm auk\u0161\u010dio, tod\u0117l jame pakankamai vietos trims \u017emon\u0117ms. S\u0117dyn\u0117s auk\u0161tis yra 47 cm, tod\u0117l lengva atsistoti ir patogiai atsis\u0117sti. Triviet\u0117 \u201eNayomi\u201c sofa \u2013 tai kruop\u0161\u010diai suprojektuotas poilsio baldas, kuris daugel\u012f met\u0173 \u017eavi precizi\u0161ku meistri\u0161kumu, patvarumu ir patogumu.<\/p>","protected":false},"excerpt":{"rendered":"<p>Dydis (cm):<br \/>\nPlotis: 223<br \/>\nGylis: 105<br \/>\n\u016agis: 96<br \/>\nS\u0117dyn\u0117s auk\u0161tis: 47<\/p>","protected":false},"featured_media":208240,"comment_status":"open","ping_status":"closed","template":"","meta":[],"product_brand":[],"product_cat":[9133],"product_tag":[],"class_list":{"0":"post-208208","1":"product","2":"type-product","3":"status-publish","4":"has-post-thumbnail","6":"product_cat-grouped","8":"first","9":"instock","10":"shipping-taxable","11":"purchasable","12":"product-type-variable","13":"wvs-archive-product-wrapper"},"_links":{"self":[{"href":"https:\/\/baldumarket.lt\/lt\/wp-json\/wp\/v2\/product\/208208","targetHints":{"allow":["GET"]}}],"collection":[{"href":"https:\/\/baldumarket.lt\/lt\/wp-json\/wp\/v2\/product"}],"about":[{"href":"https:\/\/baldumarket.lt\/lt\/wp-json\/wp\/v2\/types\/product"}],"replies":[{"embeddable":true,"href":"https:\/\/baldumarket.lt\/lt\/wp-json\/wp\/v2\/comments?post=208208"}],"wp:featuredmedia":[{"embeddable":true,"href":"https:\/\/baldumarket.lt\/lt\/wp-json\/wp\/v2\/media\/208240"}],"wp:attachment":[{"href":"https:\/\/baldumarket.lt\/lt\/wp-json\/wp\/v2\/media?parent=208208"}],"wp:term":[{"taxonomy":"product_brand","embeddable":true,"href":"https:\/\/baldumarket.lt\/lt\/wp-json\/wp\/v2\/product_brand?post=208208"},{"taxonomy":"product_cat","embeddable":true,"href":"https:\/\/baldumarket.lt\/lt\/wp-json\/wp\/v2\/product_cat?post=208208"},{"taxonomy":"product_tag","embeddable":true,"href":"https:\/\/baldumarket.lt\/lt\/wp-json\/wp\/v2\/product_tag?post=208208"}],"curies":[{"name":"wp","href":"https:\/\/api.w.org\/{rel}","templated":true}]}}