{"id":208203,"date":"2025-12-25T23:45:09","date_gmt":"2025-12-25T20:45:09","guid":{"rendered":"https:\/\/baldumarket.lt\/?post_type=product&#038;p=208203"},"modified":"2026-02-03T23:17:36","modified_gmt":"2026-02-03T20:17:36","slug":"naroznik-sandra-etap-sofa-skora-l3","status":"publish","type":"product","link":"https:\/\/baldumarket.lt\/lt\/product\/naroznik-sandra-etap-sofa-skora-l3\/","title":{"rendered":"Sandra Etap kampin\u0117 sofa, odin\u0117, L3"},"content":{"rendered":"<p>\u201eEtap Sofa\u201c kampin\u0117 sofa \u201eSandra\u201c \u2013 tai dizainas, puikiai papildantis modernaus interjero estetik\u0105. \u0160is modelis \u017eavi kruop\u0161\u010diu meistri\u0161kumu ir rafinuotomis detal\u0117mis, kurios pabr\u0117\u017eia jo charakter\u012f. Baldo konstrukcija buvo sukurta galvojant apie kasdien\u012f komfort\u0105, o auk\u0161tos, juodos metalin\u0117s kojel\u0117s suteikia jam lengvumo poj\u016bt\u012f ir pabr\u0117\u017eia \u0161iuolaiki\u0161k\u0105 dizain\u0105.<br \/>\nDienos metu galima m\u0117gautis reguliuojamais galvos atlo\u0161ais, kurie leid\u017eia pritaikyti atlo\u0161\u0105 pagal individualius poreikius. Nakt\u012f kampin\u0117 sofa transformuojasi \u012f patogi\u0105 120 \u00d7 195 cm dyd\u017eio miegojimo zon\u0105, suteikian\u010di\u0105 tinkam\u0105 atram\u0105 ir erdv\u0119. Be to, joje yra patalyn\u0117s skyrius saugiam ir patogiam tekstil\u0117s gamini\u0173 laikymui.<br \/>\nS\u0117dyn\u0117 pagaminta i\u0161 vingiuot\u0173 spyruokli\u0173 ir dviej\u0173 tip\u0173 putplas\u010dio: didelio elastingumo putplas\u010dio ir poliuretano putplas\u010dio, u\u017etikrinan\u010di\u0173, kad baldas daugel\u012f met\u0173 i\u0161laikyt\u0173 savo form\u0105. Atlo\u0161as paremtas statiniais dir\u017eais ir u\u017epildytas poliuretano putplas\u010diu bei silikoniniu rutuliniu \u012fd\u0117klu, u\u017etikrinan\u010diu mink\u0161tum\u0105 ir tinkam\u0105 nugaros atram\u0105. \u0160ios savyb\u0117s u\u017etikrina auk\u0161t\u0105 komforto lyg\u012f naudojimo metu. \u201eSandra\u201c modelis tiekiamas kair\u0117s arba de\u0161in\u0117s pus\u0117s (K\/D), tod\u0117l galite j\u012f pritaikyti prie savo kambario i\u0161planavimo. Platus apmu\u0161al\u0173 audini\u0173 pasirinkimas leid\u017eia susikurti kampin\u0119 sof\u0105, kuri puikiai papildyt\u0173 j\u016bs\u0173 interjero dizain\u0105. Juodos metalin\u0117s kojel\u0117s suteikia sofai modern\u0173 charakter\u012f, o j\u0173 auk\u0161tis leid\u017eia lengvai palaikyti \u0161var\u0105 po apa\u010dia.<\/p>\n<p>Kampin\u0117s sofos plotis \u2013 265 cm, auk\u0161tis \u2013 82\u2013104 cm, gylis \u2013 210 cm, o s\u0117dimosios dalies auk\u0161tis \u2013 46 cm. Kruop\u0161\u010diai suprojektuota forma u\u017etikrina subalansuotas proporcijas ir komfort\u0105 tiek s\u0117dint, tiek gulint. Kampin\u0117 sofa \u201eSandra\u201c \u2013 tai pasirinkimas, kuris suteiks pasitenkinimo ilgus metus ir taps modernios svetain\u0117s traukos centru.<\/p>","protected":false},"excerpt":{"rendered":"<p>Dydis (cm):<br \/>\nPlotis: 265<br \/>\nGylis: 210<br \/>\n\u016agis: 104<br \/>\nS\u0117dyn\u0117s auk\u0161tis: 46<\/p>","protected":false},"featured_media":208218,"comment_status":"open","ping_status":"closed","template":"","meta":[],"product_brand":[],"product_cat":[9133],"product_tag":[],"class_list":{"0":"post-208203","1":"product","2":"type-product","3":"status-publish","4":"has-post-thumbnail","6":"product_cat-grouped","8":"first","9":"instock","10":"shipping-taxable","11":"purchasable","12":"product-type-variable","13":"wvs-archive-product-wrapper"},"_links":{"self":[{"href":"https:\/\/baldumarket.lt\/lt\/wp-json\/wp\/v2\/product\/208203","targetHints":{"allow":["GET"]}}],"collection":[{"href":"https:\/\/baldumarket.lt\/lt\/wp-json\/wp\/v2\/product"}],"about":[{"href":"https:\/\/baldumarket.lt\/lt\/wp-json\/wp\/v2\/types\/product"}],"replies":[{"embeddable":true,"href":"https:\/\/baldumarket.lt\/lt\/wp-json\/wp\/v2\/comments?post=208203"}],"wp:featuredmedia":[{"embeddable":true,"href":"https:\/\/baldumarket.lt\/lt\/wp-json\/wp\/v2\/media\/208218"}],"wp:attachment":[{"href":"https:\/\/baldumarket.lt\/lt\/wp-json\/wp\/v2\/media?parent=208203"}],"wp:term":[{"taxonomy":"product_brand","embeddable":true,"href":"https:\/\/baldumarket.lt\/lt\/wp-json\/wp\/v2\/product_brand?post=208203"},{"taxonomy":"product_cat","embeddable":true,"href":"https:\/\/baldumarket.lt\/lt\/wp-json\/wp\/v2\/product_cat?post=208203"},{"taxonomy":"product_tag","embeddable":true,"href":"https:\/\/baldumarket.lt\/lt\/wp-json\/wp\/v2\/product_tag?post=208203"}],"curies":[{"name":"wp","href":"https:\/\/api.w.org\/{rel}","templated":true}]}}