{"id":208186,"date":"2025-12-25T23:44:29","date_gmt":"2025-12-25T20:44:29","guid":{"rendered":"https:\/\/baldumarket.lt\/?post_type=product&#038;p=208186"},"modified":"2026-03-05T11:09:41","modified_gmt":"2026-03-05T08:09:41","slug":"sofa-sandra-3f-etap-sofa","status":"publish","type":"product","link":"https:\/\/baldumarket.lt\/lt\/product\/sofa-sandra-3f-etap-sofa\/","title":{"rendered":"SANDRA 3F sofa-lova su laipteliais"},"content":{"rendered":"<p>\u201eEtap Sofa\u201c 3F \u201eSandra\u201c sofa sukurta moderniam interjerui, kuriame svarbiausia komfortas ir rafinuota forma. Paprastos linijos ir kruop\u0161\u010diai subalansuotos proporcijos puikiai tinka tiek erdvioms, tiek ma\u017eesn\u0117ms svetain\u0117ms. Auk\u0161tos metalin\u0117s kojel\u0117s suteikia konstrukcijai lengvumo poj\u016bt\u012f, o apa\u010di\u0105 lengva valyti jos neperkeliant.<\/p>\n<p>Sofos s\u0117dyn\u0117 pagaminta i\u0161 didelio elastingumo putplas\u010dio ir poliuretano put\u0173, paremta vingiuotomis spyruokl\u0117mis, u\u017etikrinan\u010diomis komfort\u0105 kasdienio naudojimo metu. Atlo\u0161as u\u017epildytas statiniais dir\u017eais, poliuretano putomis ir silikono karoliuk\u0173 \u012fd\u0117klu, u\u017etikrinan\u010diu mink\u0161tum\u0105 ir patvarum\u0105 ilgus metus. Naudotos med\u017eiagos yra labai atsparios deformacijai, tod\u0117l s\u0117dyn\u0117 i\u0161laiko savo originali\u0105 form\u0105.<\/p>\n<p>\u201eSandra 3F\u201c modelis turi reguliuojamas galvos atramas, tod\u0117l atlo\u0161\u0105 galima pritaikyti prie individuali\u0173 naudotojo poreiki\u0173. Papildomas privalumas \u2013 miegojimo funkcija, kuri lengvai paver\u010dia sof\u0105 vieta atsipalaiduoti nak\u010diai. I\u0161skleista sofa suteikia 120 \u00d7 190 cm miegojimo plot\u0105, puikiai tinkant\u012f retkar\u010diais nakvojantiems sve\u010diams.<\/p>\n<p>Sofos matmenys buvo sukurti atsi\u017evelgiant \u012f proporcijas ir patogum\u0105. Jos plotis yra 220 cm, auk\u0161tis \u2013 nuo 82 iki 104 cm, gylis \u2013 109 cm, o s\u0117dyn\u0117s auk\u0161tis \u2013 46 cm. D\u0117l \u0161i\u0173 matmen\u0173 ji idealiai tinka svetain\u0117ms su ribota erdve, kur svarbus kiekvienas centimetras.<\/p>\n<p>Sofa si\u016bloma i\u0161 plataus audini\u0173 ir od\u0173 asortimento, tod\u0117l galite j\u0105 pritaikyti pagal savo individualius estetinius pageidavimus. Juodos metalin\u0117s kojel\u0117s pabr\u0117\u017eia modern\u0173 baldo charakter\u012f ir suteikia subtil\u0173, ta\u010diau i\u0161rai\u0161king\u0105 akcent\u0105. 3F Sandra modelis sujungia auk\u0161tos kokyb\u0117s meistri\u0161kum\u0105, komfort\u0105 ir rafinuot\u0105 dizain\u0105, kuris bet kuriame interjere sukurs harmonijos ir jaukumo atmosfer\u0105.<\/p>","protected":false},"excerpt":{"rendered":"<p>\u201eEtap Sofa\u201c 3F \u201eSandra\u201c sofa sukurta moderniam interjerui, kuriame svarbiausia komfortas ir rafinuota forma. Paprastos linijos ir kruop\u0161\u010diai subalansuotos proporcijos puikiai tinka tiek erdvioms, tiek ma\u017eesn\u0117ms svetain\u0117ms. Auk\u0161tos metalin\u0117s kojel\u0117s suteikia konstrukcijai lengvumo poj\u016bt\u012f ir leid\u017eia lengvai valyti apa\u010di\u0105 be [\u2026]<\/p>","protected":false},"featured_media":208192,"comment_status":"open","ping_status":"closed","template":"","meta":[],"product_brand":[],"product_cat":[6444,560],"product_tag":[],"class_list":{"0":"post-208186","1":"product","2":"type-product","3":"status-publish","4":"has-post-thumbnail","6":"product_cat-etap-sofa","7":"product_cat-sofas-and-couches","9":"first","10":"instock","11":"shipping-taxable","12":"product-type-grouped"},"_links":{"self":[{"href":"https:\/\/baldumarket.lt\/lt\/wp-json\/wp\/v2\/product\/208186","targetHints":{"allow":["GET"]}}],"collection":[{"href":"https:\/\/baldumarket.lt\/lt\/wp-json\/wp\/v2\/product"}],"about":[{"href":"https:\/\/baldumarket.lt\/lt\/wp-json\/wp\/v2\/types\/product"}],"replies":[{"embeddable":true,"href":"https:\/\/baldumarket.lt\/lt\/wp-json\/wp\/v2\/comments?post=208186"}],"wp:featuredmedia":[{"embeddable":true,"href":"https:\/\/baldumarket.lt\/lt\/wp-json\/wp\/v2\/media\/208192"}],"wp:attachment":[{"href":"https:\/\/baldumarket.lt\/lt\/wp-json\/wp\/v2\/media?parent=208186"}],"wp:term":[{"taxonomy":"product_brand","embeddable":true,"href":"https:\/\/baldumarket.lt\/lt\/wp-json\/wp\/v2\/product_brand?post=208186"},{"taxonomy":"product_cat","embeddable":true,"href":"https:\/\/baldumarket.lt\/lt\/wp-json\/wp\/v2\/product_cat?post=208186"},{"taxonomy":"product_tag","embeddable":true,"href":"https:\/\/baldumarket.lt\/lt\/wp-json\/wp\/v2\/product_tag?post=208186"}],"curies":[{"name":"wp","href":"https:\/\/api.w.org\/{rel}","templated":true}]}}