{"id":208143,"date":"2025-12-25T23:42:20","date_gmt":"2025-12-25T20:42:20","guid":{"rendered":"https:\/\/baldumarket.lt\/?post_type=product&#038;p=208143"},"modified":"2026-02-03T23:17:39","modified_gmt":"2026-02-03T20:17:39","slug":"sofa-sandra-3rf-etap-sofa-gr2","status":"publish","type":"product","link":"https:\/\/baldumarket.lt\/lt\/product\/sofa-sandra-3rf-etap-sofa-gr2\/","title":{"rendered":"Sandra 3RF laipteli\u0173 sofa Gr2"},"content":{"rendered":"<p>\u201eEtap Sofa\u201c \u201eSandra 3RF\u201c (2 vnt.) sofa \u2013 tai modernus baldas, sukurtas galvojant apie maksimal\u0173 komfort\u0105. Subtili forma ir kruop\u0161\u010diai pagamintos detal\u0117s puikiai tinka \u0161iuolaikiniam interjerui. Auk\u0161tos metalin\u0117s kojel\u0117s suteikia vizualinio lengvumo ir leid\u017eia lengvai pri\u017ei\u016br\u0117ti po sofa esan\u010di\u0105 sof\u0105.<br \/>\nUnikali \u0161io modelio savyb\u0117 \u2013 elektrin\u0117 atsipalaidavimo funkcija (2x), leid\u017eianti reguliuoti s\u0117dyn\u0117s pad\u0117t\u012f pagal individualius pageidavimus. Tai leid\u017eia visi\u0161kai atsipalaiduoti po ilgos dienos, surandant tobul\u0105 atlo\u0161o ir koj\u0173 atramos kamp\u0105. Reguliuojamos galvos atramos dar labiau padidina komfort\u0105, palaikydamos kaklo stubur\u0105 ir galv\u0105 poilsio metu.<br \/>\nSofos s\u0117dyn\u0117 pagaminta i\u0161 didelio elastingumo putplas\u010dio ir poliuretano put\u0173, pritvirtint\u0173 prie vingiuot\u0173 spyruokli\u0173, kurios u\u017etikrina puik\u0173 atram\u0105 ir atsparum\u0105 deformacijai. Atlo\u0161as, savo ruo\u017etu, turi statinius dir\u017eus, poliuretano putas ir silikonin\u012f rutuliuk\u0173 \u012fd\u0117kl\u0105, u\u017etikrinant\u012f mink\u0161tum\u0105 ir ilgaam\u017ei\u0161kum\u0105. \u0160is med\u017eiag\u0173 derinys u\u017etikrina auk\u0161t\u0105 s\u0117d\u0117jimo komfort\u0105 ir malon\u0173 mink\u0161tumo poj\u016bt\u012f. \u201eSandra 3RF\u201c modelis taip pat i\u0161siskiria rafinuotu dizainu \u2013 dygsniuotas atlo\u0161as ir porankiai suteikia jam subtil\u0173, modern\u0173 charakter\u012f. \u0160i sofa puikiai tinka svetain\u0117ms su ribota erdve, si\u016blydama i\u0161skirtin\u012f komfort\u0105 gana kompakti\u0161kame dydyje. Jos plotis (184 cm), auk\u0161tis (82\u2013104 cm), gylis (109 cm) ir s\u0117dyn\u0117s auk\u0161tis (46 cm) sukuria proporcijas, kurios skatina komfort\u0105.<\/p>\n<p>Sofa si\u016bloma i\u0161 plataus audini\u0173 ir od\u0173 asortimento, tod\u0117l j\u0105 galima visi\u0161kai pritaikyti prie j\u016bs\u0173 interjero dizaino. Juodos metalin\u0117s kojel\u0117s pabr\u0117\u017eia modern\u0173 sofos charakter\u012f ir suteikia tvirt\u0105 atram\u0105 visai konstrukcijai. \u201eEtap Sandra 3RF\u201c sofa (2 viet\u0173) \u2013 tai pasirinkimas tiems, kurie vertina modernius sprendimus, auk\u0161t\u0105 komfort\u0105 ir tiksl\u0173 meistri\u0161kum\u0105.<\/p>","protected":false},"excerpt":{"rendered":"<p>Dydis (cm):<br \/>\nPlotis: 184<br \/>\nGylis: 109<br \/>\n\u016agis: 104<br \/>\nS\u0117dyn\u0117s auk\u0161tis: 46<\/p>","protected":false},"featured_media":208163,"comment_status":"open","ping_status":"closed","template":"","meta":[],"product_brand":[],"product_cat":[9133],"product_tag":[],"class_list":{"0":"post-208143","1":"product","2":"type-product","3":"status-publish","4":"has-post-thumbnail","6":"product_cat-grouped","8":"first","9":"instock","10":"shipping-taxable","11":"purchasable","12":"product-type-variable","13":"wvs-archive-product-wrapper"},"_links":{"self":[{"href":"https:\/\/baldumarket.lt\/lt\/wp-json\/wp\/v2\/product\/208143","targetHints":{"allow":["GET"]}}],"collection":[{"href":"https:\/\/baldumarket.lt\/lt\/wp-json\/wp\/v2\/product"}],"about":[{"href":"https:\/\/baldumarket.lt\/lt\/wp-json\/wp\/v2\/types\/product"}],"replies":[{"embeddable":true,"href":"https:\/\/baldumarket.lt\/lt\/wp-json\/wp\/v2\/comments?post=208143"}],"wp:featuredmedia":[{"embeddable":true,"href":"https:\/\/baldumarket.lt\/lt\/wp-json\/wp\/v2\/media\/208163"}],"wp:attachment":[{"href":"https:\/\/baldumarket.lt\/lt\/wp-json\/wp\/v2\/media?parent=208143"}],"wp:term":[{"taxonomy":"product_brand","embeddable":true,"href":"https:\/\/baldumarket.lt\/lt\/wp-json\/wp\/v2\/product_brand?post=208143"},{"taxonomy":"product_cat","embeddable":true,"href":"https:\/\/baldumarket.lt\/lt\/wp-json\/wp\/v2\/product_cat?post=208143"},{"taxonomy":"product_tag","embeddable":true,"href":"https:\/\/baldumarket.lt\/lt\/wp-json\/wp\/v2\/product_tag?post=208143"}],"curies":[{"name":"wp","href":"https:\/\/api.w.org\/{rel}","templated":true}]}}