{"id":208121,"date":"2025-12-25T23:41:02","date_gmt":"2025-12-25T20:41:02","guid":{"rendered":"https:\/\/baldumarket.lt\/?post_type=product&#038;p=208121"},"modified":"2026-02-03T23:17:41","modified_gmt":"2026-02-03T20:17:41","slug":"fotel-mellow-etap-sofa-gr2","status":"publish","type":"product","link":"https:\/\/baldumarket.lt\/lt\/product\/fotel-mellow-etap-sofa-gr2\/","title":{"rendered":"\u201eMellow Etap\u201c sofa Gr2 fotelis"},"content":{"rendered":"<p>\u201eEtap Sofa\u201c \u201eMellow\u201c fotelis \u2013 puikus pasirinkimas tiems, kurie vertina auk\u0161t\u0105 meistri\u0161kumo kokyb\u0119 ir i\u0161skirtin\u012f komfort\u0105. Modernus dizainas ir rafinuotos detal\u0117s paver\u010dia j\u012f i\u0161skirtiniu bet kokio interjero elementu. Tvirta konstrukcija ir patvari\u0173 med\u017eiag\u0173 naudojimas garantuoja ilgalaik\u012f naudojim\u0105 ir kasdienio poilsio malonum\u0105.<\/p>\n<p>S\u0117d\u0117jimo komfort\u0105 u\u017etikrina s\u0117dyn\u0117, u\u017epildyta vingiuotomis spyruokl\u0117mis, didelio elastingumo putomis ir poliuretano putomis, kurios suteikia ideali\u0105 atram\u0105 ir mink\u0161tum\u0105. Atlo\u0161as, pagamintas i\u0161 poliuretano put\u0173 ir elasting\u0173 dir\u017eeli\u0173, prisitaiko prie nugaros formos ir palaiko taisykling\u0105 laikysen\u0105. Reguliuojama galvos atrama u\u017ebaigia konstrukcij\u0105, leid\u017eian\u010di\u0105 pritaikyti pad\u0117t\u012f pagal individualius pageidavimus.<\/p>\n<p>\u201eMellow\u201c fotelis pasi\u017eymi pla\u010diais porankiais ir erdvia s\u0117dyne, u\u017etikrinan\u010dia i\u0161skirtin\u012f komfort\u0105 atsipalaiduojant, skaitant ar \u017ei\u016brint film\u0105. Tai u\u017etikrina, kad kiekviena akimirka, praleista \u0161iame balde, skatint\u0173 atsipalaidavim\u0105 ir regeneracij\u0105. Jo gerai apgalvotas dizainas, kiekvienas elementas atlieka konkret\u0173 vaidmen\u012f u\u017etikrinant maksimal\u0173 komfort\u0105.<\/p>\n<p>Fotelio pagrindas pagamintas i\u0161 metalini\u0173 kojeli\u0173, kurios gali b\u016bti dviej\u0173 apdailos variant\u0173: juodos arba \u0161lifuoto plieno. Jos suteikia visam baldui lengvumo, modernumo ir u\u017etikrina konstrukcijos stabilum\u0105. Bald\u0105 galima \u012fsigyti i\u0161 \u012fvairi\u0173 audini\u0173 ir od\u0173, tod\u0117l galite pritaikyti jo i\u0161vaizd\u0105 prie individuali\u0173 pageidavim\u0173 ir interjero dizaino.<\/p>\n<p>Fotelis yra tokio dyd\u017eio: plotis \u2013 124 cm, gylis \u2013 104 cm, auk\u0161tis \u2013 87 cm, o s\u0117dyn\u0117s auk\u0161tis \u2013 45 cm. D\u0117l \u0161i\u0173 proporcij\u0173 \u201eMellow\u201c fotelis puikiai tinka tiek erdvioms svetain\u0117ms, tiek jaukesn\u0117ms erdv\u0117ms. \u0160is baldas suteikia prabangaus komforto ir pabr\u0117\u017eia bet kokio interjero charakter\u012f.<\/p>","protected":false},"excerpt":{"rendered":"<p>Dydis (cm):<br \/>\nPlotis: 124<br \/>\nGylis: 104<br \/>\n\u016agis: 87<br \/>\nS\u0117dyn\u0117s auk\u0161tis: 45<\/p>","protected":false},"featured_media":208150,"comment_status":"open","ping_status":"closed","template":"","meta":[],"product_brand":[],"product_cat":[9133],"product_tag":[],"class_list":{"0":"post-208121","1":"product","2":"type-product","3":"status-publish","4":"has-post-thumbnail","6":"product_cat-grouped","8":"first","9":"instock","10":"shipping-taxable","11":"purchasable","12":"product-type-variable","13":"wvs-archive-product-wrapper"},"_links":{"self":[{"href":"https:\/\/baldumarket.lt\/lt\/wp-json\/wp\/v2\/product\/208121","targetHints":{"allow":["GET"]}}],"collection":[{"href":"https:\/\/baldumarket.lt\/lt\/wp-json\/wp\/v2\/product"}],"about":[{"href":"https:\/\/baldumarket.lt\/lt\/wp-json\/wp\/v2\/types\/product"}],"replies":[{"embeddable":true,"href":"https:\/\/baldumarket.lt\/lt\/wp-json\/wp\/v2\/comments?post=208121"}],"wp:featuredmedia":[{"embeddable":true,"href":"https:\/\/baldumarket.lt\/lt\/wp-json\/wp\/v2\/media\/208150"}],"wp:attachment":[{"href":"https:\/\/baldumarket.lt\/lt\/wp-json\/wp\/v2\/media?parent=208121"}],"wp:term":[{"taxonomy":"product_brand","embeddable":true,"href":"https:\/\/baldumarket.lt\/lt\/wp-json\/wp\/v2\/product_brand?post=208121"},{"taxonomy":"product_cat","embeddable":true,"href":"https:\/\/baldumarket.lt\/lt\/wp-json\/wp\/v2\/product_cat?post=208121"},{"taxonomy":"product_tag","embeddable":true,"href":"https:\/\/baldumarket.lt\/lt\/wp-json\/wp\/v2\/product_tag?post=208121"}],"curies":[{"name":"wp","href":"https:\/\/api.w.org\/{rel}","templated":true}]}}