{"id":208116,"date":"2025-12-25T23:40:23","date_gmt":"2025-12-25T20:40:23","guid":{"rendered":"https:\/\/baldumarket.lt\/?post_type=product&#038;p=208116"},"modified":"2026-02-03T23:17:41","modified_gmt":"2026-02-03T20:17:41","slug":"naroznik-mellow-etap-sofa-skora-l4","status":"publish","type":"product","link":"https:\/\/baldumarket.lt\/lt\/product\/naroznik-mellow-etap-sofa-skora-l4\/","title":{"rendered":"Mellow Etap kampin\u0117 sofa su odine danga L4"},"content":{"rendered":"<p>\u201eMellow Etap\u201c kampin\u0117 sofa skirta tiems, kurie vertina klasikin\u012f dizain\u0105 su moderniu akcentu. Paprasta forma kartu su rafinuotomis detal\u0117mis sukuria unikal\u0173 bald\u0105, kuris puikiai atrodys svetain\u0117je, darbo kambaryje ar miegamajame. Subtilios linijos ir kruop\u0161\u010diai apdirbti elementai paver\u010dia \u0161i\u0105 kampin\u0119 sof\u0105 harmoningu j\u016bs\u0173 interjero dizaino papildymu.<br \/>\nI\u0161skirtin\u012f komfort\u0105 u\u017etikrina du elektriniai atlo\u0161ai, leid\u017eiantys rasti patogiausi\u0105 poilsio pad\u0117t\u012f. \u0160is sprendimas puikiai tinka tiek kasdieniam poilsiui, tiek bendroms akimirkoms su artimaisiais. Be to, \u201eMellow\u201c modelis turi \u201ePuma\u201c miegojimo funkcij\u0105, leid\u017eian\u010di\u0105 greitai ir patogiai paruo\u0161ti 120 \u00d7 195 cm miegojimo viet\u0105.<br \/>\nKampin\u0117s sofos konstrukcija buvo sukurta galvojant apie auk\u0161\u010diausi\u0105 komforto lyg\u012f. S\u0117dyn\u0117s konstrukcijoje naudojama vingiuota spyruokl\u0117, didelio elastingumo putplastis ir poliuretano putplastis, u\u017etikrinantys baldo patvarum\u0105 ir atsparum\u0105 daugeliui met\u0173. Atlo\u0161as, pagamintas i\u0161 elasting\u0173 dir\u017eeli\u0173 ir poliuretano putplas\u010dio, suteikia tinkam\u0105 nugaros atram\u0105. Visas baldas remiasi \u012f metalines kojeles, kurios suteikia stabilumo ir industrinio charakterio.<br \/>\n\u201eMellow\u201c kampin\u0117 sofa yra 3RF(2xRF ele)-E-2.5F konfig\u016bracijos, L formos su kairi\u0105ja arba de\u0161ini\u0105ja puse. Reguliuojamos galvos atramos suteikia papildomo patogumo, leid\u017eian\u010dios pritaikyti atlo\u0161o auk\u0161t\u012f pagal individualius poreikius. Auk\u0161tos metalin\u0117s kojel\u0117s yra juodos arba \u0161lifuoto plieno spalvos, tod\u0117l baldus galite derinti prie savo interjero.<\/p>\n<p>\u0160is baldas i\u0161siskiria kruop\u0161\u010diu meistri\u0161kumu ir pla\u010diu audini\u0173 bei od\u0173 pasirinkimu, leid\u017eian\u010diu j\u012f pritaikyti pagal savo pageidavimus. Matmenys: plotis 281 cm, auk\u0161tis 87 cm, gylis 269 cm, o s\u0117dimosios dalies auk\u0161tis 45 cm. Kampin\u0117 sofa \u201eMellow\u201c \u2013 tai tobulas kokyb\u0117s, patogumo ir subalansuoto dizaino derinys, sukuriantis erdv\u0119, kurioje gal\u0117site atsipalaiduoti savo nam\u0173 jaukumoje.<\/p>","protected":false},"excerpt":{"rendered":"<p>Dydis (cm):<br \/>\nPlotis: 281<br \/>\nGylis: 269<br \/>\n\u016agis: 87<br \/>\nS\u0117dyn\u0117s auk\u0161tis: 45<\/p>","protected":false},"featured_media":208129,"comment_status":"open","ping_status":"closed","template":"","meta":[],"product_brand":[],"product_cat":[9133],"product_tag":[],"class_list":{"0":"post-208116","1":"product","2":"type-product","3":"status-publish","4":"has-post-thumbnail","6":"product_cat-grouped","8":"first","9":"instock","10":"shipping-taxable","11":"purchasable","12":"product-type-variable","13":"wvs-archive-product-wrapper"},"_links":{"self":[{"href":"https:\/\/baldumarket.lt\/lt\/wp-json\/wp\/v2\/product\/208116","targetHints":{"allow":["GET"]}}],"collection":[{"href":"https:\/\/baldumarket.lt\/lt\/wp-json\/wp\/v2\/product"}],"about":[{"href":"https:\/\/baldumarket.lt\/lt\/wp-json\/wp\/v2\/types\/product"}],"replies":[{"embeddable":true,"href":"https:\/\/baldumarket.lt\/lt\/wp-json\/wp\/v2\/comments?post=208116"}],"wp:featuredmedia":[{"embeddable":true,"href":"https:\/\/baldumarket.lt\/lt\/wp-json\/wp\/v2\/media\/208129"}],"wp:attachment":[{"href":"https:\/\/baldumarket.lt\/lt\/wp-json\/wp\/v2\/media?parent=208116"}],"wp:term":[{"taxonomy":"product_brand","embeddable":true,"href":"https:\/\/baldumarket.lt\/lt\/wp-json\/wp\/v2\/product_brand?post=208116"},{"taxonomy":"product_cat","embeddable":true,"href":"https:\/\/baldumarket.lt\/lt\/wp-json\/wp\/v2\/product_cat?post=208116"},{"taxonomy":"product_tag","embeddable":true,"href":"https:\/\/baldumarket.lt\/lt\/wp-json\/wp\/v2\/product_tag?post=208116"}],"curies":[{"name":"wp","href":"https:\/\/api.w.org\/{rel}","templated":true}]}}