{"id":208073,"date":"2025-12-25T23:38:11","date_gmt":"2025-12-25T20:38:11","guid":{"rendered":"https:\/\/baldumarket.lt\/?post_type=product&#038;p=208073"},"modified":"2026-02-03T23:17:44","modified_gmt":"2026-02-03T20:17:44","slug":"sofa-mellow-3f-etap-sofa-skora-l3","status":"publish","type":"product","link":"https:\/\/baldumarket.lt\/lt\/product\/sofa-mellow-3f-etap-sofa-skora-l3\/","title":{"rendered":"\u201eMellow 3F\u201c odin\u0117 sofa L3"},"content":{"rendered":"<p>Triviet\u0117 sofa \u201eMellow\u201c \u2013 puikus pasirinkimas tiems, kurie vertina auk\u0161t\u0105 meistri\u0161kumo kokyb\u0119 ir kasdien\u012f komfort\u0105. Sukurta svetain\u0117ms ir darbo kambariams, ji tampa poilsio erdv\u0117s traukos centru. Moderni forma ir kruop\u0161\u010diai parinktos proporcijos daro j\u0105 puikiu papildymu tiek klasikin\u0117se, tiek moderniose erdv\u0117se.<br \/>\n\u201eMellow\u201c modelis turi \u201ePUMA\u201c miegojimo funkcij\u0105, kuri lengvai transformuoja sof\u0105 \u012f patogi\u0105 120 x 190 cm lov\u0105. I\u0161lankstymo mechanizmas sukurtas taip, kad sofa b\u016bt\u0173 skland\u017eiai ir greitai i\u0161lankstyta neperkeliant jos \u012f viet\u0105. Tai leid\u017eia sofai b\u016bti patogia nakties poilsio vieta.<br \/>\nPapildomo patogumo suteikia reguliuojamos galvos atramos, kuri\u0173 auk\u0161t\u012f galite reguliuoti pagal savo individualius pageidavimus. Jos padidina s\u0117d\u0117jimo komfort\u0105 ir kaklo atram\u0105, o tai ypa\u010d svarbu ilgai ilsintis. Baldai tvirtinami ant metalini\u0173 kojeli\u0173, kurios gali b\u016bti dviej\u0173 apdailos variant\u0173: juodos arba \u0161lifuoto plieno. S\u0117dyn\u0117s konstrukcijoje naudojama banguota spyruokl\u0117, didelio elastingumo putplastis ir poliuretano putplastis, u\u017etikrinantys patvarum\u0105 ir auk\u0161t\u0105 komforto lyg\u012f. Atlo\u0161as pagamintas i\u0161 poliuretano putplas\u010dio kartu su elastiniais dir\u017eeliais, tod\u0117l sofa i\u0161laiko savo mink\u0161tum\u0105 ir elastingum\u0105. Kiekvienas elementas buvo kruop\u0161\u010diai sukurtas, siekiant u\u017etikrinti stabilum\u0105 ir komfort\u0105 ilgus metus.<\/p>\n<p>\u201eMellow\u201c sofa si\u016bloma i\u0161 plataus audini\u0173 ir od\u0173 asortimento, tod\u0117l galite pritaikyti jos i\u0161vaizd\u0105 pagal savo individualius pageidavimus. Sofos plotis \u2013 238 cm, gylis \u2013 104 cm, auk\u0161tis \u2013 87 cm, o s\u0117dimosios dalies auk\u0161tis \u2013 45 cm. Tai puikus pasirinkimas ie\u0161kantiems patogios poilsio vietos, kuri i\u0161siskiria rafinuotu dizainu ir auk\u0161tos kokyb\u0117s meistri\u0161kumu.<\/p>","protected":false},"excerpt":{"rendered":"<p>Dydis (cm):<br \/>\nPlotis: 238<br \/>\nGylis: 104<br \/>\n\u016agis: 87<br \/>\nS\u0117dyn\u0117s auk\u0161tis: 45<\/p>","protected":false},"featured_media":208083,"comment_status":"open","ping_status":"closed","template":"","meta":[],"product_brand":[],"product_cat":[9133],"product_tag":[],"class_list":{"0":"post-208073","1":"product","2":"type-product","3":"status-publish","4":"has-post-thumbnail","6":"product_cat-grouped","8":"first","9":"instock","10":"shipping-taxable","11":"purchasable","12":"product-type-variable","13":"wvs-archive-product-wrapper"},"_links":{"self":[{"href":"https:\/\/baldumarket.lt\/lt\/wp-json\/wp\/v2\/product\/208073","targetHints":{"allow":["GET"]}}],"collection":[{"href":"https:\/\/baldumarket.lt\/lt\/wp-json\/wp\/v2\/product"}],"about":[{"href":"https:\/\/baldumarket.lt\/lt\/wp-json\/wp\/v2\/types\/product"}],"replies":[{"embeddable":true,"href":"https:\/\/baldumarket.lt\/lt\/wp-json\/wp\/v2\/comments?post=208073"}],"wp:featuredmedia":[{"embeddable":true,"href":"https:\/\/baldumarket.lt\/lt\/wp-json\/wp\/v2\/media\/208083"}],"wp:attachment":[{"href":"https:\/\/baldumarket.lt\/lt\/wp-json\/wp\/v2\/media?parent=208073"}],"wp:term":[{"taxonomy":"product_brand","embeddable":true,"href":"https:\/\/baldumarket.lt\/lt\/wp-json\/wp\/v2\/product_brand?post=208073"},{"taxonomy":"product_cat","embeddable":true,"href":"https:\/\/baldumarket.lt\/lt\/wp-json\/wp\/v2\/product_cat?post=208073"},{"taxonomy":"product_tag","embeddable":true,"href":"https:\/\/baldumarket.lt\/lt\/wp-json\/wp\/v2\/product_tag?post=208073"}],"curies":[{"name":"wp","href":"https:\/\/api.w.org\/{rel}","templated":true}]}}