{"id":208010,"date":"2025-12-25T23:34:23","date_gmt":"2025-12-25T20:34:23","guid":{"rendered":"https:\/\/baldumarket.lt\/?post_type=product&#038;p=208010"},"modified":"2026-02-03T23:17:47","modified_gmt":"2026-02-03T20:17:47","slug":"luzi-hocker-etap-sofa-gr3","status":"publish","type":"product","link":"https:\/\/baldumarket.lt\/lt\/product\/luzi-hocker-etap-sofa-gr3\/","title":{"rendered":"Luzi Hocker Etap sofa Gr3"},"content":{"rendered":"<p>\u201eEtap Sofa\u201c \u201eLuzi\u201c taburet\u0117 \u2013 puikus pasirinkimas tiems, kurie vertina lengvo, modernaus dizaino baldus. Subtili forma puikiai tinka erdviems ir \u0161viesiems interjerams, suteikdama lengvumo poj\u016bt\u012f. \u0160is modelis buvo sukurtas galvojant apie harmoning\u0105 komforto ir estetikos derin\u012f.<br \/>\nK\u0117d\u0117s s\u0117dyn\u0117 pagaminta i\u0161 didelio elastingumo poliuretano put\u0173, paremta vingiuotomis spyruokl\u0117mis, u\u017etikrinan\u010diomis patvarum\u0105 ir tinkam\u0105 atram\u0105. Subtilus dygsniavimas s\u0117dyn\u0117s pavir\u0161iuje suteikia jai rafinuot\u0105 charakter\u012f ir pabr\u0117\u017eia kruop\u0161t\u0173 meistri\u0161kum\u0105. S\u0117dyn\u0117s auk\u0161tis yra 42 cm, tod\u0117l ji yra patogus fotelio, sofos ar kampin\u0117s sofos papildymas.<\/p>\n<p>Visas baldas stovi ant metalini\u0173 kojeli\u0173, kurios gali b\u016bti trij\u0173 spalv\u0173: juodos, vario ir sidabrin\u0117s. Plonas pagrindas pabr\u0117\u017eia modern\u0173 baldo vaizd\u0105 ir padeda palaikyti tvark\u0105 erdv\u0117je. Taburet\u0117 puikiai dera prie modernaus, lofto, industrinio ir glam\u016brinio stiliaus interjero. D\u0117l proporcing\u0173 matmen\u0173 \u2013 plotis 125 cm, gylis 72 cm ir bendras auk\u0161tis 42 cm \u2013 \u201eLuzi\u201c modelis gali atlikti \u012fvairius vaidmenis bet kokiame interjere. Jis gali tarnauti kaip papildoma s\u0117dyn\u0117, patogus pakojis arba, prid\u0117jus dekoratyvin\u012f pad\u0117kl\u0105, kaip staliukas. D\u0117l savo universalumo j\u012f lengva pritaikyti individualiems naudotojo poreikiams.<\/p>\n<p>\u0160is baldas si\u016blomas i\u0161 plataus audini\u0173 asortimento, tod\u0117l puikiai tiks bet kokio kambario interjerui. Kruop\u0161\u010diai atrinktos med\u017eiagos ir tikslus meistri\u0161kumas u\u017etikrina ilgaam\u017ei\u0161kum\u0105 ir i\u0161laiko pirmin\u0119 i\u0161vaizd\u0105 ilgus metus. \u201eLuzi\u201c taburet\u0117 puikiai papildo kolekcij\u0105, suteikdama interjerui darn\u0173 ir rafinuot\u0105 charakter\u012f.<\/p>","protected":false},"excerpt":{"rendered":"<p>Dydis (cm):<br \/>\nPlotis: 125<br \/>\nGylis: 72<br \/>\n\u016agis: 42<br \/>\nS\u0117dyn\u0117s auk\u0161tis: 42<\/p>","protected":false},"featured_media":208037,"comment_status":"open","ping_status":"closed","template":"","meta":[],"product_brand":[],"product_cat":[9133],"product_tag":[],"class_list":{"0":"post-208010","1":"product","2":"type-product","3":"status-publish","4":"has-post-thumbnail","6":"product_cat-grouped","8":"first","9":"instock","10":"shipping-taxable","11":"purchasable","12":"product-type-variable","13":"wvs-archive-product-wrapper"},"_links":{"self":[{"href":"https:\/\/baldumarket.lt\/lt\/wp-json\/wp\/v2\/product\/208010","targetHints":{"allow":["GET"]}}],"collection":[{"href":"https:\/\/baldumarket.lt\/lt\/wp-json\/wp\/v2\/product"}],"about":[{"href":"https:\/\/baldumarket.lt\/lt\/wp-json\/wp\/v2\/types\/product"}],"replies":[{"embeddable":true,"href":"https:\/\/baldumarket.lt\/lt\/wp-json\/wp\/v2\/comments?post=208010"}],"wp:featuredmedia":[{"embeddable":true,"href":"https:\/\/baldumarket.lt\/lt\/wp-json\/wp\/v2\/media\/208037"}],"wp:attachment":[{"href":"https:\/\/baldumarket.lt\/lt\/wp-json\/wp\/v2\/media?parent=208010"}],"wp:term":[{"taxonomy":"product_brand","embeddable":true,"href":"https:\/\/baldumarket.lt\/lt\/wp-json\/wp\/v2\/product_brand?post=208010"},{"taxonomy":"product_cat","embeddable":true,"href":"https:\/\/baldumarket.lt\/lt\/wp-json\/wp\/v2\/product_cat?post=208010"},{"taxonomy":"product_tag","embeddable":true,"href":"https:\/\/baldumarket.lt\/lt\/wp-json\/wp\/v2\/product_tag?post=208010"}],"curies":[{"name":"wp","href":"https:\/\/api.w.org\/{rel}","templated":true}]}}