{"id":208001,"date":"2025-12-25T23:34:14","date_gmt":"2025-12-25T20:34:14","guid":{"rendered":"https:\/\/baldumarket.lt\/?post_type=product&#038;p=208001"},"modified":"2026-02-03T23:17:48","modified_gmt":"2026-02-03T20:17:48","slug":"sofa-luzi-3dl-etap-sofa-skora-l3","status":"publish","type":"product","link":"https:\/\/baldumarket.lt\/lt\/product\/sofa-luzi-3dl-etap-sofa-skora-l3\/","title":{"rendered":"Luzi 3DL sofa Etap odin\u0117 sofa L3"},"content":{"rendered":"<p>\u201eEtap Sofa\u201c \u201eLuzi 3DL\u201c sofa \u2013 puikus pasirinkimas tiems, kurie vertina modern\u0173 dizain\u0105 ir lengvas formas. Plona konstrukcija ir auk\u0161tos metalin\u0117s kojel\u0117s suteikia baldui subtilumo, suteikdamos erdvumo poj\u016bt\u012f interjerui. Paprastos, pailgos nugaros pagalv\u0117l\u0117s leid\u017eia \u0161iam modeliui atrodyti tiek moderniuose, lofto ir industriniuose interjeruose, tiek ir rafinuotesn\u0117se erdv\u0117se.<\/p>\n<p>Sofos s\u0117dyn\u0117s yra dygsniuotos, pabr\u0117\u017eiant kruop\u0161t\u0173 meistri\u0161kum\u0105 ir d\u0117mes\u012f detal\u0117ms. Apval\u016bs porankiai suteikia dizainui mink\u0161tumo ir harmonijos, o apmu\u0161tas atlo\u0161as leid\u017eia j\u0105 pastatyti svetain\u0117s centre. Tai leid\u017eia sofai tarnauti kaip poilsio zonos traukos ta\u0161kas.<\/p>\n<p>\u201eLuzi 3DL\u201c modelis taip pat si\u016blo i\u0161lankstymo parinkt\u012f, tod\u0117l miegamojo plotas yra 128 x 193 cm. Viduje yra patalyn\u0117s skyrius, suteikiantis papildomos vietos daiktams susid\u0117ti. D\u0117l \u0161io sprendimo sofa tinka tiek svetain\u0117ms, tiek ma\u017eesn\u0117ms svetain\u0117ms. S\u0117dyn\u0117 turi vingiuotas spyruokles ir didelio elastingumo poliuretano putas, u\u017etikrinan\u010dias patog\u0173 s\u0117d\u0117jim\u0105. Atlo\u0161as u\u017epildytas silikono granul\u0117mis, kurios suteikia mink\u0161tumo ir elastingumo poj\u016bt\u012f. Metalin\u0117s kojel\u0117s yra trij\u0173 spalv\u0173: juodos, vario ir sidabrin\u0117s, tod\u0117l jas galima pritaikyti \u012fvairiems interjero dizainams.<\/p>\n<p>\u201eLuzi 3DL\u201c sofos plotis yra 234 cm, gylis 99 cm, auk\u0161tis 80 cm, o s\u0117dimosios dalies auk\u0161tis \u2013 42 cm. Galima rinktis i\u0161 \u012fvairi\u0173 audini\u0173, tod\u0117l spalvas galima puikiai derinti su kitais baldais. Jos forma ir proporcijos suteikia bet kokiam interjerui lengvumo ir modernumo.<\/p>","protected":false},"excerpt":{"rendered":"<p>Dydis (cm):<br \/>\nPlotis: 234<br \/>\nGylis: 99<br \/>\n\u016agis: 80<br \/>\nS\u0117dyn\u0117s auk\u0161tis: 42<\/p>","protected":false},"featured_media":208011,"comment_status":"open","ping_status":"closed","template":"","meta":[],"product_brand":[],"product_cat":[9133],"product_tag":[],"class_list":{"0":"post-208001","1":"product","2":"type-product","3":"status-publish","4":"has-post-thumbnail","6":"product_cat-grouped","8":"first","9":"instock","10":"shipping-taxable","11":"purchasable","12":"product-type-variable","13":"wvs-archive-product-wrapper"},"_links":{"self":[{"href":"https:\/\/baldumarket.lt\/lt\/wp-json\/wp\/v2\/product\/208001","targetHints":{"allow":["GET"]}}],"collection":[{"href":"https:\/\/baldumarket.lt\/lt\/wp-json\/wp\/v2\/product"}],"about":[{"href":"https:\/\/baldumarket.lt\/lt\/wp-json\/wp\/v2\/types\/product"}],"replies":[{"embeddable":true,"href":"https:\/\/baldumarket.lt\/lt\/wp-json\/wp\/v2\/comments?post=208001"}],"wp:featuredmedia":[{"embeddable":true,"href":"https:\/\/baldumarket.lt\/lt\/wp-json\/wp\/v2\/media\/208011"}],"wp:attachment":[{"href":"https:\/\/baldumarket.lt\/lt\/wp-json\/wp\/v2\/media?parent=208001"}],"wp:term":[{"taxonomy":"product_brand","embeddable":true,"href":"https:\/\/baldumarket.lt\/lt\/wp-json\/wp\/v2\/product_brand?post=208001"},{"taxonomy":"product_cat","embeddable":true,"href":"https:\/\/baldumarket.lt\/lt\/wp-json\/wp\/v2\/product_cat?post=208001"},{"taxonomy":"product_tag","embeddable":true,"href":"https:\/\/baldumarket.lt\/lt\/wp-json\/wp\/v2\/product_tag?post=208001"}],"curies":[{"name":"wp","href":"https:\/\/api.w.org\/{rel}","templated":true}]}}