{"id":207948,"date":"2025-12-25T23:31:25","date_gmt":"2025-12-25T20:31:25","guid":{"rendered":"https:\/\/baldumarket.lt\/?post_type=product&#038;p=207948"},"modified":"2026-02-03T23:17:50","modified_gmt":"2026-02-03T20:17:50","slug":"podnozek-fiord-etap-sofa-skora-l2","status":"publish","type":"product","link":"https:\/\/baldumarket.lt\/lt\/product\/podnozek-fiord-etap-sofa-skora-l2\/","title":{"rendered":"Fiord Etap sofos odinis pakojis L2"},"content":{"rendered":"<p>\u201eFiord Etap\u201c sofos pakojis \u2013 puikus pasirinkimas ie\u0161kantiems rafinuoto ir kokybi\u0161ko papildymo. Ak\u012f traukiantis dizainas paver\u010dia j\u012f svarbiu interjero elementu. Jis puikiai tinka tiek svetain\u0117ms, tiek biuro erdv\u0117ms.<br \/>\nSukurtas prie \u201eFiord\u201c kolekcijos foteli\u0173, jis taip pat gali stov\u0117ti atskirai. Klasikinis stilius leid\u017eia jam papildyti \u012fvairias dizaino koncepcijas, pagerinant bet kurio kambario estetik\u0105. Kruop\u0161tus meistri\u0161kumas u\u017etikrina patvarum\u0105 ir komfort\u0105.<br \/>\nKoj\u0173 k\u0117dut\u0117s s\u0117dyn\u0117 u\u017epildyta auk\u0161tos kokyb\u0117s med\u017eiagomis, \u012fskaitant zigzago spyruokles, didelio elastingumo putas ir poliuretano putas. Tai u\u017etikrina komfort\u0105 ir atram\u0105. Visa konstrukcija stovi ant medini\u0173 kojeli\u0173, kurios suteikia lengvumo, erdvumo poj\u016bt\u012f ir palengvina valym\u0105 aplink bald\u0105.<br \/>\nKoj\u0173 k\u0117dut\u0117 si\u016bloma su pla\u010diu apdailos pasirinkimu. Klientai gali rinktis i\u0161 \u012fvairi\u0173 audini\u0173 ir od\u0173, o koj\u0173 spalvas netgi derinti prie kit\u0173 bald\u0173. Galima rinktis i\u0161 \u0161i\u0173 spalv\u0173: venge, sendinto vy\u0161nios, nat\u016bralaus buko, nat\u016bralaus \u0105\u017euolo, rie\u0161uto, sidabro ir juodos.<\/p>\n<p>Pakoj\u0117l\u0117s matmenys buvo kruop\u0161\u010diai parinkti, siekiant i\u0161laikyti tinkamas proporcijas ir naudojimo patogum\u0105. Jos plotis yra 53 cm, auk\u0161tis 44 cm, o gylis 52 cm. D\u0117l \u0161i\u0173 matmen\u0173 \u201eFiord\u201c pakoj\u0117 puikiai tinka tiek didesniems, tiek jaukesniems interjerams, pabr\u0117\u017eiant j\u0173 charakter\u012f.<\/p>","protected":false},"excerpt":{"rendered":"<p>Dydis (cm):<br \/>\nPlotis: 53<br \/>\nGylis: 52<br \/>\n\u016agis: 44<br \/>\nS\u0117dyn\u0117s auk\u0161tis: 44<\/p>","protected":false},"featured_media":207960,"comment_status":"open","ping_status":"closed","template":"","meta":[],"product_brand":[],"product_cat":[9133],"product_tag":[],"class_list":{"0":"post-207948","1":"product","2":"type-product","3":"status-publish","4":"has-post-thumbnail","6":"product_cat-grouped","8":"first","9":"instock","10":"shipping-taxable","11":"purchasable","12":"product-type-variable","13":"wvs-archive-product-wrapper"},"_links":{"self":[{"href":"https:\/\/baldumarket.lt\/lt\/wp-json\/wp\/v2\/product\/207948","targetHints":{"allow":["GET"]}}],"collection":[{"href":"https:\/\/baldumarket.lt\/lt\/wp-json\/wp\/v2\/product"}],"about":[{"href":"https:\/\/baldumarket.lt\/lt\/wp-json\/wp\/v2\/types\/product"}],"replies":[{"embeddable":true,"href":"https:\/\/baldumarket.lt\/lt\/wp-json\/wp\/v2\/comments?post=207948"}],"wp:featuredmedia":[{"embeddable":true,"href":"https:\/\/baldumarket.lt\/lt\/wp-json\/wp\/v2\/media\/207960"}],"wp:attachment":[{"href":"https:\/\/baldumarket.lt\/lt\/wp-json\/wp\/v2\/media?parent=207948"}],"wp:term":[{"taxonomy":"product_brand","embeddable":true,"href":"https:\/\/baldumarket.lt\/lt\/wp-json\/wp\/v2\/product_brand?post=207948"},{"taxonomy":"product_cat","embeddable":true,"href":"https:\/\/baldumarket.lt\/lt\/wp-json\/wp\/v2\/product_cat?post=207948"},{"taxonomy":"product_tag","embeddable":true,"href":"https:\/\/baldumarket.lt\/lt\/wp-json\/wp\/v2\/product_tag?post=207948"}],"curies":[{"name":"wp","href":"https:\/\/api.w.org\/{rel}","templated":true}]}}