{"id":207913,"date":"2025-12-25T23:29:39","date_gmt":"2025-12-25T20:29:39","guid":{"rendered":"https:\/\/baldumarket.lt\/?post_type=product&#038;p=207913"},"modified":"2026-02-03T23:17:52","modified_gmt":"2026-02-03T20:17:52","slug":"ergo-fotel-etap-sofa-gr5","status":"publish","type":"product","link":"https:\/\/baldumarket.lt\/lt\/product\/ergo-fotel-etap-sofa-gr5\/","title":{"rendered":"Ergo fotelis Etap sofa Gr5"},"content":{"rendered":"<p>\u201eEtap Sofa\u201c \u201eErgo\u201c fotelis skirtas tiems, kurie vertina komfort\u0105 ir tvirt\u0105 meistri\u0161kum\u0105. Mink\u0161ta s\u0117dyn\u0117 ir kruop\u0161\u010diai suformuotas atlo\u0161as suteikia i\u0161skirtin\u012f komfort\u0105 atsipalaidavus. Reguliuojamos galvos atramos suteikia papildomo patogumo, leid\u017eian\u010dios pritaikyti k\u0117d\u0119 pagal individualius poreikius.<br \/>\nPaprastas ir subtilus fotelio dizainas puikiai tinka \u012fvairiems interjero dizainams. Ploni porankiai suteikia jam lengvumo ir erdvumo poj\u016bt\u012f, neu\u017egriozdindami erdv\u0117s. Fotelis gali b\u016bti aptrauktas tiek nat\u016bralia oda, tiek \u012fvairiais apmu\u0161alais, tod\u0117l galite pasirinkti apdail\u0105 pagal savo asmeninius pageidavimus.<br \/>\nS\u0117dyn\u0117 turi banguot\u0105 spyruokl\u0119, didelio elastingumo putas ir poliuretano putas, u\u017etikrinan\u010dias patvarum\u0105 ir komfort\u0105. Atlo\u0161as pagamintas i\u0161 statini\u0173 dir\u017e\u0173, poliuretano put\u0173 ir silikoninio \u012fd\u0117klo, kuris suteikia tinkam\u0105 atram\u0105 nugarai. Vis\u0105 bald\u0105 laiko tvirtos medin\u0117s kojel\u0117s, kurios gali b\u016bti \u012fvairi\u0173 spalv\u0173: venge, sendintos vy\u0161nios, nat\u016bralaus \u0105\u017euolo, rie\u0161uto ir klasikin\u0117s juodos. K\u0117d\u0117s matmenys buvo kruop\u0161\u010diai parinkti kasdieniam naudojimui. Jos plotis \u2013 88 cm, gylis \u2013 100 cm, auk\u0161tis \u2013 nuo 89 iki 101 cm, o s\u0117dyn\u0117s auk\u0161tis \u2013 47 cm. \u0160ie parametrai u\u017etikrina, kad \u201eErgo\u201c k\u0117d\u0117 b\u016bt\u0173 patogi s\u0117d\u0117ti ir harmoningai \u012fsiliet\u0173 \u012f bet koki\u0105 gyvenam\u0105j\u0105 erdv\u0119.<\/p>","protected":false},"excerpt":{"rendered":"<p>Dydis (cm):<br \/>\nPlotis: 88<br \/>\nGylis: 100<br \/>\n\u016agis: 101<br \/>\nS\u0117dyn\u0117s auk\u0161tis: 47<\/p>","protected":false},"featured_media":207937,"comment_status":"open","ping_status":"closed","template":"","meta":[],"product_brand":[],"product_cat":[9133],"product_tag":[],"class_list":{"0":"post-207913","1":"product","2":"type-product","3":"status-publish","4":"has-post-thumbnail","6":"product_cat-grouped","8":"first","9":"instock","10":"shipping-taxable","11":"purchasable","12":"product-type-variable","13":"wvs-archive-product-wrapper"},"_links":{"self":[{"href":"https:\/\/baldumarket.lt\/lt\/wp-json\/wp\/v2\/product\/207913","targetHints":{"allow":["GET"]}}],"collection":[{"href":"https:\/\/baldumarket.lt\/lt\/wp-json\/wp\/v2\/product"}],"about":[{"href":"https:\/\/baldumarket.lt\/lt\/wp-json\/wp\/v2\/types\/product"}],"replies":[{"embeddable":true,"href":"https:\/\/baldumarket.lt\/lt\/wp-json\/wp\/v2\/comments?post=207913"}],"wp:featuredmedia":[{"embeddable":true,"href":"https:\/\/baldumarket.lt\/lt\/wp-json\/wp\/v2\/media\/207937"}],"wp:attachment":[{"href":"https:\/\/baldumarket.lt\/lt\/wp-json\/wp\/v2\/media?parent=207913"}],"wp:term":[{"taxonomy":"product_brand","embeddable":true,"href":"https:\/\/baldumarket.lt\/lt\/wp-json\/wp\/v2\/product_brand?post=207913"},{"taxonomy":"product_cat","embeddable":true,"href":"https:\/\/baldumarket.lt\/lt\/wp-json\/wp\/v2\/product_cat?post=207913"},{"taxonomy":"product_tag","embeddable":true,"href":"https:\/\/baldumarket.lt\/lt\/wp-json\/wp\/v2\/product_tag?post=207913"}],"curies":[{"name":"wp","href":"https:\/\/api.w.org\/{rel}","templated":true}]}}