{"id":207904,"date":"2025-12-25T23:29:28","date_gmt":"2025-12-25T20:29:28","guid":{"rendered":"https:\/\/baldumarket.lt\/?post_type=product&#038;p=207904"},"modified":"2026-03-05T11:08:49","modified_gmt":"2026-03-05T08:08:49","slug":"naroznik-ergo-25f-e-1ht-bk-etap-sofa","status":"publish","type":"product","link":"https:\/\/baldumarket.lt\/lt\/product\/naroznik-ergo-25f-e-1ht-bk-etap-sofa\/","title":{"rendered":"ERGO 2.5F \u2013 E \u2013 1HT\/BK Etap Sofa kampin\u0117 sofa"},"content":{"rendered":"<p>\u201eEtap Sofa\u201c kampin\u0117 sofa \u201eErgo 2.5FE-1HT\/BK\u201c \u2013 tai baldas, i\u0161siskiriantis kasdieniu komfortu. Mink\u0161ta s\u0117dyn\u0117, kont\u016bruota atlo\u0161as ir reguliuojamos galvos atramos u\u017etikrina komfort\u0105 tiek dien\u0105, tiek vakare. \u0160is dizainas sukurtas tiems, kurie vertina auk\u0161tos kokyb\u0117s meistri\u0161kum\u0105 ir rafinuotas detales.<\/p>\n<p>\u0160is modelis turi miegojimo funkcij\u0105, kurios pavir\u0161iaus matmenys yra 120 \u00d7 197 cm, tod\u0117l jis tinka papildomai miegojimo vietai. Kampin\u0117je sofoje taip pat yra patalyn\u0117s skyrius, kuriame patogu laikyti antklodes ir pagalves. \u0160ie baldai atitinka tiek poilsio, tiek erdv\u0117s organizavimo poreikius.<\/p>\n<p>Visas baldas traukia d\u0117mes\u012f savo paprastu, nesenstan\u010diu dizainu. Siauri porankiai suteikia konstrukcijai lengvumo poj\u016bt\u012f, o kair\u0117s arba de\u0161in\u0117s (K\/D) konfig\u016bracijos galimyb\u0117 leid\u017eia pritaikyti kampin\u0119 sof\u0105 pagal individualius interjero poreikius. Sofa, kuri\u0105 galima \u012fsigyti tiek i\u0161 nat\u016bralios odos, tiek i\u0161 \u012fvairi\u0173 audini\u0173, yra \u012fvairi\u0173 apdailos variant\u0173. S\u0117dyn\u0117 pagaminta i\u0161 zigzago spyruokli\u0173, didelio elastingumo putplas\u010dio ir poliuretano put\u0173 derinio, u\u017etikrinan\u010dio patvarum\u0105 ir komfort\u0105. Atlo\u0161as pagamintas i\u0161 statini\u0173 dir\u017e\u0173, poliuretano put\u0173 ir silikoninio \u012fd\u0117klo, suteikian\u010dio mink\u0161t\u0105, bet stabili\u0105 nugaros atram\u0105. Medin\u0117s kojel\u0117s yra \u012fvairi\u0173 spalv\u0173: venge, sendinto vy\u0161nios, nat\u016bralaus buko, alksnio, nat\u016bralaus \u0105\u017euolo, rie\u0161utmed\u017eio, sidabro, vy\u0161nios ir juodos.<\/p>\n<p>Kampin\u0117s sofos matmenys kruop\u0161\u010diai pritaikyti prie jos naudotoj\u0173 poreiki\u0173. Bendras plotis yra 260 cm, gylis \u2013 209 cm, o auk\u0161tis d\u0117l reguliuojam\u0173 galvos atram\u0173 svyruoja nuo 89 iki 101 cm. S\u0117dyn\u0117s auk\u0161tis yra 47 cm, tod\u0117l patogu stov\u0117ti. \u201eErgo\u201c kampin\u0117 sofa \u2013 tai sprendimas, suteikiantis interjerui jaukumo ir sukuriantis puiki\u0105 aplink\u0105 poilsiui.<\/p>","protected":false},"excerpt":{"rendered":"<p>\u201eEtap Sofa\u201c kampin\u0117 sofa \u201eErgo 2.5FE-1HT\/BK\u201c \u2013 tai baldas, i\u0161siskiriantis kasdieniu komfortu. Mink\u0161ta s\u0117dyn\u0117, kont\u016bruota atlo\u0161as ir reguliuojamos galvos atramos u\u017etikrina komfort\u0105 tiek dien\u0105, tiek vakare. \u0160is dizainas buvo sukurtas tiems, kurie vertina auk\u0161tos kokyb\u0117s meistri\u0161kum\u0105 ir rafinuotas detales. \u0160i [\u2026]<\/p>","protected":false},"featured_media":207914,"comment_status":"open","ping_status":"closed","template":"","meta":[],"product_brand":[],"product_cat":[616,1983,6444],"product_tag":[],"class_list":{"0":"post-207904","1":"product","2":"type-product","3":"status-publish","4":"has-post-thumbnail","6":"product_cat-corners","7":"product_cat-corners-l","8":"product_cat-etap-sofa","10":"first","11":"instock","12":"shipping-taxable","13":"product-type-grouped"},"_links":{"self":[{"href":"https:\/\/baldumarket.lt\/lt\/wp-json\/wp\/v2\/product\/207904","targetHints":{"allow":["GET"]}}],"collection":[{"href":"https:\/\/baldumarket.lt\/lt\/wp-json\/wp\/v2\/product"}],"about":[{"href":"https:\/\/baldumarket.lt\/lt\/wp-json\/wp\/v2\/types\/product"}],"replies":[{"embeddable":true,"href":"https:\/\/baldumarket.lt\/lt\/wp-json\/wp\/v2\/comments?post=207904"}],"wp:featuredmedia":[{"embeddable":true,"href":"https:\/\/baldumarket.lt\/lt\/wp-json\/wp\/v2\/media\/207914"}],"wp:attachment":[{"href":"https:\/\/baldumarket.lt\/lt\/wp-json\/wp\/v2\/media?parent=207904"}],"wp:term":[{"taxonomy":"product_brand","embeddable":true,"href":"https:\/\/baldumarket.lt\/lt\/wp-json\/wp\/v2\/product_brand?post=207904"},{"taxonomy":"product_cat","embeddable":true,"href":"https:\/\/baldumarket.lt\/lt\/wp-json\/wp\/v2\/product_cat?post=207904"},{"taxonomy":"product_tag","embeddable":true,"href":"https:\/\/baldumarket.lt\/lt\/wp-json\/wp\/v2\/product_tag?post=207904"}],"curies":[{"name":"wp","href":"https:\/\/api.w.org\/{rel}","templated":true}]}}