{"id":207870,"date":"2025-12-25T23:27:38","date_gmt":"2025-12-25T20:27:38","guid":{"rendered":"https:\/\/baldumarket.lt\/?post_type=product&#038;p=207870"},"modified":"2026-02-03T23:17:54","modified_gmt":"2026-02-03T20:17:54","slug":"ergo-sofa-3f-etap-sofa-gr5","status":"publish","type":"product","link":"https:\/\/baldumarket.lt\/lt\/product\/ergo-sofa-3f-etap-sofa-gr5\/","title":{"rendered":"Ergo sofa 3F Etap sofa Gr5"},"content":{"rendered":"<p>\u201eEtap Sofa\u201c \u201eErgo 3F\u201c sofa skirta tiems, kurie vertina kasdienio poilsio komfort\u0105. Mink\u0161ta s\u0117dyn\u0117, i\u0161lenktas atlo\u0161as ir reguliuojamos galvos atramos u\u017etikrina didel\u012f komfort\u0105 tiek s\u0117dint, tiek trumpoms pertrauk\u0117l\u0117ms dienos metu. D\u0117l savo dizaino sofa skatina atsipalaidavim\u0105 ir leid\u017eia visi\u0161kai prisitaikyti prie individuali\u0173 naudotojo poreiki\u0173.<\/p>\n<p>\u0160is modelis turi sedalifto miegojimo funkcij\u0105, kuri leid\u017eia greitai ir lengvai i\u0161skleisti sof\u0105. I\u0161skleista sofa suteikia 139 x 194 cm miegojimo plot\u0105, tod\u0117l ja patogu naudotis net nakt\u012f. \u0160is prakti\u0161kas sprendimas sujungia kasdien\u012f poils\u012f su galimybe nakvoti sve\u010diams.<\/p>\n<p>\u201eErgo 3F\u201c sofa pagaminta i\u0161 kruop\u0161\u010diai atrinkt\u0173 med\u017eiag\u0173. S\u0117dyn\u0117 pagaminta i\u0161 banguot\u0173 spyruokli\u0173, didelio elastingumo put\u0173 ir poliuretano put\u0173, u\u017etikrinan\u010di\u0173 patvarum\u0105 ir atsparum\u0105. Atlo\u0161as turi statinius dir\u017eus, poliuretano putas ir silikonin\u012f \u012fd\u0117kl\u0105, kurie suteikia mink\u0161tumo ir stabilumo poj\u016bt\u012f. Dizain\u0105 papildo medin\u0117s kojel\u0117s, kurios yra \u012fvairi\u0173 spalv\u0173: venge, sendinta vy\u0161nia, nat\u016bralus bukas, alksnis, nat\u016bralus \u0105\u017euolas, rie\u0161utmedis, sidabrin\u0117, vy\u0161nia ir juoda. Klientai taip pat gali rinktis apmu\u0161alus i\u0161 plataus audini\u0173 ir nat\u016bralios odos asortimento. Tai leid\u017eia sof\u0105 pritaikyti \u012fvairiems interjerams ir estetiniams pageidavimams.<\/p>\n<p>Sofos matmenys buvo kruop\u0161\u010diai parinkti, siekiant i\u0161laikyti proporcijas ir u\u017etikrinti komfort\u0105. Sofos plotis yra 192 cm, gylis 100 cm, o auk\u0161tis \u2013 89\u2013101 cm, priklausomai nuo galvos atramos pad\u0117ties. 47 cm s\u0117dyn\u0117s auk\u0161tis leid\u017eia patogiai s\u0117d\u0117ti tiek vyresniems, tiek jaunesniems nam\u0173 \u016bkio nariams.<\/p>","protected":false},"excerpt":{"rendered":"<p>Dydis (cm):<br \/>\nPlotis: 192<br \/>\nGylis: 100<br \/>\n\u016agis: 101<br \/>\nS\u0117dyn\u0117s auk\u0161tis: 47<\/p>","protected":false},"featured_media":207885,"comment_status":"open","ping_status":"closed","template":"","meta":[],"product_brand":[],"product_cat":[9133],"product_tag":[],"class_list":{"0":"post-207870","1":"product","2":"type-product","3":"status-publish","4":"has-post-thumbnail","6":"product_cat-grouped","8":"first","9":"instock","10":"shipping-taxable","11":"purchasable","12":"product-type-variable","13":"wvs-archive-product-wrapper"},"_links":{"self":[{"href":"https:\/\/baldumarket.lt\/lt\/wp-json\/wp\/v2\/product\/207870","targetHints":{"allow":["GET"]}}],"collection":[{"href":"https:\/\/baldumarket.lt\/lt\/wp-json\/wp\/v2\/product"}],"about":[{"href":"https:\/\/baldumarket.lt\/lt\/wp-json\/wp\/v2\/types\/product"}],"replies":[{"embeddable":true,"href":"https:\/\/baldumarket.lt\/lt\/wp-json\/wp\/v2\/comments?post=207870"}],"wp:featuredmedia":[{"embeddable":true,"href":"https:\/\/baldumarket.lt\/lt\/wp-json\/wp\/v2\/media\/207885"}],"wp:attachment":[{"href":"https:\/\/baldumarket.lt\/lt\/wp-json\/wp\/v2\/media?parent=207870"}],"wp:term":[{"taxonomy":"product_brand","embeddable":true,"href":"https:\/\/baldumarket.lt\/lt\/wp-json\/wp\/v2\/product_brand?post=207870"},{"taxonomy":"product_cat","embeddable":true,"href":"https:\/\/baldumarket.lt\/lt\/wp-json\/wp\/v2\/product_cat?post=207870"},{"taxonomy":"product_tag","embeddable":true,"href":"https:\/\/baldumarket.lt\/lt\/wp-json\/wp\/v2\/product_tag?post=207870"}],"curies":[{"name":"wp","href":"https:\/\/api.w.org\/{rel}","templated":true}]}}