{"id":207857,"date":"2025-12-25T23:26:59","date_gmt":"2025-12-25T20:26:59","guid":{"rendered":"https:\/\/baldumarket.lt\/?post_type=product&#038;p=207857"},"modified":"2026-02-03T23:17:55","modified_gmt":"2026-02-03T20:17:55","slug":"hocker-calimero-etap-sofa-skora-l3","status":"publish","type":"product","link":"https:\/\/baldumarket.lt\/lt\/product\/hocker-calimero-etap-sofa-skora-l3\/","title":{"rendered":"\u201eCalimero Step\u201c odin\u0117 sofa L3"},"content":{"rendered":"<p>\u201eEtap Sofa\u201c \u201eCalimero\u201c taburet\u0117 \u2013 puikus pasirinkimas tiems, kurie vertina tvirt\u0105 meistri\u0161kum\u0105 ir modern\u0173 dizain\u0105. D\u0117l industrinio stiliaus ji tampa \u012fdomiu akcentu bet kurioje svetain\u0117je. D\u0117l kompakti\u0161kos formos ji puikiai tinka tiek kaip papildoma s\u0117dima vieta, tiek kaip dekoratyvinis elementas.<br \/>\nTaburet\u0117s konstrukcija paremta auk\u0161tomis kojel\u0117mis, kurios suteikia jai lengvumo, erdvumo poj\u016bt\u012f ir palengvina tvarkos palaikym\u0105 erdv\u0117je. Vartotojai gali rinktis vario spalvos metalines arba nat\u016bralaus \u0105\u017euolo spalvos medines kojas, tod\u0117l jas galima pritaikyti prie individuali\u0173 interjero dizaino pageidavim\u0173. Abi versijos pasi\u017eymi patvarumu ir stabilumu.<br \/>\nS\u0117dyn\u0117 u\u017epildyta labai elastingomis, deformacijai atspariomis putomis, u\u017etikrinan\u010diomis optimal\u0173 komfort\u0105 naudojimo metu. Elastiniai dir\u017eeliai taip pat sustiprina konstrukcij\u0105 ir padidina jos patvarum\u0105. Tai u\u017etikrina, kad taburet\u0117 i\u0161laiko savo pradin\u0119 form\u0105 net ir po intensyvaus naudojimo.<br \/>\n\u201eCalimero\u201c taburet\u0117 si\u016bloma su \u012fvairiais apmu\u0161al\u0173 audiniais, tod\u0117l j\u0105 galima pritaikyti prie bet kokio interjero stiliaus. Nepriklausomai nuo pasirinktos med\u017eiagos, gaminys i\u0161laiko auk\u0161t\u0105 estetik\u0105 ir d\u0117mes\u012f detal\u0117ms. Gamintojas u\u017etikrino, kad kiekvienas elementas b\u016bt\u0173 kruop\u0161\u010diai apdirbtas, pabr\u0117\u017eiant jo meistri\u0161kumo kokyb\u0119.<\/p>\n<p>Pufo matmenys yra 76 cm plo\u010dio, 49 cm auk\u0161\u010dio ir 68 cm gylio, tod\u0117l jo proporcijos leid\u017eia patogiai naudoti ir neu\u017eima daug vietos. Nepaisant stambios i\u0161vaizdos, pufas yra steb\u0117tinai lengvas ir lengvai perkeliamas, tod\u0117l yra prakti\u0161kas kasdienio gyvenimo nam\u0173 papildymas.<\/p>","protected":false},"excerpt":{"rendered":"<p>Dydis (cm):<br \/>\nPlotis: 76<br \/>\nGylis: 68<br \/>\n\u016agis: 49<br \/>\nS\u0117dyn\u0117s auk\u0161tis: 49<\/p>","protected":false},"featured_media":207873,"comment_status":"open","ping_status":"closed","template":"","meta":[],"product_brand":[],"product_cat":[9133],"product_tag":[],"class_list":{"0":"post-207857","1":"product","2":"type-product","3":"status-publish","4":"has-post-thumbnail","6":"product_cat-grouped","8":"first","9":"instock","10":"shipping-taxable","11":"purchasable","12":"product-type-variable","13":"wvs-archive-product-wrapper"},"_links":{"self":[{"href":"https:\/\/baldumarket.lt\/lt\/wp-json\/wp\/v2\/product\/207857","targetHints":{"allow":["GET"]}}],"collection":[{"href":"https:\/\/baldumarket.lt\/lt\/wp-json\/wp\/v2\/product"}],"about":[{"href":"https:\/\/baldumarket.lt\/lt\/wp-json\/wp\/v2\/types\/product"}],"replies":[{"embeddable":true,"href":"https:\/\/baldumarket.lt\/lt\/wp-json\/wp\/v2\/comments?post=207857"}],"wp:featuredmedia":[{"embeddable":true,"href":"https:\/\/baldumarket.lt\/lt\/wp-json\/wp\/v2\/media\/207873"}],"wp:attachment":[{"href":"https:\/\/baldumarket.lt\/lt\/wp-json\/wp\/v2\/media?parent=207857"}],"wp:term":[{"taxonomy":"product_brand","embeddable":true,"href":"https:\/\/baldumarket.lt\/lt\/wp-json\/wp\/v2\/product_brand?post=207857"},{"taxonomy":"product_cat","embeddable":true,"href":"https:\/\/baldumarket.lt\/lt\/wp-json\/wp\/v2\/product_cat?post=207857"},{"taxonomy":"product_tag","embeddable":true,"href":"https:\/\/baldumarket.lt\/lt\/wp-json\/wp\/v2\/product_tag?post=207857"}],"curies":[{"name":"wp","href":"https:\/\/api.w.org\/{rel}","templated":true}]}}