{"id":207839,"date":"2025-12-25T23:26:16","date_gmt":"2025-12-25T20:26:16","guid":{"rendered":"https:\/\/baldumarket.lt\/?post_type=product&#038;p=207839"},"modified":"2026-03-05T11:08:49","modified_gmt":"2026-03-05T08:08:49","slug":"fotel-henry-etap-sofa","status":"publish","type":"product","link":"https:\/\/baldumarket.lt\/lt\/product\/fotel-henry-etap-sofa\/","title":{"rendered":"HENRY Etap sofos fotelis"},"content":{"rendered":"<p>\u201eEtap Sofa\u201c Henry fotelis skirtas ie\u0161kantiems nesenstan\u010dio baldo. Jo dizainas derina moderni\u0173 tendencij\u0173 gaivum\u0105 su klasikiniais akcentais, tod\u0117l jis puikiai tinka bet kuriam svetain\u0117s, miegamojo ar sve\u010di\u0173 kambario interjerui. Kruop\u0161\u010diai suprojektuota forma sukuria unikaliai vientis\u0105 ir harmoning\u0105 bendr\u0105 vaizd\u0105.<br \/>\nYpa\u010d verta d\u0117mesio dygsniuota nugaros atrama, suteikianti bendram dizainui subtilaus gylio. Aptaki \u0161on\u0173 ir poranki\u0173 forma suteikia baldui lengvumo poj\u016bt\u012f, pabr\u0117\u017eiant jo rafinuot\u0105 apdail\u0105. Visas baldas stovi ant medini\u0173 kojeli\u0173, kurios gali b\u016bti venge, sendintos vy\u0161nios, nat\u016bralaus buko, nat\u016bralaus \u0105\u017euolo, rie\u0161utmed\u017eio, taip pat sidabrin\u0117s arba juodos spalvos.<br \/>\nS\u0117dyn\u0117 pagaminta i\u0161 vingiuotos spyruokl\u0117s ir u\u017epildyta didelio elastingumo putomis, kurios u\u017etikrina tinkam\u0105 atram\u0105 ir mink\u0161tum\u0105. Atlo\u0161as apr\u016bpintas statiniais dir\u017eais, didelio elastingumo putomis ir silikoniniu \u012fd\u0117klu, u\u017etikrinan\u010diu patog\u0173 poils\u012f. Naudotos med\u017eiagos garantuoja patvarum\u0105 ir komfort\u0105 net ir intensyviai naudojant.<br \/>\n\u201eHenry\u201c fotelis si\u016blomas su pla\u010diu apdail\u0173 pasirinkimu \u2013 i\u0161 \u012fvairi\u0173 audini\u0173 ir od\u0173, tod\u0117l j\u012f galima derinti prie j\u016bs\u0173 interjero stiliaus. Auk\u0161tos kojel\u0117s ne tik suteikia jam lengvumo, bet ir palengvina valym\u0105. \u0160is sprendimas leid\u017eia pritaikyti baldo i\u0161vaizd\u0105 pagal individualius pageidavimus.<\/p>\n<p>Kr\u0117slo matmenys buvo tiksliai pritaikyti kasdienio naudojimo poreikiams. Jo plotis yra 91 cm, auk\u0161tis 107 cm, o gylis 94 cm. Be to, s\u0117dyn\u0117s auk\u0161tis yra 47 cm, tod\u0117l u\u017etikrinamas komfortas ilgo poilsio metu. Visi \u0161ie elementai Henry kr\u0117sl\u0105 paver\u010dia gaminiu, i\u0161siskirian\u010diu savo kokybe ir rafinuotomis detal\u0117mis.<\/p>","protected":false},"excerpt":{"rendered":"<p>\u201eEtap Sofa\u201c Henry fotelis skirtas ie\u0161kantiems nesenstan\u010dio baldo. Jo dizainas derina \u0161iuolaikini\u0173 tendencij\u0173 gaivum\u0105 su klasikiniais akcentais, tod\u0117l jis puikiai tinka bet kuriam svetain\u0117s, miegamojo ar sve\u010di\u0173 kambario interjerui. Kruop\u0161\u010diai sukurta forma sukuria unikali\u0105 darni\u0105 ir harmoning\u0105 bendr\u0105 i\u0161vaizd\u0105. Dygsniuotas atlo\u0161as, [\u2026]<\/p>","protected":false},"featured_media":207847,"comment_status":"open","ping_status":"closed","template":"","meta":[],"product_brand":[],"product_cat":[634,6444],"product_tag":[],"class_list":{"0":"post-207839","1":"product","2":"type-product","3":"status-publish","4":"has-post-thumbnail","6":"product_cat-armchairs","7":"product_cat-etap-sofa","9":"first","10":"instock","11":"shipping-taxable","12":"product-type-grouped"},"_links":{"self":[{"href":"https:\/\/baldumarket.lt\/lt\/wp-json\/wp\/v2\/product\/207839","targetHints":{"allow":["GET"]}}],"collection":[{"href":"https:\/\/baldumarket.lt\/lt\/wp-json\/wp\/v2\/product"}],"about":[{"href":"https:\/\/baldumarket.lt\/lt\/wp-json\/wp\/v2\/types\/product"}],"replies":[{"embeddable":true,"href":"https:\/\/baldumarket.lt\/lt\/wp-json\/wp\/v2\/comments?post=207839"}],"wp:featuredmedia":[{"embeddable":true,"href":"https:\/\/baldumarket.lt\/lt\/wp-json\/wp\/v2\/media\/207847"}],"wp:attachment":[{"href":"https:\/\/baldumarket.lt\/lt\/wp-json\/wp\/v2\/media?parent=207839"}],"wp:term":[{"taxonomy":"product_brand","embeddable":true,"href":"https:\/\/baldumarket.lt\/lt\/wp-json\/wp\/v2\/product_brand?post=207839"},{"taxonomy":"product_cat","embeddable":true,"href":"https:\/\/baldumarket.lt\/lt\/wp-json\/wp\/v2\/product_cat?post=207839"},{"taxonomy":"product_tag","embeddable":true,"href":"https:\/\/baldumarket.lt\/lt\/wp-json\/wp\/v2\/product_tag?post=207839"}],"curies":[{"name":"wp","href":"https:\/\/api.w.org\/{rel}","templated":true}]}}