{"id":207797,"date":"2025-12-25T23:23:47","date_gmt":"2025-12-25T20:23:47","guid":{"rendered":"https:\/\/baldumarket.lt\/?post_type=product&#038;p=207797"},"modified":"2026-02-03T23:17:59","modified_gmt":"2026-02-03T20:17:59","slug":"sofa-henry-2-etap-sofa-gr1","status":"publish","type":"product","link":"https:\/\/baldumarket.lt\/lt\/product\/sofa-henry-2-etap-sofa-gr1\/","title":{"rendered":"Henry 2 scenos sofa Gr1"},"content":{"rendered":"<p>\u201eHenry 2 Etap\u201c sofa puikiai tinka ie\u0161kantiems nesenstan\u010dio charakterio baldo. Jos dizainas apjungia ir modernius akcentus, ir tradicines detales, tod\u0117l puikiai tinka \u012fvairioms nam\u0173 erdv\u0117ms. Ji gali b\u016bti pagrindinis svetain\u0117s, miegamojo ar sve\u010di\u0173 kambario akcentas, sukuriantis maloni\u0105 atmosfer\u0105.<br \/>\nVerta pamin\u0117ti kruop\u0161t\u0173 meistri\u0161kum\u0105, garantuojant\u012f auk\u0161t\u0105 komforto lyg\u012f. S\u0117dyn\u0117, paremta vingiuota spyruokle ir didelio elastingumo putomis, suteikia mink\u0161tumo ir tinkam\u0105 atram\u0105. Atlo\u0161as u\u017epildytas statiniais dir\u017eais, didelio elastingumo putomis ir silikoniniu \u012fd\u0117klu, kurie skatina atsipalaidavim\u0105 net ir ilgai naudojant.<br \/>\nI\u0161skirtinis sofos bruo\u017eas \u2013 auk\u0161tos medin\u0117s kojel\u0117s, kurias galima rinktis i\u0161 \u012fvairi\u0173 spalv\u0173: venge, sendintos vy\u0161nios, nat\u016bralaus buko, nat\u016bralaus \u0105\u017euolo, rie\u0161uto, taip pat sidabrin\u0117s ir juodos. \u012e vir\u0161\u0173 i\u0161siki\u0161usios kojel\u0117s suteikia lengvumo ir palengvina tvarkos palaikym\u0105 erdv\u0117je. Dygsniuota s\u0117dyn\u0117 ir aptaki poranki\u0173 bei \u0161on\u0173 forma pabr\u0117\u017eia rafinuot\u0105 dizain\u0105. Gamintojas si\u016blo plat\u0173 audini\u0173 ir od\u0173 pasirinkim\u0105, leid\u017eiant\u012f pritaikyti \u201eHenry\u201c sof\u0105 pagal individualius estetinius pageidavimus. Galimyb\u0117 suasmeninti apmu\u0161alus rei\u0161kia, kad \u0161is baldas harmoningai dera tiek su \u0161viesiu, tiek su tamsesniu dekoru. Tai sprendimas tiems, kurie vertina nuoseklum\u0105 ir d\u0117mes\u012f detal\u0117ms.<\/p>\n<p>Sofos matmenys buvo tiksliai pritaikyti kasdienio naudojimo poreikiams. Jos plotis \u2013 144 cm, auk\u0161tis \u2013 107 cm, gylis \u2013 94 cm, o s\u0117dyn\u0117s auk\u0161tis \u2013 47 cm. \u0160ios proporcijos u\u017etikrina patogi\u0105 s\u0117d\u0117jimo viet\u0105 ir daro \u201eHenry\u201c sof\u0105 tinkamu pasirinkimu \u012fvairaus dyd\u017eio kambariams.<\/p>","protected":false},"excerpt":{"rendered":"<p>Dydis (cm):<br \/>\nPlotis: 144<br \/>\nGylis: 94<br \/>\n\u016agis: 107<br \/>\nS\u0117dyn\u0117s auk\u0161tis: 47<\/p>","protected":false},"featured_media":207826,"comment_status":"open","ping_status":"closed","template":"","meta":[],"product_brand":[],"product_cat":[9133],"product_tag":[],"class_list":{"0":"post-207797","1":"product","2":"type-product","3":"status-publish","4":"has-post-thumbnail","6":"product_cat-grouped","8":"first","9":"instock","10":"shipping-taxable","11":"purchasable","12":"product-type-variable","13":"wvs-archive-product-wrapper"},"_links":{"self":[{"href":"https:\/\/baldumarket.lt\/lt\/wp-json\/wp\/v2\/product\/207797","targetHints":{"allow":["GET"]}}],"collection":[{"href":"https:\/\/baldumarket.lt\/lt\/wp-json\/wp\/v2\/product"}],"about":[{"href":"https:\/\/baldumarket.lt\/lt\/wp-json\/wp\/v2\/types\/product"}],"replies":[{"embeddable":true,"href":"https:\/\/baldumarket.lt\/lt\/wp-json\/wp\/v2\/comments?post=207797"}],"wp:featuredmedia":[{"embeddable":true,"href":"https:\/\/baldumarket.lt\/lt\/wp-json\/wp\/v2\/media\/207826"}],"wp:attachment":[{"href":"https:\/\/baldumarket.lt\/lt\/wp-json\/wp\/v2\/media?parent=207797"}],"wp:term":[{"taxonomy":"product_brand","embeddable":true,"href":"https:\/\/baldumarket.lt\/lt\/wp-json\/wp\/v2\/product_brand?post=207797"},{"taxonomy":"product_cat","embeddable":true,"href":"https:\/\/baldumarket.lt\/lt\/wp-json\/wp\/v2\/product_cat?post=207797"},{"taxonomy":"product_tag","embeddable":true,"href":"https:\/\/baldumarket.lt\/lt\/wp-json\/wp\/v2\/product_tag?post=207797"}],"curies":[{"name":"wp","href":"https:\/\/api.w.org\/{rel}","templated":true}]}}