{"id":207776,"date":"2025-12-25T23:22:36","date_gmt":"2025-12-25T20:22:36","guid":{"rendered":"https:\/\/baldumarket.lt\/?post_type=product&#038;p=207776"},"modified":"2026-02-03T23:18:00","modified_gmt":"2026-02-03T20:18:00","slug":"sofa-henry-3-etap-sofa-gr1","status":"publish","type":"product","link":"https:\/\/baldumarket.lt\/lt\/product\/sofa-henry-3-etap-sofa-gr1\/","title":{"rendered":"Henry 3 pakop\u0173 sofa Gr1"},"content":{"rendered":"<p>\u201eHenry 3 Etap\u201c sofa \u2013 puikus pasirinkimas tiems, kurie vertina nesenstan\u010dius interjero dizaino sprendimus. Jos dizainas derina modernius akcentus su tradiciniais elementais, tod\u0117l tinka \u012fvairi\u0173 stili\u0173 kambariams. Ji atrodo \u012fsp\u016bdingai tiek svetain\u0117je, tiek sve\u010di\u0173 kambaryje ar miegamajame.<br \/>\nVerta atkreipti d\u0117mes\u012f \u012f dygsniuot\u0105 atlo\u0161\u0105 ir \u0161velniai u\u017eapvalintus \u0161onus, suteikian\u010dius sofai unikal\u0173 charakter\u012f. Auk\u0161tos kojel\u0117s puikiai tinka patalpoms su grindiniu \u0161ildymu ir suteikia sofai lengvumo poj\u016bt\u012f. Visa sofa sukurta taip, kad patenkint\u0173 net ir reikliausi\u0173 vartotoj\u0173 poreikius.<br \/>\nAtpalaiduojant\u012f komfort\u0105 garantuoja kruop\u0161\u010diai pagaminta konstrukcija. S\u0117dyn\u0117 pagaminta i\u0161 vingiuot\u0173 spyruokli\u0173 ir didelio elastingumo put\u0173 derinio, u\u017etikrinan\u010dio tinkam\u0105 atram\u0105 ir komfort\u0105. Atlo\u0161as remiasi \u012f statinius dir\u017eus, pripildytus didelio elastingumo putomis ir silikoniniu \u012fd\u0117klu, kurie skatina mink\u0161tum\u0105 ir atsipalaidavim\u0105.<br \/>\nGamintojas si\u016blo plat\u0173 apdailos pasirinkim\u0105, leid\u017eiant\u012f pritaikyti baldus pagal individualius pageidavimus. Galima rinktis i\u0161 \u012fvairi\u0173 audini\u0173 ir od\u0173, taip pat ir koj\u0173 spalv\u0173: venge, sendinto vy\u0161nios, nat\u016bralaus buko, nat\u016bralaus \u0105\u017euolo, rie\u0161uto, sidabro ir juodos. Tai leid\u017eia \u201eHenry 3 Etap\u201c sofai suteikti charakter\u012f, kuris papildyt\u0173 konkret\u0173 interjero dizain\u0105.<\/p>\n<p>I\u0161sam\u016bs matmenys: plotis 197 cm, auk\u0161tis 107 cm, gylis 94 cm ir s\u0117dyn\u0117s auk\u0161tis 47 cm. \u0160i sofa, skirta trims \u017emon\u0117ms, \u017eavi ne tik savo i\u0161vaizda, bet ir patogumu kasdienio naudojimo metu. Tai tvirtas, auk\u0161tos kokyb\u0117s gaminys, sukurtas galvojant apie ilgamet\u012f naudojim\u0105.<\/p>","protected":false},"excerpt":{"rendered":"<p>Dydis (cm):<br \/>\nPlotis: 197<br \/>\nGylis: 94<br \/>\n\u016agis: 107<br \/>\nS\u0117dyn\u0117s auk\u0161tis: 47<\/p>","protected":false},"featured_media":207800,"comment_status":"open","ping_status":"closed","template":"","meta":[],"product_brand":[],"product_cat":[9133],"product_tag":[],"class_list":{"0":"post-207776","1":"product","2":"type-product","3":"status-publish","4":"has-post-thumbnail","6":"product_cat-grouped","8":"first","9":"instock","10":"shipping-taxable","11":"purchasable","12":"product-type-variable","13":"wvs-archive-product-wrapper"},"_links":{"self":[{"href":"https:\/\/baldumarket.lt\/lt\/wp-json\/wp\/v2\/product\/207776","targetHints":{"allow":["GET"]}}],"collection":[{"href":"https:\/\/baldumarket.lt\/lt\/wp-json\/wp\/v2\/product"}],"about":[{"href":"https:\/\/baldumarket.lt\/lt\/wp-json\/wp\/v2\/types\/product"}],"replies":[{"embeddable":true,"href":"https:\/\/baldumarket.lt\/lt\/wp-json\/wp\/v2\/comments?post=207776"}],"wp:featuredmedia":[{"embeddable":true,"href":"https:\/\/baldumarket.lt\/lt\/wp-json\/wp\/v2\/media\/207800"}],"wp:attachment":[{"href":"https:\/\/baldumarket.lt\/lt\/wp-json\/wp\/v2\/media?parent=207776"}],"wp:term":[{"taxonomy":"product_brand","embeddable":true,"href":"https:\/\/baldumarket.lt\/lt\/wp-json\/wp\/v2\/product_brand?post=207776"},{"taxonomy":"product_cat","embeddable":true,"href":"https:\/\/baldumarket.lt\/lt\/wp-json\/wp\/v2\/product_cat?post=207776"},{"taxonomy":"product_tag","embeddable":true,"href":"https:\/\/baldumarket.lt\/lt\/wp-json\/wp\/v2\/product_tag?post=207776"}],"curies":[{"name":"wp","href":"https:\/\/api.w.org\/{rel}","templated":true}]}}