{"id":207775,"date":"2025-12-25T23:22:35","date_gmt":"2025-12-25T20:22:35","guid":{"rendered":"https:\/\/baldumarket.lt\/?post_type=product&#038;p=207775"},"modified":"2026-03-05T11:08:27","modified_gmt":"2026-03-05T08:08:27","slug":"hoker-henry-etap-sofa","status":"publish","type":"product","link":"https:\/\/baldumarket.lt\/lt\/product\/hoker-henry-etap-sofa\/","title":{"rendered":"HENRY Etap sofos taburet\u0117"},"content":{"rendered":"<p>\u201eEtap Sofa\u201c Henry taburet\u0117 \u2013 klasikinio stiliaus baldas, puikiai tinkantis tiek kaip pakojis, tiek kaip patogus pufas. D\u0117l universalios formos ji tinka \u012fvairiems interjero dizainams, nesvarbu, ar juose vyrauja modernus, ar tradicinis stilius. Kruop\u0161\u010diai suprojektuotos proporcijos suteikia jai subtili\u0105, ta\u010diau i\u0161skirtin\u0119 i\u0161vaizd\u0105.<br \/>\nYpa\u010d verta pamin\u0117ti s\u0117dyn\u0117s, u\u017epildytos vingiuotomis spyruokl\u0117mis ir didelio elastingumo putomis, patogum\u0105. \u0160is med\u017eiag\u0173 derinys u\u017etikrina mink\u0161tum\u0105, ilgaam\u017ei\u0161kum\u0105 ir komfort\u0105 net ir ilgai naudojant. Papildomas privalumas \u2013 dygsniuota apdaila, kuri pabr\u0117\u017eia d\u0117mes\u012f detal\u0117ms.<br \/>\nTaburet\u0117s konstrukcij\u0105 laiko medin\u0117s kojel\u0117s, kurios gali b\u016bti \u012fvairi\u0173 spalv\u0173: venge, sendintos vy\u0161nios, nat\u016bralaus buko, nat\u016bralaus \u0105\u017euolo, rie\u0161uto, taip pat sidabrin\u0117s arba juodos. Tai leid\u017eia j\u0105 lengvai derinti prie kit\u0173 bald\u0173 ir sukurti darn\u0173 interjero dizain\u0105. \u201eHenry\u201c taburet\u0117 pasi\u017eymi pla\u010diu apdailos pasirinkimu, tod\u0117l j\u0105 galima naudoti kaip subtili\u0105 akcento spalv\u0105 arba kaip ry\u0161k\u0173, dominuojant\u012f erdv\u0117s element\u0105. Nepriklausomai nuo pasirinkto varianto, ji i\u0161laiko auk\u0161tos kokyb\u0117s meistri\u0161kum\u0105 ir ilgaam\u017ei\u0161kum\u0105.<\/p>\n<p>Taburet\u0117s plotis \u2013 57 cm, gylis \u2013 47 cm, o auk\u0161tis \u2013 43 cm, tod\u0117l ji kompakti\u0161ka, ta\u010diau patogi kasdieniam naudojimui. Naudotos med\u017eiagos ir kruop\u0161tus meistri\u0161kumas paver\u010dia \u201eEtap\u201c sof\u0105 investicija \u012f j\u016bs\u0173 erdv\u0117s komfort\u0105 ir estetik\u0105. Tai puikus pasirinkimas tiems, kurie vertina rafinuotus, ta\u010diau patvarius bald\u0173 sprendimus.<\/p>","protected":false},"excerpt":{"rendered":"<p>\u201eEtap Sofa\u201c Henry taburet\u0117 \u2013 klasikinis baldas, puikiai tinkantis kaip pakojis arba patogus pufas. D\u0117l universalios formos ji tinka \u012fvairiems interjero dizainams, nepriklausomai nuo to, ar juose vyrauja modernus, ar tradicinis stilius. Kruop\u0161\u010diai suprojektuotos proporcijos suteikia jai subtili\u0105, ta\u010diau i\u0161skirtin\u0119 i\u0161vaizd\u0105. [\u2026]<\/p>","protected":false},"featured_media":207777,"comment_status":"open","ping_status":"closed","template":"","meta":[],"product_brand":[],"product_cat":[6444,826],"product_tag":[],"class_list":{"0":"post-207775","1":"product","2":"type-product","3":"status-publish","4":"has-post-thumbnail","6":"product_cat-etap-sofa","7":"product_cat-poufs","9":"first","10":"instock","11":"shipping-taxable","12":"product-type-grouped"},"_links":{"self":[{"href":"https:\/\/baldumarket.lt\/lt\/wp-json\/wp\/v2\/product\/207775","targetHints":{"allow":["GET"]}}],"collection":[{"href":"https:\/\/baldumarket.lt\/lt\/wp-json\/wp\/v2\/product"}],"about":[{"href":"https:\/\/baldumarket.lt\/lt\/wp-json\/wp\/v2\/types\/product"}],"replies":[{"embeddable":true,"href":"https:\/\/baldumarket.lt\/lt\/wp-json\/wp\/v2\/comments?post=207775"}],"wp:featuredmedia":[{"embeddable":true,"href":"https:\/\/baldumarket.lt\/lt\/wp-json\/wp\/v2\/media\/207777"}],"wp:attachment":[{"href":"https:\/\/baldumarket.lt\/lt\/wp-json\/wp\/v2\/media?parent=207775"}],"wp:term":[{"taxonomy":"product_brand","embeddable":true,"href":"https:\/\/baldumarket.lt\/lt\/wp-json\/wp\/v2\/product_brand?post=207775"},{"taxonomy":"product_cat","embeddable":true,"href":"https:\/\/baldumarket.lt\/lt\/wp-json\/wp\/v2\/product_cat?post=207775"},{"taxonomy":"product_tag","embeddable":true,"href":"https:\/\/baldumarket.lt\/lt\/wp-json\/wp\/v2\/product_tag?post=207775"}],"curies":[{"name":"wp","href":"https:\/\/api.w.org\/{rel}","templated":true}]}}