{"id":207750,"date":"2025-12-25T23:21:45","date_gmt":"2025-12-25T20:21:45","guid":{"rendered":"https:\/\/baldumarket.lt\/?post_type=product&#038;p=207750"},"modified":"2026-02-03T23:18:02","modified_gmt":"2026-02-03T20:18:02","slug":"hoker-lumber-jack-etap-sofa-skora-l4","status":"publish","type":"product","link":"https:\/\/baldumarket.lt\/lt\/product\/hoker-lumber-jack-etap-sofa-skora-l4\/","title":{"rendered":"Medkir\u010dio laiptelio formos sofa-lova su odine pakopomis L4"},"content":{"rendered":"<p>\u201eEtap Sofa\u201c \u201eLumber Jack\u201c taburet\u0117 \u2013 puikus pasirinkimas tiems, kurie vertina auk\u0161tos kokyb\u0117s meistri\u0161kum\u0105 ir subtil\u0173, skandinavi\u0161ko dizaino \u012fkv\u0117pt\u0105 dizain\u0105. Apvalios formos suteikia jai \u0161velnaus charakterio ir esteti\u0161k\u0105 akcent\u0105 bet kuriame interjere. Sukurtas atsi\u017evelgiant \u012f patogum\u0105 ir ilgaam\u017ei\u0161kum\u0105, \u0161is modelis puikiai tinka poilsio erdv\u0117ms.<\/p>\n<p>K\u0117d\u0117s konstrukcija paremta tvirtu s\u0117dyn\u0117s pamink\u0161tinimu su banguota spyruokle, padengta poliuretano putomis. \u0160is sprendimas u\u017etikrina pakankam\u0105 elastingum\u0105 ir komfort\u0105, i\u0161laikant originali\u0105 baldo form\u0105 ilgus metus. Visas baldas stovi ant medini\u0173 kojeli\u0173, kurios suteikia konstrukcijai lengvumo ir stabilumo.<\/p>\n<p>\u201eLumber Jack\u201c modelis puikiai dera prie tos pa\u010dios kolekcijos kampin\u0117s sofos arba gali b\u016bti naudojamas kaip atskira s\u0117dyn\u0117, pufas ar pakojis. D\u0117l savo universalios formos taburet\u0117 gali b\u016bti naudojama \u012fvairiose aplinkose \u2013 nuo modernaus iki klasikinio. \u0160is baldas traukia d\u0117mes\u012f subtiliomis detal\u0117mis ir gerai apgalvotu dizainu. Taburet\u0117s matmenys kruop\u0161\u010diai parinkti atsi\u017evelgiant \u012f ergonomik\u0105 ir proporcijas \u2013 123 cm plotis, 74 cm gylis ir 45 cm auk\u0161tis u\u017etikrina patog\u0173 naudojim\u0105 tiek ma\u017eesn\u0117se, tiek didesn\u0117se erdv\u0117se. Toks dydis leid\u017eia jai atlikti \u012fvairius vaidmenis, priklausomai nuo naudotojo poreiki\u0173.<\/p>\n<p>\u201eLumber Jack\u201c taburet\u0117 si\u016bloma i\u0161skirtinai su apmu\u0161tu audiniu ir pla\u010diu spalv\u0173 gamu, tod\u0117l j\u0105 galima priderinti prie bet kokio interjero stiliaus. Gamintojas taip pat si\u016blo \u012fvairi\u0173 spalv\u0173 kojeles: venge, sendinta vy\u0161nia, nat\u016bralus bukas, nat\u016bralus \u0105\u017euolas, rie\u0161utmedis, sidabrin\u0117 ir juoda. Kruop\u0161tus meistri\u0161kumas ir d\u0117mesys detal\u0117ms garantuoja bald\u0173 ilgaam\u017ei\u0161kum\u0105.<\/p>","protected":false},"excerpt":{"rendered":"<p>Dydis (cm):<br \/>\nPlotis: 123<br \/>\nGylis: 74<br \/>\n\u016agis: 45<\/p>","protected":false},"featured_media":207764,"comment_status":"open","ping_status":"closed","template":"","meta":[],"product_brand":[],"product_cat":[9133],"product_tag":[],"class_list":{"0":"post-207750","1":"product","2":"type-product","3":"status-publish","4":"has-post-thumbnail","6":"product_cat-grouped","8":"first","9":"instock","10":"shipping-taxable","11":"purchasable","12":"product-type-variable","13":"wvs-archive-product-wrapper"},"_links":{"self":[{"href":"https:\/\/baldumarket.lt\/lt\/wp-json\/wp\/v2\/product\/207750","targetHints":{"allow":["GET"]}}],"collection":[{"href":"https:\/\/baldumarket.lt\/lt\/wp-json\/wp\/v2\/product"}],"about":[{"href":"https:\/\/baldumarket.lt\/lt\/wp-json\/wp\/v2\/types\/product"}],"replies":[{"embeddable":true,"href":"https:\/\/baldumarket.lt\/lt\/wp-json\/wp\/v2\/comments?post=207750"}],"wp:featuredmedia":[{"embeddable":true,"href":"https:\/\/baldumarket.lt\/lt\/wp-json\/wp\/v2\/media\/207764"}],"wp:attachment":[{"href":"https:\/\/baldumarket.lt\/lt\/wp-json\/wp\/v2\/media?parent=207750"}],"wp:term":[{"taxonomy":"product_brand","embeddable":true,"href":"https:\/\/baldumarket.lt\/lt\/wp-json\/wp\/v2\/product_brand?post=207750"},{"taxonomy":"product_cat","embeddable":true,"href":"https:\/\/baldumarket.lt\/lt\/wp-json\/wp\/v2\/product_cat?post=207750"},{"taxonomy":"product_tag","embeddable":true,"href":"https:\/\/baldumarket.lt\/lt\/wp-json\/wp\/v2\/product_tag?post=207750"}],"curies":[{"name":"wp","href":"https:\/\/api.w.org\/{rel}","templated":true}]}}