{"id":207719,"date":"2025-12-25T23:19:58","date_gmt":"2025-12-25T20:19:58","guid":{"rendered":"https:\/\/baldumarket.lt\/?post_type=product&#038;p=207719"},"modified":"2026-02-03T23:18:04","modified_gmt":"2026-02-03T20:18:04","slug":"naroznik-lumber-jack-3-otm-etap-sofa-gr5","status":"publish","type":"product","link":"https:\/\/baldumarket.lt\/lt\/product\/naroznik-lumber-jack-3-otm-etap-sofa-gr5\/","title":{"rendered":"\u201eLumber Jack 3-OTM\u201c kampin\u0117 sofa su laipteliais Gr5"},"content":{"rendered":"<p>\u201eEtap Sofa\u201c kampin\u0117 sofa \u201eLumber Jack\u201c \u2013 puikus pasirinkimas tiems, kurie vertina i\u0161skirtines formas ir auk\u0161tos kokyb\u0117s meistri\u0161kum\u0105. Apvalios jos formos traukia ak\u012f, suteikia jai unikalaus charakterio ir subtilumo. Kruop\u0161\u010diai apgalvota konstrukcija puikiai tinka lofto stiliaus ir modernioms erdv\u0117ms.<\/p>\n<p>Konstrukcija stovi ant medini\u0173 kojeli\u0173, kurios pabr\u0117\u017eia jos skandinavi\u0161k\u0105 stili\u0173 ir u\u017etikrina tinkam\u0105 oro cirkuliacij\u0105, ypa\u010d svarbu kambariuose su grindiniu \u0161ildymu. Auk\u0161tos kojel\u0117s suteikia sofai lengvumo poj\u016bt\u012f ir palengvina valym\u0105 po apa\u010dia.<\/p>\n<p>Kruop\u0161\u010diai suprojektuota s\u0117dyn\u0117, paremta vingiuotomis spyruokl\u0117mis, padengtomis poliuretano putomis, u\u017etikrina auk\u0161t\u0105 komforto lyg\u012f. \u0160is derinys garantuoja tvirtum\u0105 ir ilgaam\u017ei\u0161kum\u0105, taip pat komfort\u0105 kasdienio naudojimo metu. Atlo\u0161as, pagamintas i\u0161 poliuretano put\u0173 ir granul\u0117mis u\u017epildyt\u0173 pagalv\u0117li\u0173, suteikia tinkam\u0105 nugaros atram\u0105.<\/p>\n<p>\u201eLumber Jack\u201c modelis yra L formos ir si\u016blomas kair\u0117s arba de\u0161in\u0117s pus\u0117s versijomis, tod\u0117l j\u012f galima pritaikyti prie konkretaus kambario i\u0161planavimo. Vartotojai gali rinktis i\u0161 \u012fvairi\u0173 koj\u0173 spalv\u0173: venge, sendinto vy\u0161nios, nat\u016bralaus buko, nat\u016bralaus \u0105\u017euolo, rie\u0161uto, sidabro arba juodos. Be to, kampin\u0117 sofa si\u016blo plat\u0173 apmu\u0161al\u0173 audini\u0173 pasirinkim\u0105, leid\u017eiant\u012f sukurti unikal\u0173 interjer\u0105.<\/p>\n<p>Sofos matmenys: plotis \u2013 291 cm, auk\u0161tis \u2013 76 cm, gylis \u2013 201 cm, o s\u0117dyn\u0117s auk\u0161tis \u2013 44 cm. Kiekviena detal\u0117 kruop\u0161\u010diai apgalvota, siekiant patvarumo ir estetikos, tod\u0117l \u201eLumber Jack\u201c kampin\u0117 sofa yra solidus ir \u012fsp\u016bdingas bet kurios svetain\u0117s akcentas.<\/p>","protected":false},"excerpt":{"rendered":"<p>Dydis (cm):<br \/>\nPlotis: 291<br \/>\nGylis: 201<br \/>\n\u016agis: 76<br \/>\nS\u0117dyn\u0117s auk\u0161tis: 44<\/p>","protected":false},"featured_media":207737,"comment_status":"open","ping_status":"closed","template":"","meta":[],"product_brand":[],"product_cat":[9133],"product_tag":[],"class_list":{"0":"post-207719","1":"product","2":"type-product","3":"status-publish","4":"has-post-thumbnail","6":"product_cat-grouped","8":"first","9":"instock","10":"shipping-taxable","11":"purchasable","12":"product-type-variable","13":"wvs-archive-product-wrapper"},"_links":{"self":[{"href":"https:\/\/baldumarket.lt\/lt\/wp-json\/wp\/v2\/product\/207719","targetHints":{"allow":["GET"]}}],"collection":[{"href":"https:\/\/baldumarket.lt\/lt\/wp-json\/wp\/v2\/product"}],"about":[{"href":"https:\/\/baldumarket.lt\/lt\/wp-json\/wp\/v2\/types\/product"}],"replies":[{"embeddable":true,"href":"https:\/\/baldumarket.lt\/lt\/wp-json\/wp\/v2\/comments?post=207719"}],"wp:featuredmedia":[{"embeddable":true,"href":"https:\/\/baldumarket.lt\/lt\/wp-json\/wp\/v2\/media\/207737"}],"wp:attachment":[{"href":"https:\/\/baldumarket.lt\/lt\/wp-json\/wp\/v2\/media?parent=207719"}],"wp:term":[{"taxonomy":"product_brand","embeddable":true,"href":"https:\/\/baldumarket.lt\/lt\/wp-json\/wp\/v2\/product_brand?post=207719"},{"taxonomy":"product_cat","embeddable":true,"href":"https:\/\/baldumarket.lt\/lt\/wp-json\/wp\/v2\/product_cat?post=207719"},{"taxonomy":"product_tag","embeddable":true,"href":"https:\/\/baldumarket.lt\/lt\/wp-json\/wp\/v2\/product_tag?post=207719"}],"curies":[{"name":"wp","href":"https:\/\/api.w.org\/{rel}","templated":true}]}}